{"id":1019,"date":"2019-11-22T12:02:32","date_gmt":"2019-11-22T11:02:32","guid":{"rendered":"http:\/\/lzommcr.cluster031.hosting.ovh.net\/?page_id=1019"},"modified":"2024-01-27T17:22:53","modified_gmt":"2024-01-27T16:22:53","slug":"moj-pierwszy-turniej","status":"publish","type":"page","link":"https:\/\/4tutti.pl\/?page_id=1019","title":{"rendered":"M\u00f3j pierwszy turniej"},"content":{"rendered":"<p>Serdecznie zapraszamy Ma\u0142ych i Du\u017cych na Miko\u0142ajkowy Turniej Taneczny. Dla Ma\u0142ych b\u0119dzie to pierwszy turniej taneczny&nbsp;<img decoding=\"async\" class=\"emoji\" role=\"img\" draggable=\"false\" src=\"https:\/\/s.w.org\/images\/core\/emoji\/14.0.0\/svg\/1f642.svg\" alt=\"\ud83d\ude42\"><\/p>\n<p>Turniej odb\u0119dzie w pi\u0105tek 17 grudnia br. Zabaw\u0119 rozpoczynamy o godz. 17&nbsp;<img decoding=\"async\" class=\"emoji\" role=\"img\" draggable=\"false\" src=\"https:\/\/s.w.org\/images\/core\/emoji\/14.0.0\/svg\/1f642.svg\" alt=\"\ud83d\ude42\"><\/p>\n<p>Opr\u00f3cz pokaz\u00f3w tanecznych przyb\u0119dzie do NAS Miko\u0142aj z \u2026\u2026<\/p>\n<p>ZAPRASZAMY<\/p>\n<p><img loading=\"lazy\" decoding=\"async\" class=\"alignnone wp-image-1020 size-full\" src=\"https:\/\/4tutti.pl\/wp-content\/uploads\/2022\/11\/TURNIEJ-MIKOLAJKI-1-724x1024-1.jpg\" alt=\"\" width=\"724\" height=\"1024\" srcset=\"https:\/\/4tutti.pl\/wp-content\/uploads\/2022\/11\/TURNIEJ-MIKOLAJKI-1-724x1024-1.jpg 724w, https:\/\/4tutti.pl\/wp-content\/uploads\/2022\/11\/TURNIEJ-MIKOLAJKI-1-724x1024-1-212x300.jpg 212w\" sizes=\"auto, (max-width: 724px) 100vw, 724px\" \/><\/p>\n","protected":false},"excerpt":{"rendered":"<p>Serdecznie zapraszamy Ma\u0142ych i Du\u017cych na Miko\u0142ajkowy Turniej Taneczny. Dla Ma\u0142ych b\u0119dzie to pierwszy turniej taneczny&nbsp; Turniej odb\u0119dzie w pi\u0105tek 17 grudnia br. Zabaw\u0119 rozpoczynamy o godz. 17&nbsp; Opr\u00f3cz pokaz\u00f3w tanecznych przyb\u0119dzie do NAS Miko\u0142aj z \u2026\u2026 ZAPRASZAMY<\/p>\n","protected":false},"author":1,"featured_media":1020,"parent":3089,"menu_order":0,"comment_status":"closed","ping_status":"closed","template":"","meta":{"ngg_post_thumbnail":0,"footnotes":""},"class_list":["post-1019","page","type-page","status-publish","has-post-thumbnail","hentry"],"yoast_head":"<!-- This site is optimized with the Yoast SEO plugin v19.8 - https:\/\/yoast.com\/wordpress\/plugins\/seo\/ -->\n<title>M\u00f3j pierwszy turniej - Stowarzyszenie 4tutti<\/title>\n<meta name=\"robots\" content=\"index, follow, max-snippet:-1, max-image-preview:large, max-video-preview:-1\" \/>\n<link rel=\"canonical\" href=\"https:\/\/4tutti.pl\/?page_id=1019\" \/>\n<meta property=\"og:locale\" content=\"pl_PL\" \/>\n<meta property=\"og:type\" content=\"article\" \/>\n<meta property=\"og:title\" content=\"M\u00f3j pierwszy turniej - Stowarzyszenie 4tutti\" \/>\n<meta property=\"og:description\" content=\"Serdecznie zapraszamy Ma\u0142ych i Du\u017cych na Miko\u0142ajkowy Turniej Taneczny. Dla Ma\u0142ych b\u0119dzie to pierwszy turniej taneczny&nbsp; Turniej odb\u0119dzie w pi\u0105tek 17 grudnia br. Zabaw\u0119 rozpoczynamy o godz. 17&nbsp; Opr\u00f3cz pokaz\u00f3w tanecznych przyb\u0119dzie do NAS Miko\u0142aj z \u2026\u2026 ZAPRASZAMY\" \/>\n<meta property=\"og:url\" content=\"https:\/\/4tutti.pl\/?page_id=1019\" \/>\n<meta property=\"og:site_name\" content=\"Stowarzyszenie 4tutti\" \/>\n<meta property=\"article:modified_time\" content=\"2024-01-27T16:22:53+00:00\" \/>\n<meta property=\"og:image\" content=\"https:\/\/4tutti.pl\/wp-content\/uploads\/2022\/11\/TURNIEJ-MIKOLAJKI-1-724x1024-1.jpg\" \/>\n\t<meta property=\"og:image:width\" content=\"724\" \/>\n\t<meta property=\"og:image:height\" content=\"1024\" \/>\n\t<meta property=\"og:image:type\" content=\"image\/jpeg\" \/>\n<meta name=\"twitter:card\" content=\"summary_large_image\" \/>\n<meta name=\"twitter:label1\" content=\"Szacowany czas czytania\" \/>\n\t<meta name=\"twitter:data1\" content=\"1 minuta\" \/>\n<script type=\"application\/ld+json\" class=\"yoast-schema-graph\">{\"@context\":\"https:\/\/schema.org\",\"@graph\":[{\"@type\":\"WebPage\",\"@id\":\"https:\/\/4tutti.pl\/?page_id=1019\",\"url\":\"https:\/\/4tutti.pl\/?page_id=1019\",\"name\":\"M\u00f3j pierwszy turniej - Stowarzyszenie 4tutti\",\"isPartOf\":{\"@id\":\"https:\/\/4tutti.pl\/#website\"},\"datePublished\":\"2019-11-22T11:02:32+00:00\",\"dateModified\":\"2024-01-27T16:22:53+00:00\",\"breadcrumb\":{\"@id\":\"https:\/\/4tutti.pl\/?page_id=1019#breadcrumb\"},\"inLanguage\":\"pl-PL\",\"potentialAction\":[{\"@type\":\"ReadAction\",\"target\":[\"https:\/\/4tutti.pl\/?page_id=1019\"]}]},{\"@type\":\"BreadcrumbList\",\"@id\":\"https:\/\/4tutti.pl\/?page_id=1019#breadcrumb\",\"itemListElement\":[{\"@type\":\"ListItem\",\"position\":1,\"name\":\"Strona g\u0142\u00f3wna\",\"item\":\"https:\/\/4tutti.pl\/\"},{\"@type\":\"ListItem\",\"position\":2,\"name\":\"Aktualno\u015bci\",\"item\":\"https:\/\/4tutti.pl\/?page_id=525\"},{\"@type\":\"ListItem\",\"position\":3,\"name\":\"TURNIEJE\",\"item\":\"https:\/\/4tutti.pl\/?page_id=3089\"},{\"@type\":\"ListItem\",\"position\":4,\"name\":\"M\u00f3j pierwszy turniej\"}]},{\"@type\":\"WebSite\",\"@id\":\"https:\/\/4tutti.pl\/#website\",\"url\":\"https:\/\/4tutti.pl\/\",\"name\":\"Stowarzyszenie 4tutti\",\"description\":\"P\u00f3\u0142kolonie, warsztaty dla dzieci\",\"potentialAction\":[{\"@type\":\"SearchAction\",\"target\":{\"@type\":\"EntryPoint\",\"urlTemplate\":\"https:\/\/4tutti.pl\/?s={search_term_string}\"},\"query-input\":\"required name=search_term_string\"}],\"inLanguage\":\"pl-PL\"}]}<\/script>\n<!-- \/ Yoast SEO plugin. -->","yoast_head_json":{"title":"M\u00f3j pierwszy turniej - Stowarzyszenie 4tutti","robots":{"index":"index","follow":"follow","max-snippet":"max-snippet:-1","max-image-preview":"max-image-preview:large","max-video-preview":"max-video-preview:-1"},"canonical":"https:\/\/4tutti.pl\/?page_id=1019","og_locale":"pl_PL","og_type":"article","og_title":"M\u00f3j pierwszy turniej - Stowarzyszenie 4tutti","og_description":"Serdecznie zapraszamy Ma\u0142ych i Du\u017cych na Miko\u0142ajkowy Turniej Taneczny. Dla Ma\u0142ych b\u0119dzie to pierwszy turniej taneczny&nbsp; Turniej odb\u0119dzie w pi\u0105tek 17 grudnia br. Zabaw\u0119 rozpoczynamy o godz. 17&nbsp; Opr\u00f3cz pokaz\u00f3w tanecznych przyb\u0119dzie do NAS Miko\u0142aj z \u2026\u2026 ZAPRASZAMY","og_url":"https:\/\/4tutti.pl\/?page_id=1019","og_site_name":"Stowarzyszenie 4tutti","article_modified_time":"2024-01-27T16:22:53+00:00","og_image":[{"width":724,"height":1024,"url":"https:\/\/4tutti.pl\/wp-content\/uploads\/2022\/11\/TURNIEJ-MIKOLAJKI-1-724x1024-1.jpg","type":"image\/jpeg"}],"twitter_card":"summary_large_image","twitter_misc":{"Szacowany czas czytania":"1 minuta"},"schema":{"@context":"https:\/\/schema.org","@graph":[{"@type":"WebPage","@id":"https:\/\/4tutti.pl\/?page_id=1019","url":"https:\/\/4tutti.pl\/?page_id=1019","name":"M\u00f3j pierwszy turniej - Stowarzyszenie 4tutti","isPartOf":{"@id":"https:\/\/4tutti.pl\/#website"},"datePublished":"2019-11-22T11:02:32+00:00","dateModified":"2024-01-27T16:22:53+00:00","breadcrumb":{"@id":"https:\/\/4tutti.pl\/?page_id=1019#breadcrumb"},"inLanguage":"pl-PL","potentialAction":[{"@type":"ReadAction","target":["https:\/\/4tutti.pl\/?page_id=1019"]}]},{"@type":"BreadcrumbList","@id":"https:\/\/4tutti.pl\/?page_id=1019#breadcrumb","itemListElement":[{"@type":"ListItem","position":1,"name":"Strona g\u0142\u00f3wna","item":"https:\/\/4tutti.pl\/"},{"@type":"ListItem","position":2,"name":"Aktualno\u015bci","item":"https:\/\/4tutti.pl\/?page_id=525"},{"@type":"ListItem","position":3,"name":"TURNIEJE","item":"https:\/\/4tutti.pl\/?page_id=3089"},{"@type":"ListItem","position":4,"name":"M\u00f3j pierwszy turniej"}]},{"@type":"WebSite","@id":"https:\/\/4tutti.pl\/#website","url":"https:\/\/4tutti.pl\/","name":"Stowarzyszenie 4tutti","description":"P\u00f3\u0142kolonie, warsztaty dla dzieci","potentialAction":[{"@type":"SearchAction","target":{"@type":"EntryPoint","urlTemplate":"https:\/\/4tutti.pl\/?s={search_term_string}"},"query-input":"required name=search_term_string"}],"inLanguage":"pl-PL"}]}},"_links":{"self":[{"href":"https:\/\/4tutti.pl\/index.php?rest_route=\/wp\/v2\/pages\/1019","targetHints":{"allow":["GET"]}}],"collection":[{"href":"https:\/\/4tutti.pl\/index.php?rest_route=\/wp\/v2\/pages"}],"about":[{"href":"https:\/\/4tutti.pl\/index.php?rest_route=\/wp\/v2\/types\/page"}],"author":[{"embeddable":true,"href":"https:\/\/4tutti.pl\/index.php?rest_route=\/wp\/v2\/users\/1"}],"replies":[{"embeddable":true,"href":"https:\/\/4tutti.pl\/index.php?rest_route=%2Fwp%2Fv2%2Fcomments&post=1019"}],"version-history":[{"count":3,"href":"https:\/\/4tutti.pl\/index.php?rest_route=\/wp\/v2\/pages\/1019\/revisions"}],"predecessor-version":[{"id":1383,"href":"https:\/\/4tutti.pl\/index.php?rest_route=\/wp\/v2\/pages\/1019\/revisions\/1383"}],"up":[{"embeddable":true,"href":"https:\/\/4tutti.pl\/index.php?rest_route=\/wp\/v2\/pages\/3089"}],"wp:featuredmedia":[{"embeddable":true,"href":"https:\/\/4tutti.pl\/index.php?rest_route=\/wp\/v2\/media\/1020"}],"wp:attachment":[{"href":"https:\/\/4tutti.pl\/index.php?rest_route=%2Fwp%2Fv2%2Fmedia&parent=1019"}],"curies":[{"name":"wp","href":"https:\/\/api.w.org\/{rel}","templated":true}]}}