{"id":1059,"date":"2022-12-03T12:40:04","date_gmt":"2022-12-03T11:40:04","guid":{"rendered":"http:\/\/lzommcr.cluster031.hosting.ovh.net\/?page_id=1059"},"modified":"2024-11-12T17:43:53","modified_gmt":"2024-11-12T16:43:53","slug":"obozy","status":"publish","type":"page","link":"https:\/\/4tutti.pl\/?page_id=1059","title":{"rendered":"Obozy"},"content":{"rendered":"<div class=\"ngg-albumoverview default-view\">\n            <div class=\"ngg-album\">\n            <div class=\"ngg-albumcontent\">\n                <div class=\"ngg-thumbnail\">\n                    <a class='gallery_link' href='https:\/\/4tutti.pl\/index.php\/nggallery\/obozy\/2025-oboz-letni?page_id=1059'>\n                        <img class=\"Thumb\"\n                             alt=\"2025 OB\u00d3Z  LETNI\"\n                             src=\"https:\/\/4tutti.pl\/wp-content\/gallery\/2025-oboz-letni\/cache\/536275648_1081413867410995_14908363460873748_n.jpg-nggid043988-ngg0dyn-300x200x100-00f0w010c011r110f110r010t010.jpg\"\/>\n                    <\/a>\n                <\/div>\n                <div class=\"ngg-albumtitle\">\n                  <a class='gallery_link' href='https:\/\/4tutti.pl\/index.php\/nggallery\/obozy\/2025-oboz-letni?page_id=1059'>2025 OB\u00d3Z  LETNI<\/a>\n                <\/div>\n                <div class=\"ngg-description\">\n                    <p><\/p>\n                                            <p class=\"ngg-album-gallery-image-counter\"><strong>90<\/strong>&nbsp;Zdj\u0119\u0107<\/p>\n                                    <\/div>\n            <\/div>\n        <\/div>\n            <div class=\"ngg-album\">\n            <div class=\"ngg-albumcontent\">\n                <div class=\"ngg-thumbnail\">\n                    <a class='gallery_link' href='https:\/\/4tutti.pl\/index.php\/nggallery\/obozy\/2025-oboz-zimowy?page_id=1059'>\n                        <img class=\"Thumb\"\n                             alt=\"2025 OB\u00d3Z ZIMOWY\"\n                             src=\"https:\/\/4tutti.pl\/wp-content\/gallery\/2025-oboz-zimowy\/cache\/IMG_5234.JPG-nggid043083-ngg0dyn-300x200x100-00f0w010c011r110f110r010t010.JPG\"\/>\n                    <\/a>\n                <\/div>\n                <div class=\"ngg-albumtitle\">\n                  <a class='gallery_link' href='https:\/\/4tutti.pl\/index.php\/nggallery\/obozy\/2025-oboz-zimowy?page_id=1059'>2025 OB\u00d3Z ZIMOWY<\/a>\n                <\/div>\n                <div class=\"ngg-description\">\n                    <p><\/p>\n                                            <p class=\"ngg-album-gallery-image-counter\"><strong>123<\/strong>&nbsp;Zdj\u0119\u0107<\/p>\n                                    <\/div>\n            <\/div>\n        <\/div>\n            <div class=\"ngg-album\">\n            <div class=\"ngg-albumcontent\">\n                <div class=\"ngg-thumbnail\">\n                    <a class='gallery_link' href='https:\/\/4tutti.pl\/index.php\/nggallery\/obozy\/2024-oboz-letni?page_id=1059'>\n                        <img class=\"Thumb\"\n                             alt=\"2024 OB\u00d3Z  LETNI\"\n                             src=\"https:\/\/4tutti.pl\/wp-content\/gallery\/2024-oboz-letni\/cache\/5895632454407012812.jpg-nggid042641-ngg0dyn-300x200x100-00f0w010c011r110f110r010t010.jpg\"\/>\n                    <\/a>\n                <\/div>\n                <div class=\"ngg-albumtitle\">\n                  <a class='gallery_link' href='https:\/\/4tutti.pl\/index.php\/nggallery\/obozy\/2024-oboz-letni?page_id=1059'>2024 OB\u00d3Z  LETNI<\/a>\n                <\/div>\n                <div class=\"ngg-description\">\n                    <p><\/p>\n                                            <p class=\"ngg-album-gallery-image-counter\"><strong>112<\/strong>&nbsp;Zdj\u0119\u0107<\/p>\n                                    <\/div>\n            <\/div>\n        <\/div>\n            <div class=\"ngg-album\">\n            <div class=\"ngg-albumcontent\">\n                <div class=\"ngg-thumbnail\">\n                    <a class='gallery_link' href='https:\/\/4tutti.pl\/index.php\/nggallery\/obozy\/2024-oboz-zimowy?page_id=1059'>\n                        <img class=\"Thumb\"\n                             alt=\"2024  OB\u00d3Z ZIMOWY\"\n                             src=\"https:\/\/4tutti.pl\/wp-content\/gallery\/2024-oboz-ziomowy-z-4tutti\/cache\/1708506253118.jpg-nggid041674-ngg0dyn-300x200x100-00f0w010c011r110f110r010t010.jpg\"\/>\n                    <\/a>\n                <\/div>\n                <div class=\"ngg-albumtitle\">\n                  <a class='gallery_link' href='https:\/\/4tutti.pl\/index.php\/nggallery\/obozy\/2024-oboz-zimowy?page_id=1059'>2024  OB\u00d3Z ZIMOWY<\/a>\n                <\/div>\n                <div class=\"ngg-description\">\n                    <p><\/p>\n                                            <p class=\"ngg-album-gallery-image-counter\"><strong>44<\/strong>&nbsp;Zdj\u0119\u0107<\/p>\n                                    <\/div>\n            <\/div>\n        <\/div>\n            <div class=\"ngg-album\">\n            <div class=\"ngg-albumcontent\">\n                <div class=\"ngg-thumbnail\">\n                    <a class='gallery_link' href='https:\/\/4tutti.pl\/index.php\/nggallery\/obozy\/2023-oboz-letni?page_id=1059'>\n                        <img class=\"Thumb\"\n                             alt=\"2023 OB\u00d3Z LETNI\"\n                             src=\"https:\/\/4tutti.pl\/wp-content\/gallery\/2023-oboz-letni\/cache\/IMG_20230829_174646_793.jpg-nggid041283-ngg0dyn-300x200x100-00f0w010c011r110f110r010t010.jpg\"\/>\n                    <\/a>\n                <\/div>\n                <div class=\"ngg-albumtitle\">\n                  <a class='gallery_link' href='https:\/\/4tutti.pl\/index.php\/nggallery\/obozy\/2023-oboz-letni?page_id=1059'>2023 OB\u00d3Z LETNI<\/a>\n                <\/div>\n                <div class=\"ngg-description\">\n                    <p><\/p>\n                                            <p class=\"ngg-album-gallery-image-counter\"><strong>50<\/strong>&nbsp;Zdj\u0119\u0107<\/p>\n                                    <\/div>\n            <\/div>\n        <\/div>\n        <div class='ngg-navigation'><span class='current'>1<\/span>\n<a class='page-numbers' data-pageid='2' href='https:\/\/4tutti.pl\/index.php\/nggallery\/page\/2?page_id=1059'>2<\/a>\n<a class='prev' href='https:\/\/4tutti.pl\/index.php\/nggallery\/page\/2?page_id=1059' data-pageid=2>&#9658;<\/a><\/div><\/div>\n\n","protected":false},"excerpt":{"rendered":"2025 OB\u00d3Z LETNI 90&nbsp;Zdj\u0119\u0107 2025 OB\u00d3Z ZIMOWY 123&nbsp;Zdj\u0119\u0107 2024 OB\u00d3Z LETNI 112&nbsp;Zdj\u0119\u0107 2024 OB\u00d3Z ZIMOWY 44&nbsp;Zdj\u0119\u0107 2023 OB\u00d3Z LETNI 50&nbsp;Zdj\u0119\u0107 1 2 &#9658;","protected":false},"author":1,"featured_media":4533,"parent":466,"menu_order":0,"comment_status":"closed","ping_status":"closed","template":"","meta":{"ngg_post_thumbnail":0,"footnotes":""},"class_list":["post-1059","page","type-page","status-publish","has-post-thumbnail","hentry"],"yoast_head":"<!-- This site is optimized with the Yoast SEO plugin v19.8 - https:\/\/yoast.com\/wordpress\/plugins\/seo\/ -->\n<title>Obozy - Stowarzyszenie 4tutti<\/title>\n<meta name=\"robots\" content=\"index, follow, max-snippet:-1, max-image-preview:large, max-video-preview:-1\" \/>\n<link rel=\"canonical\" href=\"https:\/\/4tutti.pl\/?page_id=1059\" \/>\n<meta property=\"og:locale\" content=\"pl_PL\" \/>\n<meta property=\"og:type\" content=\"article\" \/>\n<meta property=\"og:title\" content=\"Obozy - Stowarzyszenie 4tutti\" \/>\n<meta property=\"og:url\" content=\"https:\/\/4tutti.pl\/?page_id=1059\" \/>\n<meta property=\"og:site_name\" content=\"Stowarzyszenie 4tutti\" \/>\n<meta property=\"article:modified_time\" content=\"2024-11-12T16:43:53+00:00\" \/>\n<meta property=\"og:image\" content=\"https:\/\/4tutti.pl\/wp-content\/uploads\/2024\/11\/image_123650291-10.jpg\" \/>\n\t<meta property=\"og:image:width\" content=\"1280\" \/>\n\t<meta property=\"og:image:height\" content=\"1280\" \/>\n\t<meta property=\"og:image:type\" content=\"image\/jpeg\" \/>\n<meta name=\"twitter:card\" content=\"summary_large_image\" \/>\n<meta name=\"twitter:label1\" content=\"Szacowany czas czytania\" \/>\n\t<meta name=\"twitter:data1\" content=\"1 minuta\" \/>\n<script type=\"application\/ld+json\" class=\"yoast-schema-graph\">{\"@context\":\"https:\/\/schema.org\",\"@graph\":[{\"@type\":\"WebPage\",\"@id\":\"https:\/\/4tutti.pl\/?page_id=1059\",\"url\":\"https:\/\/4tutti.pl\/?page_id=1059\",\"name\":\"Obozy - Stowarzyszenie 4tutti\",\"isPartOf\":{\"@id\":\"https:\/\/4tutti.pl\/#website\"},\"datePublished\":\"2022-12-03T11:40:04+00:00\",\"dateModified\":\"2024-11-12T16:43:53+00:00\",\"breadcrumb\":{\"@id\":\"https:\/\/4tutti.pl\/?page_id=1059#breadcrumb\"},\"inLanguage\":\"pl-PL\",\"potentialAction\":[{\"@type\":\"ReadAction\",\"target\":[\"https:\/\/4tutti.pl\/?page_id=1059\"]}]},{\"@type\":\"BreadcrumbList\",\"@id\":\"https:\/\/4tutti.pl\/?page_id=1059#breadcrumb\",\"itemListElement\":[{\"@type\":\"ListItem\",\"position\":1,\"name\":\"Strona g\u0142\u00f3wna\",\"item\":\"https:\/\/4tutti.pl\/\"},{\"@type\":\"ListItem\",\"position\":2,\"name\":\"Galeria\",\"item\":\"https:\/\/4tutti.pl\/?page_id=466\"},{\"@type\":\"ListItem\",\"position\":3,\"name\":\"Obozy\"}]},{\"@type\":\"WebSite\",\"@id\":\"https:\/\/4tutti.pl\/#website\",\"url\":\"https:\/\/4tutti.pl\/\",\"name\":\"Stowarzyszenie 4tutti\",\"description\":\"P\u00f3\u0142kolonie, warsztaty dla dzieci\",\"potentialAction\":[{\"@type\":\"SearchAction\",\"target\":{\"@type\":\"EntryPoint\",\"urlTemplate\":\"https:\/\/4tutti.pl\/?s={search_term_string}\"},\"query-input\":\"required name=search_term_string\"}],\"inLanguage\":\"pl-PL\"}]}<\/script>\n<!-- \/ Yoast SEO plugin. -->","yoast_head_json":{"title":"Obozy - Stowarzyszenie 4tutti","robots":{"index":"index","follow":"follow","max-snippet":"max-snippet:-1","max-image-preview":"max-image-preview:large","max-video-preview":"max-video-preview:-1"},"canonical":"https:\/\/4tutti.pl\/?page_id=1059","og_locale":"pl_PL","og_type":"article","og_title":"Obozy - Stowarzyszenie 4tutti","og_url":"https:\/\/4tutti.pl\/?page_id=1059","og_site_name":"Stowarzyszenie 4tutti","article_modified_time":"2024-11-12T16:43:53+00:00","og_image":[{"width":1280,"height":1280,"url":"https:\/\/4tutti.pl\/wp-content\/uploads\/2024\/11\/image_123650291-10.jpg","type":"image\/jpeg"}],"twitter_card":"summary_large_image","twitter_misc":{"Szacowany czas czytania":"1 minuta"},"schema":{"@context":"https:\/\/schema.org","@graph":[{"@type":"WebPage","@id":"https:\/\/4tutti.pl\/?page_id=1059","url":"https:\/\/4tutti.pl\/?page_id=1059","name":"Obozy - Stowarzyszenie 4tutti","isPartOf":{"@id":"https:\/\/4tutti.pl\/#website"},"datePublished":"2022-12-03T11:40:04+00:00","dateModified":"2024-11-12T16:43:53+00:00","breadcrumb":{"@id":"https:\/\/4tutti.pl\/?page_id=1059#breadcrumb"},"inLanguage":"pl-PL","potentialAction":[{"@type":"ReadAction","target":["https:\/\/4tutti.pl\/?page_id=1059"]}]},{"@type":"BreadcrumbList","@id":"https:\/\/4tutti.pl\/?page_id=1059#breadcrumb","itemListElement":[{"@type":"ListItem","position":1,"name":"Strona g\u0142\u00f3wna","item":"https:\/\/4tutti.pl\/"},{"@type":"ListItem","position":2,"name":"Galeria","item":"https:\/\/4tutti.pl\/?page_id=466"},{"@type":"ListItem","position":3,"name":"Obozy"}]},{"@type":"WebSite","@id":"https:\/\/4tutti.pl\/#website","url":"https:\/\/4tutti.pl\/","name":"Stowarzyszenie 4tutti","description":"P\u00f3\u0142kolonie, warsztaty dla dzieci","potentialAction":[{"@type":"SearchAction","target":{"@type":"EntryPoint","urlTemplate":"https:\/\/4tutti.pl\/?s={search_term_string}"},"query-input":"required name=search_term_string"}],"inLanguage":"pl-PL"}]}},"_links":{"self":[{"href":"https:\/\/4tutti.pl\/index.php?rest_route=\/wp\/v2\/pages\/1059","targetHints":{"allow":["GET"]}}],"collection":[{"href":"https:\/\/4tutti.pl\/index.php?rest_route=\/wp\/v2\/pages"}],"about":[{"href":"https:\/\/4tutti.pl\/index.php?rest_route=\/wp\/v2\/types\/page"}],"author":[{"embeddable":true,"href":"https:\/\/4tutti.pl\/index.php?rest_route=\/wp\/v2\/users\/1"}],"replies":[{"embeddable":true,"href":"https:\/\/4tutti.pl\/index.php?rest_route=%2Fwp%2Fv2%2Fcomments&post=1059"}],"version-history":[{"count":1,"href":"https:\/\/4tutti.pl\/index.php?rest_route=\/wp\/v2\/pages\/1059\/revisions"}],"predecessor-version":[{"id":1060,"href":"https:\/\/4tutti.pl\/index.php?rest_route=\/wp\/v2\/pages\/1059\/revisions\/1060"}],"up":[{"embeddable":true,"href":"https:\/\/4tutti.pl\/index.php?rest_route=\/wp\/v2\/pages\/466"}],"wp:featuredmedia":[{"embeddable":true,"href":"https:\/\/4tutti.pl\/index.php?rest_route=\/wp\/v2\/media\/4533"}],"wp:attachment":[{"href":"https:\/\/4tutti.pl\/index.php?rest_route=%2Fwp%2Fv2%2Fmedia&parent=1059"}],"curies":[{"name":"wp","href":"https:\/\/api.w.org\/{rel}","templated":true}]}}