{"id":1871,"date":"2022-12-16T20:21:06","date_gmt":"2022-12-16T19:21:06","guid":{"rendered":"https:\/\/4tutti.pl\/?page_id=1871"},"modified":"2024-01-27T17:22:21","modified_gmt":"2024-01-27T16:22:21","slug":"taneczny-turniej-mikolajkowy","status":"publish","type":"page","link":"https:\/\/4tutti.pl\/?page_id=1871","title":{"rendered":"TANECZNY TURNIEJ MIKO\u0141AJKOWY"},"content":{"rendered":"<p>Ju\u017c 19 grudnia 2022 r. zapraszamy na MIKO\u0141AJKOWY TURNIEJ TANECZNY.<\/p>\n<p>Odb\u0119dzie si\u0119 w ZE nr 6 w Przylepie od godz. 9.<\/p>\n<p>Zapraszamy wszystkie dzieci ta\u0144cz\u0105ce w 4Tutti.<\/p>\n<p>Do zobaczenia \ud83d\ude42&nbsp;<\/p>\n<p><img loading=\"lazy\" decoding=\"async\" class=\"alignnone wp-image-1872 size-large\" src=\"https:\/\/4tutti.pl\/wp-content\/uploads\/2023\/01\/319320825_479707160915005_7632852276980385937_n-1024x461.jpg\" alt=\"\" width=\"750\" height=\"338\" srcset=\"https:\/\/4tutti.pl\/wp-content\/uploads\/2023\/01\/319320825_479707160915005_7632852276980385937_n-1024x461.jpg 1024w, https:\/\/4tutti.pl\/wp-content\/uploads\/2023\/01\/319320825_479707160915005_7632852276980385937_n-300x135.jpg 300w, https:\/\/4tutti.pl\/wp-content\/uploads\/2023\/01\/319320825_479707160915005_7632852276980385937_n-768x346.jpg 768w, https:\/\/4tutti.pl\/wp-content\/uploads\/2023\/01\/319320825_479707160915005_7632852276980385937_n.jpg 1422w\" sizes=\"auto, (max-width: 750px) 100vw, 750px\" \/><\/p>\n","protected":false},"excerpt":{"rendered":"<p>Ju\u017c 19 grudnia 2022 r. zapraszamy na MIKO\u0141AJKOWY TURNIEJ TANECZNY. Odb\u0119dzie si\u0119 w ZE nr 6 w Przylepie od godz. 9. Zapraszamy wszystkie dzieci ta\u0144cz\u0105ce w 4Tutti. Do zobaczenia \ud83d\ude42&nbsp;<\/p>\n","protected":false},"author":2,"featured_media":1872,"parent":3089,"menu_order":0,"comment_status":"closed","ping_status":"closed","template":"","meta":{"ngg_post_thumbnail":0,"footnotes":""},"class_list":["post-1871","page","type-page","status-publish","has-post-thumbnail","hentry"],"yoast_head":"<!-- This site is optimized with the Yoast SEO plugin v19.8 - https:\/\/yoast.com\/wordpress\/plugins\/seo\/ -->\n<title>TANECZNY TURNIEJ MIKO\u0141AJKOWY - Stowarzyszenie 4tutti<\/title>\n<meta name=\"robots\" content=\"index, follow, max-snippet:-1, max-image-preview:large, max-video-preview:-1\" \/>\n<link rel=\"canonical\" href=\"https:\/\/4tutti.pl\/?page_id=1871\" \/>\n<meta property=\"og:locale\" content=\"pl_PL\" \/>\n<meta property=\"og:type\" content=\"article\" \/>\n<meta property=\"og:title\" content=\"TANECZNY TURNIEJ MIKO\u0141AJKOWY - Stowarzyszenie 4tutti\" \/>\n<meta property=\"og:description\" content=\"Ju\u017c 19 grudnia 2022 r. zapraszamy na MIKO\u0141AJKOWY TURNIEJ TANECZNY. Odb\u0119dzie si\u0119 w ZE nr 6 w Przylepie od godz. 9. Zapraszamy wszystkie dzieci ta\u0144cz\u0105ce w 4Tutti. Do zobaczenia \ud83d\ude42&nbsp;\" \/>\n<meta property=\"og:url\" content=\"https:\/\/4tutti.pl\/?page_id=1871\" \/>\n<meta property=\"og:site_name\" content=\"Stowarzyszenie 4tutti\" \/>\n<meta property=\"article:modified_time\" content=\"2024-01-27T16:22:21+00:00\" \/>\n<meta property=\"og:image\" content=\"https:\/\/4tutti.pl\/wp-content\/uploads\/2023\/01\/319320825_479707160915005_7632852276980385937_n.jpg\" \/>\n\t<meta property=\"og:image:width\" content=\"1422\" \/>\n\t<meta property=\"og:image:height\" content=\"640\" \/>\n\t<meta property=\"og:image:type\" content=\"image\/jpeg\" \/>\n<meta name=\"twitter:card\" content=\"summary_large_image\" \/>\n<meta name=\"twitter:label1\" content=\"Szacowany czas czytania\" \/>\n\t<meta name=\"twitter:data1\" content=\"1 minuta\" \/>\n<script type=\"application\/ld+json\" class=\"yoast-schema-graph\">{\"@context\":\"https:\/\/schema.org\",\"@graph\":[{\"@type\":\"WebPage\",\"@id\":\"https:\/\/4tutti.pl\/?page_id=1871\",\"url\":\"https:\/\/4tutti.pl\/?page_id=1871\",\"name\":\"TANECZNY TURNIEJ MIKO\u0141AJKOWY - Stowarzyszenie 4tutti\",\"isPartOf\":{\"@id\":\"https:\/\/4tutti.pl\/#website\"},\"datePublished\":\"2022-12-16T19:21:06+00:00\",\"dateModified\":\"2024-01-27T16:22:21+00:00\",\"breadcrumb\":{\"@id\":\"https:\/\/4tutti.pl\/?page_id=1871#breadcrumb\"},\"inLanguage\":\"pl-PL\",\"potentialAction\":[{\"@type\":\"ReadAction\",\"target\":[\"https:\/\/4tutti.pl\/?page_id=1871\"]}]},{\"@type\":\"BreadcrumbList\",\"@id\":\"https:\/\/4tutti.pl\/?page_id=1871#breadcrumb\",\"itemListElement\":[{\"@type\":\"ListItem\",\"position\":1,\"name\":\"Strona g\u0142\u00f3wna\",\"item\":\"https:\/\/4tutti.pl\/\"},{\"@type\":\"ListItem\",\"position\":2,\"name\":\"Aktualno\u015bci\",\"item\":\"https:\/\/4tutti.pl\/?page_id=525\"},{\"@type\":\"ListItem\",\"position\":3,\"name\":\"TURNIEJE\",\"item\":\"https:\/\/4tutti.pl\/?page_id=3089\"},{\"@type\":\"ListItem\",\"position\":4,\"name\":\"TANECZNY TURNIEJ MIKO\u0141AJKOWY\"}]},{\"@type\":\"WebSite\",\"@id\":\"https:\/\/4tutti.pl\/#website\",\"url\":\"https:\/\/4tutti.pl\/\",\"name\":\"Stowarzyszenie 4tutti\",\"description\":\"P\u00f3\u0142kolonie, warsztaty dla dzieci\",\"potentialAction\":[{\"@type\":\"SearchAction\",\"target\":{\"@type\":\"EntryPoint\",\"urlTemplate\":\"https:\/\/4tutti.pl\/?s={search_term_string}\"},\"query-input\":\"required name=search_term_string\"}],\"inLanguage\":\"pl-PL\"}]}<\/script>\n<!-- \/ Yoast SEO plugin. -->","yoast_head_json":{"title":"TANECZNY TURNIEJ MIKO\u0141AJKOWY - Stowarzyszenie 4tutti","robots":{"index":"index","follow":"follow","max-snippet":"max-snippet:-1","max-image-preview":"max-image-preview:large","max-video-preview":"max-video-preview:-1"},"canonical":"https:\/\/4tutti.pl\/?page_id=1871","og_locale":"pl_PL","og_type":"article","og_title":"TANECZNY TURNIEJ MIKO\u0141AJKOWY - Stowarzyszenie 4tutti","og_description":"Ju\u017c 19 grudnia 2022 r. zapraszamy na MIKO\u0141AJKOWY TURNIEJ TANECZNY. Odb\u0119dzie si\u0119 w ZE nr 6 w Przylepie od godz. 9. Zapraszamy wszystkie dzieci ta\u0144cz\u0105ce w 4Tutti. Do zobaczenia \ud83d\ude42&nbsp;","og_url":"https:\/\/4tutti.pl\/?page_id=1871","og_site_name":"Stowarzyszenie 4tutti","article_modified_time":"2024-01-27T16:22:21+00:00","og_image":[{"width":1422,"height":640,"url":"https:\/\/4tutti.pl\/wp-content\/uploads\/2023\/01\/319320825_479707160915005_7632852276980385937_n.jpg","type":"image\/jpeg"}],"twitter_card":"summary_large_image","twitter_misc":{"Szacowany czas czytania":"1 minuta"},"schema":{"@context":"https:\/\/schema.org","@graph":[{"@type":"WebPage","@id":"https:\/\/4tutti.pl\/?page_id=1871","url":"https:\/\/4tutti.pl\/?page_id=1871","name":"TANECZNY TURNIEJ MIKO\u0141AJKOWY - Stowarzyszenie 4tutti","isPartOf":{"@id":"https:\/\/4tutti.pl\/#website"},"datePublished":"2022-12-16T19:21:06+00:00","dateModified":"2024-01-27T16:22:21+00:00","breadcrumb":{"@id":"https:\/\/4tutti.pl\/?page_id=1871#breadcrumb"},"inLanguage":"pl-PL","potentialAction":[{"@type":"ReadAction","target":["https:\/\/4tutti.pl\/?page_id=1871"]}]},{"@type":"BreadcrumbList","@id":"https:\/\/4tutti.pl\/?page_id=1871#breadcrumb","itemListElement":[{"@type":"ListItem","position":1,"name":"Strona g\u0142\u00f3wna","item":"https:\/\/4tutti.pl\/"},{"@type":"ListItem","position":2,"name":"Aktualno\u015bci","item":"https:\/\/4tutti.pl\/?page_id=525"},{"@type":"ListItem","position":3,"name":"TURNIEJE","item":"https:\/\/4tutti.pl\/?page_id=3089"},{"@type":"ListItem","position":4,"name":"TANECZNY TURNIEJ MIKO\u0141AJKOWY"}]},{"@type":"WebSite","@id":"https:\/\/4tutti.pl\/#website","url":"https:\/\/4tutti.pl\/","name":"Stowarzyszenie 4tutti","description":"P\u00f3\u0142kolonie, warsztaty dla dzieci","potentialAction":[{"@type":"SearchAction","target":{"@type":"EntryPoint","urlTemplate":"https:\/\/4tutti.pl\/?s={search_term_string}"},"query-input":"required name=search_term_string"}],"inLanguage":"pl-PL"}]}},"_links":{"self":[{"href":"https:\/\/4tutti.pl\/index.php?rest_route=\/wp\/v2\/pages\/1871","targetHints":{"allow":["GET"]}}],"collection":[{"href":"https:\/\/4tutti.pl\/index.php?rest_route=\/wp\/v2\/pages"}],"about":[{"href":"https:\/\/4tutti.pl\/index.php?rest_route=\/wp\/v2\/types\/page"}],"author":[{"embeddable":true,"href":"https:\/\/4tutti.pl\/index.php?rest_route=\/wp\/v2\/users\/2"}],"replies":[{"embeddable":true,"href":"https:\/\/4tutti.pl\/index.php?rest_route=%2Fwp%2Fv2%2Fcomments&post=1871"}],"version-history":[{"count":2,"href":"https:\/\/4tutti.pl\/index.php?rest_route=\/wp\/v2\/pages\/1871\/revisions"}],"predecessor-version":[{"id":2782,"href":"https:\/\/4tutti.pl\/index.php?rest_route=\/wp\/v2\/pages\/1871\/revisions\/2782"}],"up":[{"embeddable":true,"href":"https:\/\/4tutti.pl\/index.php?rest_route=\/wp\/v2\/pages\/3089"}],"wp:featuredmedia":[{"embeddable":true,"href":"https:\/\/4tutti.pl\/index.php?rest_route=\/wp\/v2\/media\/1872"}],"wp:attachment":[{"href":"https:\/\/4tutti.pl\/index.php?rest_route=%2Fwp%2Fv2%2Fmedia&parent=1871"}],"curies":[{"name":"wp","href":"https:\/\/api.w.org\/{rel}","templated":true}]}}