{"id":2548,"date":"2023-09-05T18:34:42","date_gmt":"2023-09-05T16:34:42","guid":{"rendered":"https:\/\/4tutti.pl\/?page_id=2548"},"modified":"2024-09-05T18:12:49","modified_gmt":"2024-09-05T16:12:49","slug":"aktualnosci-warsztaty","status":"publish","type":"page","link":"https:\/\/4tutti.pl\/?page_id=2548","title":{"rendered":"WARSZTATY"},"content":{"rendered":"<div class=\"pt-cv-wrapper\"><div class=\"pt-cv-view pt-cv-grid pt-cv-colsys\" id=\"pt-cv-view-c852e26s6z\"><div data-id=\"pt-cv-page-1\" class=\"pt-cv-page\" data-cvc=\"1\"><div class=\"col-md-12 col-sm-12 col-xs-12 pt-cv-content-item pt-cv-2-col\" ><div class='pt-cv-ifield'><a href=\"https:\/\/4tutti.pl\/?page_id=6206\" class=\"_self pt-cv-href-thumbnail pt-cv-thumb-left\" target=\"_self\" ><img loading=\"lazy\" decoding=\"async\" width=\"724\" height=\"1024\" src=\"https:\/\/4tutti.pl\/wp-content\/uploads\/2025\/09\/IMG_8409-724x1024.jpeg\" class=\"pt-cv-thumbnail pull-left\" alt=\"\" srcset=\"https:\/\/4tutti.pl\/wp-content\/uploads\/2025\/09\/IMG_8409-724x1024.jpeg 724w, https:\/\/4tutti.pl\/wp-content\/uploads\/2025\/09\/IMG_8409-212x300.jpeg 212w, https:\/\/4tutti.pl\/wp-content\/uploads\/2025\/09\/IMG_8409-768x1086.jpeg 768w, https:\/\/4tutti.pl\/wp-content\/uploads\/2025\/09\/IMG_8409.jpeg 905w\" sizes=\"auto, (max-width: 724px) 100vw, 724px\" \/><\/a>\n<h4 class=\"pt-cv-title\"><a href=\"https:\/\/4tutti.pl\/?page_id=6206\" class=\"_self\" target=\"_self\" >2025 Warsztaty DYNIOWE<\/a><\/h4>\n<div class=\"pt-cv-content\">Ju\u017c 25 pa\u017adziernika zapraszamy wszystkie dzieci na halloweenowe spotkanie pe\u0142ne magii, kreatywno\u015bci i zabawy ! W godzinach 10:00 - 13:00 ...<br \/><a href=\"https:\/\/4tutti.pl\/?page_id=6206\" class=\"_self pt-cv-readmore btn btn-success\" target=\"_self\">Czytaj Dalej<\/a><\/div><\/div><\/div>\n<div class=\"col-md-12 col-sm-12 col-xs-12 pt-cv-content-item pt-cv-2-col\" ><div class='pt-cv-ifield'><a href=\"https:\/\/4tutti.pl\/?page_id=5315\" class=\"_self pt-cv-href-thumbnail pt-cv-thumb-left\" target=\"_self\" ><img loading=\"lazy\" decoding=\"async\" width=\"750\" height=\"530\" src=\"https:\/\/4tutti.pl\/wp-content\/uploads\/2025\/03\/5965343072155976291_121-1024x723.jpg\" class=\"pt-cv-thumbnail pull-left\" alt=\"\" srcset=\"https:\/\/4tutti.pl\/wp-content\/uploads\/2025\/03\/5965343072155976291_121-1024x723.jpg 1024w, https:\/\/4tutti.pl\/wp-content\/uploads\/2025\/03\/5965343072155976291_121-300x212.jpg 300w, https:\/\/4tutti.pl\/wp-content\/uploads\/2025\/03\/5965343072155976291_121-768x542.jpg 768w, https:\/\/4tutti.pl\/wp-content\/uploads\/2025\/03\/5965343072155976291_121.jpg 1280w\" sizes=\"auto, (max-width: 750px) 100vw, 750px\" \/><\/a>\n<h4 class=\"pt-cv-title\"><a href=\"https:\/\/4tutti.pl\/?page_id=5315\" class=\"_self\" target=\"_self\" >2025 WARSZTATY WIOSENNE<\/a><\/h4>\n<div class=\"pt-cv-content\">Ju\u017c 29 MARCA 2025r. zapraszamy wszystkie ch\u0119tne dzieci na Warsztaty wiosenno - wielkanocne B\u0119dziemy robi\u0107 wiosenno-\u015bwi\u0105teczne ozdoby a wszystko to ...<br \/><a href=\"https:\/\/4tutti.pl\/?page_id=5315\" class=\"_self pt-cv-readmore btn btn-success\" target=\"_self\">Czytaj Dalej<\/a><\/div><\/div><\/div>\n<div class=\"col-md-12 col-sm-12 col-xs-12 pt-cv-content-item pt-cv-2-col\" ><div class='pt-cv-ifield'><a href=\"https:\/\/4tutti.pl\/?page_id=4489\" class=\"_self pt-cv-href-thumbnail pt-cv-thumb-left\" target=\"_self\" ><img loading=\"lazy\" decoding=\"async\" width=\"724\" height=\"1024\" src=\"https:\/\/4tutti.pl\/wp-content\/uploads\/2024\/10\/image_123650291-5-724x1024.jpg\" class=\"pt-cv-thumbnail pull-left\" alt=\"\" srcset=\"https:\/\/4tutti.pl\/wp-content\/uploads\/2024\/10\/image_123650291-5-724x1024.jpg 724w, https:\/\/4tutti.pl\/wp-content\/uploads\/2024\/10\/image_123650291-5-212x300.jpg 212w, https:\/\/4tutti.pl\/wp-content\/uploads\/2024\/10\/image_123650291-5-768x1086.jpg 768w, https:\/\/4tutti.pl\/wp-content\/uploads\/2024\/10\/image_123650291-5.jpg 905w\" sizes=\"auto, (max-width: 724px) 100vw, 724px\" \/><\/a>\n<h4 class=\"pt-cv-title\"><a href=\"https:\/\/4tutti.pl\/?page_id=4489\" class=\"_self\" target=\"_self\" >2024 OZDOBY \u015aWI\u0104TECZNE<\/a><\/h4>\n<div class=\"pt-cv-content\">Ju\u017c 30 listopada 2024r. zapraszamy wszystkie ch\u0119tne dzieci na Warsztaty \u015awi\u0105teczne B\u0119dziemy robi\u0107 wianki, \u015bwi\u0105teczne ozdoby a wszystko to przy ...<br \/><a href=\"https:\/\/4tutti.pl\/?page_id=4489\" class=\"_self pt-cv-readmore btn btn-success\" target=\"_self\">Czytaj Dalej<\/a><\/div><\/div><\/div>\n<div class=\"col-md-12 col-sm-12 col-xs-12 pt-cv-content-item pt-cv-2-col\" ><div class='pt-cv-ifield'><a href=\"https:\/\/4tutti.pl\/?page_id=4370\" class=\"_self pt-cv-href-thumbnail pt-cv-thumb-left\" target=\"_self\" ><img loading=\"lazy\" decoding=\"async\" width=\"724\" height=\"1024\" src=\"https:\/\/4tutti.pl\/wp-content\/uploads\/2024\/09\/image_123650291-1-1-724x1024.jpg\" class=\"pt-cv-thumbnail pull-left\" alt=\"\" srcset=\"https:\/\/4tutti.pl\/wp-content\/uploads\/2024\/09\/image_123650291-1-1-724x1024.jpg 724w, https:\/\/4tutti.pl\/wp-content\/uploads\/2024\/09\/image_123650291-1-1-212x300.jpg 212w, https:\/\/4tutti.pl\/wp-content\/uploads\/2024\/09\/image_123650291-1-1-768x1086.jpg 768w, https:\/\/4tutti.pl\/wp-content\/uploads\/2024\/09\/image_123650291-1-1.jpg 905w\" sizes=\"auto, (max-width: 724px) 100vw, 724px\" \/><\/a>\n<h4 class=\"pt-cv-title\"><a href=\"https:\/\/4tutti.pl\/?page_id=4370\" class=\"_self\" target=\"_self\" >AKROBATYKA<\/a><\/h4>\n<div class=\"pt-cv-content\">Serdecznie zapraszamy du\u017cych i ma\u0142ych na WARSZTATY AKROBATYCZNE \ud83d\ude42 przewr\u00f3t w prz\u00f3d\/ty\u0142 szpagat mostek stanie na g\u0142owie stanie na r\u0119kach ...<br \/><a href=\"https:\/\/4tutti.pl\/?page_id=4370\" class=\"_self pt-cv-readmore btn btn-success\" target=\"_self\">Czytaj Dalej<\/a><\/div><\/div><\/div>\n<div class=\"col-md-12 col-sm-12 col-xs-12 pt-cv-content-item pt-cv-2-col\" ><div class='pt-cv-ifield'><a href=\"https:\/\/4tutti.pl\/?page_id=4356\" class=\"_self pt-cv-href-thumbnail pt-cv-thumb-left\" target=\"_self\" ><img loading=\"lazy\" decoding=\"async\" width=\"750\" height=\"563\" src=\"https:\/\/4tutti.pl\/wp-content\/uploads\/2024\/09\/image_123650291-1-1024x768.jpg\" class=\"pt-cv-thumbnail pull-left\" alt=\"\" srcset=\"https:\/\/4tutti.pl\/wp-content\/uploads\/2024\/09\/image_123650291-1-1024x768.jpg 1024w, https:\/\/4tutti.pl\/wp-content\/uploads\/2024\/09\/image_123650291-1-300x225.jpg 300w, https:\/\/4tutti.pl\/wp-content\/uploads\/2024\/09\/image_123650291-1-768x576.jpg 768w, https:\/\/4tutti.pl\/wp-content\/uploads\/2024\/09\/image_123650291-1.jpg 1280w\" sizes=\"auto, (max-width: 750px) 100vw, 750px\" \/><\/a>\n<h4 class=\"pt-cv-title\"><a href=\"https:\/\/4tutti.pl\/?page_id=4356\" class=\"_self\" target=\"_self\" >STRAASZNA DYNIA<\/a><\/h4>\n<div class=\"pt-cv-content\">ZAPRASZAMY Zbli\u017ca si\u0119 Halloween ..... i zapraszamy wszystkie dzieci na warsztaty dyniowe gdzie .... b\u0119dziemy tworzy\u0107 lampiony z dyni i ...<br \/><a href=\"https:\/\/4tutti.pl\/?page_id=4356\" class=\"_self pt-cv-readmore btn btn-success\" target=\"_self\">Czytaj Dalej<\/a><\/div><\/div><\/div><\/div><\/div>\n<div class=\" pt-cv-pagination-wrapper\"><ul class=\"pt-cv-pagination pt-cv-normal pagination\" data-totalpages=\"3\" data-currentpage=\"1\" data-sid=\"c852e26s6z\" data-unid=\"\"><li class=\"active\"><a href=\"#\">1<\/a><\/li>\n\t<li ><a class=\"\" href=\"https:\/\/4tutti.pl\/index.php\/?_page=2&#038;rest_route=%2Fwp%2Fv2%2Fpages%2F2548\">2<\/a><\/li>\n\t<li ><a class=\"\" href=\"https:\/\/4tutti.pl\/index.php\/?_page=3&#038;rest_route=%2Fwp%2Fv2%2Fpages%2F2548\">3<\/a><\/li>\n\t<li ><a class=\" \" href=\"https:\/\/4tutti.pl\/index.php\/?_page=2&#038;rest_route=%2Fwp%2Fv2%2Fpages%2F2548\">&rsaquo;<\/a><\/li>\n\t<\/ul><img loading=\"lazy\" decoding=\"async\" width=\"15\" height=\"15\" class=\"pt-cv-spinner\" alt=\"Loading...\" src=\"data:image\/gif;base64,R0lGODlhDwAPALMPAMrKygwMDJOTkz09PZWVla+vr3p6euTk5M7OzuXl5TMzMwAAAJmZmWZmZszMzP\/\/\/yH\/C05FVFNDQVBFMi4wAwEAAAAh+QQFCgAPACwAAAAADwAPAAAEQvDJaZaZOIcV8iQK8VRX4iTYoAwZ4iCYoAjZ4RxejhVNoT+mRGP4cyF4Pp0N98sBGIBMEMOotl6YZ3S61Bmbkm4mAgAh+QQFCgAPACwAAAAADQANAAAENPDJSRSZeA418itN8QiK8BiLITVsFiyBBIoYqnoewAD4xPw9iY4XLGYSjkQR4UAUD45DLwIAIfkEBQoADwAsAAAAAA8ACQAABC\/wyVlamTi3nSdgwFNdhEJgTJoNyoB9ISYoQmdjiZPcj7EYCAeCF1gEDo4Dz2eIAAAh+QQFCgAPACwCAAAADQANAAAEM\/DJBxiYeLKdX3IJZT1FU0iIg2RNKx3OkZVnZ98ToRD4MyiDnkAh6BkNC0MvsAj0kMpHBAAh+QQFCgAPACwGAAAACQAPAAAEMDC59KpFDll73HkAA2wVY5KgiK5b0RRoI6MuzG6EQqCDMlSGheEhUAgqgUUAFRySIgAh+QQFCgAPACwCAAIADQANAAAEM\/DJKZNLND\/kkKaHc3xk+QAMYDKsiaqmZCxGVjSFFCxB1vwy2oOgIDxuucxAMTAJFAJNBAAh+QQFCgAPACwAAAYADwAJAAAEMNAs86q1yaWwwv2Ig0jUZx3OYa4XoRAfwADXoAwfo1+CIjyFRuEho60aSNYlOPxEAAAh+QQFCgAPACwAAAIADQANAAAENPA9s4y8+IUVcqaWJ4qEQozSoAzoIyhCK2NFU2SJk0hNnyEOhKR2AzAAj4Pj4GE4W0bkJQIAOw==\" \/><div class=\"clear pt-cv-clear-pagination\"><\/div><\/div><\/div>\n","protected":false},"excerpt":{"rendered":"<p>ZAPRASZAMY&nbsp;<\/p>\n<p>Zbli\u017ca si\u0119 Halloween &#8230;..<\/p>\n<p>i&nbsp; zapraszamy wszystkie dzieci na warsztaty dyniowe gdzie&nbsp; &#8230;.&nbsp; b\u0119dziemy tworzy\u0107 lampiony z dyni i nie tylko&nbsp;<\/p>\n<p>A to wszystko <strong>w dniu 26 pa\u017adziernika od <\/strong>&hellip;<\/p>","protected":false},"author":1,"featured_media":2591,"parent":525,"menu_order":0,"comment_status":"closed","ping_status":"closed","template":"","meta":{"ngg_post_thumbnail":0,"footnotes":""},"class_list":["post-2548","page","type-page","status-publish","has-post-thumbnail","hentry"],"yoast_head":"<!-- This site is optimized with the Yoast SEO plugin v19.8 - https:\/\/yoast.com\/wordpress\/plugins\/seo\/ -->\n<title>WARSZTATY - Stowarzyszenie 4tutti<\/title>\n<meta name=\"robots\" content=\"index, follow, max-snippet:-1, max-image-preview:large, max-video-preview:-1\" \/>\n<link rel=\"canonical\" href=\"https:\/\/4tutti.pl\/?page_id=2548\" \/>\n<meta property=\"og:locale\" content=\"pl_PL\" \/>\n<meta property=\"og:type\" content=\"article\" \/>\n<meta property=\"og:title\" content=\"WARSZTATY - Stowarzyszenie 4tutti\" \/>\n<meta property=\"og:description\" content=\"ZAPRASZAMY&nbsp; Zbli\u017ca si\u0119 Halloween &#8230;.. i&nbsp; zapraszamy wszystkie dzieci na warsztaty dyniowe gdzie&nbsp; &#8230;.&nbsp; b\u0119dziemy tworzy\u0107 lampiony z dyni i nie tylko&nbsp; A to wszystko w dniu 26 pa\u017adziernika od &hellip;\" \/>\n<meta property=\"og:url\" content=\"https:\/\/4tutti.pl\/?page_id=2548\" \/>\n<meta property=\"og:site_name\" content=\"Stowarzyszenie 4tutti\" \/>\n<meta property=\"article:modified_time\" content=\"2024-09-05T16:12:49+00:00\" \/>\n<meta property=\"og:image\" content=\"https:\/\/4tutti.pl\/wp-content\/uploads\/2023\/09\/istockphoto-1333776614-612x612-1.jpg\" \/>\n\t<meta property=\"og:image:width\" content=\"612\" \/>\n\t<meta property=\"og:image:height\" content=\"415\" \/>\n\t<meta property=\"og:image:type\" content=\"image\/jpeg\" \/>\n<meta name=\"twitter:card\" content=\"summary_large_image\" \/>\n<meta name=\"twitter:label1\" content=\"Szacowany czas czytania\" \/>\n\t<meta name=\"twitter:data1\" content=\"1 minuta\" \/>\n<script type=\"application\/ld+json\" class=\"yoast-schema-graph\">{\"@context\":\"https:\/\/schema.org\",\"@graph\":[{\"@type\":\"WebPage\",\"@id\":\"https:\/\/4tutti.pl\/?page_id=2548\",\"url\":\"https:\/\/4tutti.pl\/?page_id=2548\",\"name\":\"WARSZTATY - Stowarzyszenie 4tutti\",\"isPartOf\":{\"@id\":\"https:\/\/4tutti.pl\/#website\"},\"datePublished\":\"2023-09-05T16:34:42+00:00\",\"dateModified\":\"2024-09-05T16:12:49+00:00\",\"breadcrumb\":{\"@id\":\"https:\/\/4tutti.pl\/?page_id=2548#breadcrumb\"},\"inLanguage\":\"pl-PL\",\"potentialAction\":[{\"@type\":\"ReadAction\",\"target\":[\"https:\/\/4tutti.pl\/?page_id=2548\"]}]},{\"@type\":\"BreadcrumbList\",\"@id\":\"https:\/\/4tutti.pl\/?page_id=2548#breadcrumb\",\"itemListElement\":[{\"@type\":\"ListItem\",\"position\":1,\"name\":\"Strona g\u0142\u00f3wna\",\"item\":\"https:\/\/4tutti.pl\/\"},{\"@type\":\"ListItem\",\"position\":2,\"name\":\"Aktualno\u015bci\",\"item\":\"https:\/\/4tutti.pl\/?page_id=525\"},{\"@type\":\"ListItem\",\"position\":3,\"name\":\"WARSZTATY\"}]},{\"@type\":\"WebSite\",\"@id\":\"https:\/\/4tutti.pl\/#website\",\"url\":\"https:\/\/4tutti.pl\/\",\"name\":\"Stowarzyszenie 4tutti\",\"description\":\"P\u00f3\u0142kolonie, warsztaty dla dzieci\",\"potentialAction\":[{\"@type\":\"SearchAction\",\"target\":{\"@type\":\"EntryPoint\",\"urlTemplate\":\"https:\/\/4tutti.pl\/?s={search_term_string}\"},\"query-input\":\"required name=search_term_string\"}],\"inLanguage\":\"pl-PL\"}]}<\/script>\n<!-- \/ Yoast SEO plugin. -->","yoast_head_json":{"title":"WARSZTATY - Stowarzyszenie 4tutti","robots":{"index":"index","follow":"follow","max-snippet":"max-snippet:-1","max-image-preview":"max-image-preview:large","max-video-preview":"max-video-preview:-1"},"canonical":"https:\/\/4tutti.pl\/?page_id=2548","og_locale":"pl_PL","og_type":"article","og_title":"WARSZTATY - Stowarzyszenie 4tutti","og_description":"ZAPRASZAMY&nbsp; Zbli\u017ca si\u0119 Halloween &#8230;.. i&nbsp; zapraszamy wszystkie dzieci na warsztaty dyniowe gdzie&nbsp; &#8230;.&nbsp; b\u0119dziemy tworzy\u0107 lampiony z dyni i nie tylko&nbsp; A to wszystko w dniu 26 pa\u017adziernika od &hellip;","og_url":"https:\/\/4tutti.pl\/?page_id=2548","og_site_name":"Stowarzyszenie 4tutti","article_modified_time":"2024-09-05T16:12:49+00:00","og_image":[{"width":612,"height":415,"url":"https:\/\/4tutti.pl\/wp-content\/uploads\/2023\/09\/istockphoto-1333776614-612x612-1.jpg","type":"image\/jpeg"}],"twitter_card":"summary_large_image","twitter_misc":{"Szacowany czas czytania":"1 minuta"},"schema":{"@context":"https:\/\/schema.org","@graph":[{"@type":"WebPage","@id":"https:\/\/4tutti.pl\/?page_id=2548","url":"https:\/\/4tutti.pl\/?page_id=2548","name":"WARSZTATY - Stowarzyszenie 4tutti","isPartOf":{"@id":"https:\/\/4tutti.pl\/#website"},"datePublished":"2023-09-05T16:34:42+00:00","dateModified":"2024-09-05T16:12:49+00:00","breadcrumb":{"@id":"https:\/\/4tutti.pl\/?page_id=2548#breadcrumb"},"inLanguage":"pl-PL","potentialAction":[{"@type":"ReadAction","target":["https:\/\/4tutti.pl\/?page_id=2548"]}]},{"@type":"BreadcrumbList","@id":"https:\/\/4tutti.pl\/?page_id=2548#breadcrumb","itemListElement":[{"@type":"ListItem","position":1,"name":"Strona g\u0142\u00f3wna","item":"https:\/\/4tutti.pl\/"},{"@type":"ListItem","position":2,"name":"Aktualno\u015bci","item":"https:\/\/4tutti.pl\/?page_id=525"},{"@type":"ListItem","position":3,"name":"WARSZTATY"}]},{"@type":"WebSite","@id":"https:\/\/4tutti.pl\/#website","url":"https:\/\/4tutti.pl\/","name":"Stowarzyszenie 4tutti","description":"P\u00f3\u0142kolonie, warsztaty dla dzieci","potentialAction":[{"@type":"SearchAction","target":{"@type":"EntryPoint","urlTemplate":"https:\/\/4tutti.pl\/?s={search_term_string}"},"query-input":"required name=search_term_string"}],"inLanguage":"pl-PL"}]}},"_links":{"self":[{"href":"https:\/\/4tutti.pl\/index.php?rest_route=\/wp\/v2\/pages\/2548","targetHints":{"allow":["GET"]}}],"collection":[{"href":"https:\/\/4tutti.pl\/index.php?rest_route=\/wp\/v2\/pages"}],"about":[{"href":"https:\/\/4tutti.pl\/index.php?rest_route=\/wp\/v2\/types\/page"}],"author":[{"embeddable":true,"href":"https:\/\/4tutti.pl\/index.php?rest_route=\/wp\/v2\/users\/1"}],"replies":[{"embeddable":true,"href":"https:\/\/4tutti.pl\/index.php?rest_route=%2Fwp%2Fv2%2Fcomments&post=2548"}],"version-history":[{"count":3,"href":"https:\/\/4tutti.pl\/index.php?rest_route=\/wp\/v2\/pages\/2548\/revisions"}],"predecessor-version":[{"id":4312,"href":"https:\/\/4tutti.pl\/index.php?rest_route=\/wp\/v2\/pages\/2548\/revisions\/4312"}],"up":[{"embeddable":true,"href":"https:\/\/4tutti.pl\/index.php?rest_route=\/wp\/v2\/pages\/525"}],"wp:featuredmedia":[{"embeddable":true,"href":"https:\/\/4tutti.pl\/index.php?rest_route=\/wp\/v2\/media\/2591"}],"wp:attachment":[{"href":"https:\/\/4tutti.pl\/index.php?rest_route=%2Fwp%2Fv2%2Fmedia&parent=2548"}],"curies":[{"name":"wp","href":"https:\/\/api.w.org\/{rel}","templated":true}]}}