{"id":3089,"date":"2024-01-22T19:13:56","date_gmt":"2024-01-22T18:13:56","guid":{"rendered":"https:\/\/4tutti.pl\/?page_id=3089"},"modified":"2024-09-05T18:12:28","modified_gmt":"2024-09-05T16:12:28","slug":"aktualnosci-turnieje","status":"publish","type":"page","link":"https:\/\/4tutti.pl\/?page_id=3089","title":{"rendered":"TURNIEJE"},"content":{"rendered":"<div class=\"pt-cv-wrapper\"><div class=\"pt-cv-view pt-cv-grid pt-cv-colsys\" id=\"pt-cv-view-474ceb3t2m\"><div data-id=\"pt-cv-page-1\" class=\"pt-cv-page\" data-cvc=\"1\"><div class=\"col-md-12 col-sm-12 col-xs-12 pt-cv-content-item pt-cv-2-col\" ><div class='pt-cv-ifield'><a href=\"https:\/\/4tutti.pl\/?page_id=6977\" class=\"_self pt-cv-href-thumbnail pt-cv-thumb-left\" target=\"_self\" ><img loading=\"lazy\" decoding=\"async\" width=\"206\" height=\"206\" src=\"https:\/\/4tutti.pl\/wp-content\/uploads\/2026\/04\/669592993_1264849262400787_434062261117195317_n.jpg\" class=\"pt-cv-thumbnail pull-left\" alt=\"\" srcset=\"https:\/\/4tutti.pl\/wp-content\/uploads\/2026\/04\/669592993_1264849262400787_434062261117195317_n.jpg 206w, https:\/\/4tutti.pl\/wp-content\/uploads\/2026\/04\/669592993_1264849262400787_434062261117195317_n-150x150.jpg 150w\" sizes=\"auto, (max-width: 206px) 100vw, 206px\" \/><\/a>\n<h4 class=\"pt-cv-title\"><a href=\"https:\/\/4tutti.pl\/?page_id=6977\" class=\"_self\" target=\"_self\" >2026 MISTRZOSTWA POLSKI<\/a><\/h4>\n<div class=\"pt-cv-content\">11 KWIETNIA 2026 r. odby\u0142y si\u0119 Mistrzostwa Polski w rock'n'roll-u akrobatycznym. Mo\u017cemy \u015bmia\u0142o powiedzie\u0107 \u2014 nasze dzieci da\u0142y z siebie ...<br \/><a href=\"https:\/\/4tutti.pl\/?page_id=6977\" class=\"_self pt-cv-readmore btn btn-success\" target=\"_self\">Czytaj Dalej<\/a><\/div><\/div><\/div>\n<div class=\"col-md-12 col-sm-12 col-xs-12 pt-cv-content-item pt-cv-2-col\" ><div class='pt-cv-ifield'><a href=\"https:\/\/4tutti.pl\/?page_id=6235\" class=\"_self pt-cv-href-thumbnail pt-cv-thumb-left\" target=\"_self\" ><img loading=\"lazy\" decoding=\"async\" width=\"731\" height=\"1024\" src=\"https:\/\/4tutti.pl\/wp-content\/uploads\/2025\/11\/IMG_8924-731x1024.jpeg\" class=\"pt-cv-thumbnail pull-left\" alt=\"\" srcset=\"https:\/\/4tutti.pl\/wp-content\/uploads\/2025\/11\/IMG_8924-731x1024.jpeg 731w, https:\/\/4tutti.pl\/wp-content\/uploads\/2025\/11\/IMG_8924-214x300.jpeg 214w, https:\/\/4tutti.pl\/wp-content\/uploads\/2025\/11\/IMG_8924-768x1076.jpeg 768w, https:\/\/4tutti.pl\/wp-content\/uploads\/2025\/11\/IMG_8924.jpeg 914w\" sizes=\"auto, (max-width: 731px) 100vw, 731px\" \/><\/a>\n<h4 class=\"pt-cv-title\"><a href=\"https:\/\/4tutti.pl\/?page_id=6235\" class=\"_self\" target=\"_self\" >III TANECZNE HORYZONTY<\/a><\/h4>\n<div class=\"pt-cv-content\">III Og\u00f3lnopolski Festiwal Taneczny \"Taneczne Horyzonty\" ju\u017c za nami! a my z dum\u0105 chwalimy si\u0119 sukcesami naszych tancerzy! Grand Prix ...<br \/><a href=\"https:\/\/4tutti.pl\/?page_id=6235\" class=\"_self pt-cv-readmore btn btn-success\" target=\"_self\">Czytaj Dalej<\/a><\/div><\/div><\/div>\n<div class=\"col-md-12 col-sm-12 col-xs-12 pt-cv-content-item pt-cv-2-col\" ><div class='pt-cv-ifield'><a href=\"https:\/\/4tutti.pl\/?page_id=6253\" class=\"_self pt-cv-href-thumbnail pt-cv-thumb-left\" target=\"_self\" ><img loading=\"lazy\" decoding=\"async\" width=\"724\" height=\"1024\" src=\"https:\/\/4tutti.pl\/wp-content\/uploads\/2025\/11\/IMG_8925-724x1024.jpeg\" class=\"pt-cv-thumbnail pull-left\" alt=\"\" srcset=\"https:\/\/4tutti.pl\/wp-content\/uploads\/2025\/11\/IMG_8925-724x1024.jpeg 724w, https:\/\/4tutti.pl\/wp-content\/uploads\/2025\/11\/IMG_8925-212x300.jpeg 212w, https:\/\/4tutti.pl\/wp-content\/uploads\/2025\/11\/IMG_8925-768x1086.jpeg 768w, https:\/\/4tutti.pl\/wp-content\/uploads\/2025\/11\/IMG_8925.jpeg 905w\" sizes=\"auto, (max-width: 724px) 100vw, 724px\" \/><\/a>\n<h4 class=\"pt-cv-title\"><a href=\"https:\/\/4tutti.pl\/?page_id=6253\" class=\"_self\" target=\"_self\" >V MIKO\u0141AJKOWY TURNIEJ<\/a><\/h4>\n<div class=\"pt-cv-content\">KOCHANI zapraszamy wszystkich zawodnik\u00f3w na ... V MIKO\u0141AJKOWY TURNIEJ taneczno-akrobatyczny Ju\u017c 13 grudnia o godz. 10:00 spotykamy si\u0119 w Zespole ...<br \/><a href=\"https:\/\/4tutti.pl\/?page_id=6253\" class=\"_self pt-cv-readmore btn btn-success\" target=\"_self\">Czytaj Dalej<\/a><\/div><\/div><\/div>\n<div class=\"col-md-12 col-sm-12 col-xs-12 pt-cv-content-item pt-cv-2-col\" ><div class='pt-cv-ifield'><a href=\"https:\/\/4tutti.pl\/?page_id=5800\" class=\"_self pt-cv-href-thumbnail pt-cv-thumb-left\" target=\"_self\" ><img loading=\"lazy\" decoding=\"async\" width=\"750\" height=\"563\" src=\"https:\/\/4tutti.pl\/wp-content\/uploads\/2025\/06\/IMG_7705-1024x768.jpeg\" class=\"pt-cv-thumbnail pull-left\" alt=\"\" srcset=\"https:\/\/4tutti.pl\/wp-content\/uploads\/2025\/06\/IMG_7705-1024x768.jpeg 1024w, https:\/\/4tutti.pl\/wp-content\/uploads\/2025\/06\/IMG_7705-300x225.jpeg 300w, https:\/\/4tutti.pl\/wp-content\/uploads\/2025\/06\/IMG_7705-768x576.jpeg 768w, https:\/\/4tutti.pl\/wp-content\/uploads\/2025\/06\/IMG_7705.jpeg 1280w\" sizes=\"auto, (max-width: 750px) 100vw, 750px\" \/><\/a>\n<h4 class=\"pt-cv-title\"><a href=\"https:\/\/4tutti.pl\/?page_id=5800\" class=\"_self\" target=\"_self\" >XVI OG\u00d3LNOPOLSKIE MISTRZOSTWA TA\u0143CA<\/a><\/h4>\n<div class=\"pt-cv-content\">Co to by\u0142y za emocje\u2026 Serce wali\u0142o jak szalone, a duma rozsadza\u0142a nas od \u015brodka\u2026 To by\u0142 prawdziwy taneczny ogie\u0144! ...<br \/><a href=\"https:\/\/4tutti.pl\/?page_id=5800\" class=\"_self pt-cv-readmore btn btn-success\" target=\"_self\">Czytaj Dalej<\/a><\/div><\/div><\/div>\n<div class=\"col-md-12 col-sm-12 col-xs-12 pt-cv-content-item pt-cv-2-col\" ><div class='pt-cv-ifield'><a href=\"https:\/\/4tutti.pl\/?page_id=5690\" class=\"_self pt-cv-href-thumbnail pt-cv-thumb-left\" target=\"_self\" ><img loading=\"lazy\" decoding=\"async\" width=\"750\" height=\"1000\" src=\"https:\/\/4tutti.pl\/wp-content\/uploads\/2025\/06\/496468097_1022795913272791_1402698583101639478_n-768x1024.jpg\" class=\"pt-cv-thumbnail pull-left\" alt=\"\" srcset=\"https:\/\/4tutti.pl\/wp-content\/uploads\/2025\/06\/496468097_1022795913272791_1402698583101639478_n-768x1024.jpg 768w, https:\/\/4tutti.pl\/wp-content\/uploads\/2025\/06\/496468097_1022795913272791_1402698583101639478_n-225x300.jpg 225w, https:\/\/4tutti.pl\/wp-content\/uploads\/2025\/06\/496468097_1022795913272791_1402698583101639478_n-1152x1536.jpg 1152w, https:\/\/4tutti.pl\/wp-content\/uploads\/2025\/06\/496468097_1022795913272791_1402698583101639478_n.jpg 1536w\" sizes=\"auto, (max-width: 750px) 100vw, 750px\" \/><\/a>\n<h4 class=\"pt-cv-title\"><a href=\"https:\/\/4tutti.pl\/?page_id=5690\" class=\"_self\" target=\"_self\" >MISTRZOSTWA POLSKI w R&#8217;n&#8217;R<\/a><\/h4>\n<div class=\"pt-cv-content\">MISTRZOSTWA POLSKI W ROCK and ROLLU AKROBATYCZNYM 2025 To by\u0142 weekend pe\u0142en wzrusze\u0144, ci\u0119\u017ckiej pracy i prawdziwego tanecznego ducha! Nasze ...<br \/><a href=\"https:\/\/4tutti.pl\/?page_id=5690\" class=\"_self pt-cv-readmore btn btn-success\" target=\"_self\">Czytaj Dalej<\/a><\/div><\/div><\/div><\/div><\/div>\n<div class=\" pt-cv-pagination-wrapper\"><ul class=\"pt-cv-pagination pt-cv-normal pagination\" data-totalpages=\"3\" data-currentpage=\"1\" data-sid=\"474ceb3t2m\" data-unid=\"\"><li class=\"active\"><a href=\"#\">1<\/a><\/li>\n\t<li ><a class=\"\" href=\"https:\/\/4tutti.pl\/index.php\/?_page=2&#038;rest_route=%2Fwp%2Fv2%2Fpages%2F3089\">2<\/a><\/li>\n\t<li ><a class=\"\" href=\"https:\/\/4tutti.pl\/index.php\/?_page=3&#038;rest_route=%2Fwp%2Fv2%2Fpages%2F3089\">3<\/a><\/li>\n\t<li ><a class=\" \" href=\"https:\/\/4tutti.pl\/index.php\/?_page=2&#038;rest_route=%2Fwp%2Fv2%2Fpages%2F3089\">&rsaquo;<\/a><\/li>\n\t<\/ul><img loading=\"lazy\" decoding=\"async\" width=\"15\" height=\"15\" class=\"pt-cv-spinner\" alt=\"Loading...\" src=\"data:image\/gif;base64,R0lGODlhDwAPALMPAMrKygwMDJOTkz09PZWVla+vr3p6euTk5M7OzuXl5TMzMwAAAJmZmWZmZszMzP\/\/\/yH\/C05FVFNDQVBFMi4wAwEAAAAh+QQFCgAPACwAAAAADwAPAAAEQvDJaZaZOIcV8iQK8VRX4iTYoAwZ4iCYoAjZ4RxejhVNoT+mRGP4cyF4Pp0N98sBGIBMEMOotl6YZ3S61Bmbkm4mAgAh+QQFCgAPACwAAAAADQANAAAENPDJSRSZeA418itN8QiK8BiLITVsFiyBBIoYqnoewAD4xPw9iY4XLGYSjkQR4UAUD45DLwIAIfkEBQoADwAsAAAAAA8ACQAABC\/wyVlamTi3nSdgwFNdhEJgTJoNyoB9ISYoQmdjiZPcj7EYCAeCF1gEDo4Dz2eIAAAh+QQFCgAPACwCAAAADQANAAAEM\/DJBxiYeLKdX3IJZT1FU0iIg2RNKx3OkZVnZ98ToRD4MyiDnkAh6BkNC0MvsAj0kMpHBAAh+QQFCgAPACwGAAAACQAPAAAEMDC59KpFDll73HkAA2wVY5KgiK5b0RRoI6MuzG6EQqCDMlSGheEhUAgqgUUAFRySIgAh+QQFCgAPACwCAAIADQANAAAEM\/DJKZNLND\/kkKaHc3xk+QAMYDKsiaqmZCxGVjSFFCxB1vwy2oOgIDxuucxAMTAJFAJNBAAh+QQFCgAPACwAAAYADwAJAAAEMNAs86q1yaWwwv2Ig0jUZx3OYa4XoRAfwADXoAwfo1+CIjyFRuEho60aSNYlOPxEAAAh+QQFCgAPACwAAAIADQANAAAENPA9s4y8+IUVcqaWJ4qEQozSoAzoIyhCK2NFU2SJk0hNnyEOhKR2AzAAj4Pj4GE4W0bkJQIAOw==\" \/><div class=\"clear pt-cv-clear-pagination\"><\/div><\/div><\/div>\n","protected":false},"excerpt":{"rendered":"<div class=\"xdj266r x11i5rnm xat24cr x1mh8g0r x1vvkbs x126k92a\">\n<div dir=\"auto\"><strong>MISTRZOSTWA POLSKI W ROCK and ROLLU AKROBATYCZNYM 2025<\/strong>&nbsp;<\/div>\n<div dir=\"auto\">&nbsp;<\/div>\n<\/div>\n<div class=\"x11i5rnm xat24cr x1mh8g0r x1vvkbs xtlvy1s x126k92a\">\n<div dir=\"auto\">To by\u0142 weekend pe\u0142en wzrusze\u0144, ci\u0119\u017ckiej pracy i prawdziwego tanecznego ducha! Nasze niesamowite formacje da\u0142y z siebie wszystko na parkiecie <\/div><\/div>&hellip;","protected":false},"author":1,"featured_media":0,"parent":525,"menu_order":0,"comment_status":"closed","ping_status":"closed","template":"","meta":{"ngg_post_thumbnail":0,"footnotes":""},"class_list":["post-3089","page","type-page","status-publish","hentry"],"yoast_head":"<!-- This site is optimized with the Yoast SEO plugin v19.8 - https:\/\/yoast.com\/wordpress\/plugins\/seo\/ -->\n<title>TURNIEJE - Stowarzyszenie 4tutti<\/title>\n<meta name=\"robots\" content=\"index, follow, max-snippet:-1, max-image-preview:large, max-video-preview:-1\" \/>\n<link rel=\"canonical\" href=\"https:\/\/4tutti.pl\/?page_id=3089\" \/>\n<meta property=\"og:locale\" content=\"pl_PL\" \/>\n<meta property=\"og:type\" content=\"article\" \/>\n<meta property=\"og:title\" content=\"TURNIEJE - Stowarzyszenie 4tutti\" \/>\n<meta property=\"og:description\" content=\"MISTRZOSTWA POLSKI W ROCK and ROLLU AKROBATYCZNYM 2025&nbsp; &nbsp;  To by\u0142 weekend pe\u0142en wzrusze\u0144, ci\u0119\u017ckiej pracy i prawdziwego tanecznego ducha! Nasze niesamowite formacje da\u0142y z siebie wszystko na parkiecie &hellip;\" \/>\n<meta property=\"og:url\" content=\"https:\/\/4tutti.pl\/?page_id=3089\" \/>\n<meta property=\"og:site_name\" content=\"Stowarzyszenie 4tutti\" \/>\n<meta property=\"article:modified_time\" content=\"2024-09-05T16:12:28+00:00\" \/>\n<meta name=\"twitter:card\" content=\"summary_large_image\" \/>\n<meta name=\"twitter:label1\" content=\"Szacowany czas czytania\" \/>\n\t<meta name=\"twitter:data1\" content=\"1 minuta\" \/>\n<script type=\"application\/ld+json\" class=\"yoast-schema-graph\">{\"@context\":\"https:\/\/schema.org\",\"@graph\":[{\"@type\":\"WebPage\",\"@id\":\"https:\/\/4tutti.pl\/?page_id=3089\",\"url\":\"https:\/\/4tutti.pl\/?page_id=3089\",\"name\":\"TURNIEJE - Stowarzyszenie 4tutti\",\"isPartOf\":{\"@id\":\"https:\/\/4tutti.pl\/#website\"},\"datePublished\":\"2024-01-22T18:13:56+00:00\",\"dateModified\":\"2024-09-05T16:12:28+00:00\",\"breadcrumb\":{\"@id\":\"https:\/\/4tutti.pl\/?page_id=3089#breadcrumb\"},\"inLanguage\":\"pl-PL\",\"potentialAction\":[{\"@type\":\"ReadAction\",\"target\":[\"https:\/\/4tutti.pl\/?page_id=3089\"]}]},{\"@type\":\"BreadcrumbList\",\"@id\":\"https:\/\/4tutti.pl\/?page_id=3089#breadcrumb\",\"itemListElement\":[{\"@type\":\"ListItem\",\"position\":1,\"name\":\"Strona g\u0142\u00f3wna\",\"item\":\"https:\/\/4tutti.pl\/\"},{\"@type\":\"ListItem\",\"position\":2,\"name\":\"Aktualno\u015bci\",\"item\":\"https:\/\/4tutti.pl\/?page_id=525\"},{\"@type\":\"ListItem\",\"position\":3,\"name\":\"TURNIEJE\"}]},{\"@type\":\"WebSite\",\"@id\":\"https:\/\/4tutti.pl\/#website\",\"url\":\"https:\/\/4tutti.pl\/\",\"name\":\"Stowarzyszenie 4tutti\",\"description\":\"P\u00f3\u0142kolonie, warsztaty dla dzieci\",\"potentialAction\":[{\"@type\":\"SearchAction\",\"target\":{\"@type\":\"EntryPoint\",\"urlTemplate\":\"https:\/\/4tutti.pl\/?s={search_term_string}\"},\"query-input\":\"required name=search_term_string\"}],\"inLanguage\":\"pl-PL\"}]}<\/script>\n<!-- \/ Yoast SEO plugin. -->","yoast_head_json":{"title":"TURNIEJE - Stowarzyszenie 4tutti","robots":{"index":"index","follow":"follow","max-snippet":"max-snippet:-1","max-image-preview":"max-image-preview:large","max-video-preview":"max-video-preview:-1"},"canonical":"https:\/\/4tutti.pl\/?page_id=3089","og_locale":"pl_PL","og_type":"article","og_title":"TURNIEJE - Stowarzyszenie 4tutti","og_description":"MISTRZOSTWA POLSKI W ROCK and ROLLU AKROBATYCZNYM 2025&nbsp; &nbsp;  To by\u0142 weekend pe\u0142en wzrusze\u0144, ci\u0119\u017ckiej pracy i prawdziwego tanecznego ducha! Nasze niesamowite formacje da\u0142y z siebie wszystko na parkiecie &hellip;","og_url":"https:\/\/4tutti.pl\/?page_id=3089","og_site_name":"Stowarzyszenie 4tutti","article_modified_time":"2024-09-05T16:12:28+00:00","twitter_card":"summary_large_image","twitter_misc":{"Szacowany czas czytania":"1 minuta"},"schema":{"@context":"https:\/\/schema.org","@graph":[{"@type":"WebPage","@id":"https:\/\/4tutti.pl\/?page_id=3089","url":"https:\/\/4tutti.pl\/?page_id=3089","name":"TURNIEJE - Stowarzyszenie 4tutti","isPartOf":{"@id":"https:\/\/4tutti.pl\/#website"},"datePublished":"2024-01-22T18:13:56+00:00","dateModified":"2024-09-05T16:12:28+00:00","breadcrumb":{"@id":"https:\/\/4tutti.pl\/?page_id=3089#breadcrumb"},"inLanguage":"pl-PL","potentialAction":[{"@type":"ReadAction","target":["https:\/\/4tutti.pl\/?page_id=3089"]}]},{"@type":"BreadcrumbList","@id":"https:\/\/4tutti.pl\/?page_id=3089#breadcrumb","itemListElement":[{"@type":"ListItem","position":1,"name":"Strona g\u0142\u00f3wna","item":"https:\/\/4tutti.pl\/"},{"@type":"ListItem","position":2,"name":"Aktualno\u015bci","item":"https:\/\/4tutti.pl\/?page_id=525"},{"@type":"ListItem","position":3,"name":"TURNIEJE"}]},{"@type":"WebSite","@id":"https:\/\/4tutti.pl\/#website","url":"https:\/\/4tutti.pl\/","name":"Stowarzyszenie 4tutti","description":"P\u00f3\u0142kolonie, warsztaty dla dzieci","potentialAction":[{"@type":"SearchAction","target":{"@type":"EntryPoint","urlTemplate":"https:\/\/4tutti.pl\/?s={search_term_string}"},"query-input":"required name=search_term_string"}],"inLanguage":"pl-PL"}]}},"_links":{"self":[{"href":"https:\/\/4tutti.pl\/index.php?rest_route=\/wp\/v2\/pages\/3089","targetHints":{"allow":["GET"]}}],"collection":[{"href":"https:\/\/4tutti.pl\/index.php?rest_route=\/wp\/v2\/pages"}],"about":[{"href":"https:\/\/4tutti.pl\/index.php?rest_route=\/wp\/v2\/types\/page"}],"author":[{"embeddable":true,"href":"https:\/\/4tutti.pl\/index.php?rest_route=\/wp\/v2\/users\/1"}],"replies":[{"embeddable":true,"href":"https:\/\/4tutti.pl\/index.php?rest_route=%2Fwp%2Fv2%2Fcomments&post=3089"}],"version-history":[{"count":3,"href":"https:\/\/4tutti.pl\/index.php?rest_route=\/wp\/v2\/pages\/3089\/revisions"}],"predecessor-version":[{"id":4311,"href":"https:\/\/4tutti.pl\/index.php?rest_route=\/wp\/v2\/pages\/3089\/revisions\/4311"}],"up":[{"embeddable":true,"href":"https:\/\/4tutti.pl\/index.php?rest_route=\/wp\/v2\/pages\/525"}],"wp:attachment":[{"href":"https:\/\/4tutti.pl\/index.php?rest_route=%2Fwp%2Fv2%2Fmedia&parent=3089"}],"curies":[{"name":"wp","href":"https:\/\/api.w.org\/{rel}","templated":true}]}}