{"id":3631,"date":"2024-04-23T20:23:24","date_gmt":"2024-04-23T18:23:24","guid":{"rendered":"https:\/\/4tutti.pl\/?page_id=3631"},"modified":"2024-04-23T20:28:21","modified_gmt":"2024-04-23T18:28:21","slug":"puchar-swiata-zabrze-2024","status":"publish","type":"page","link":"https:\/\/4tutti.pl\/?page_id=3631","title":{"rendered":"PUCHAR \u015aWIATA ZABRZE 2024"},"content":{"rendered":"<p>Nie zwalniamy tempa !!!&nbsp;<\/p>\n<p>Przed nasz\u0105 formacj\u0105 <strong>MONSTER HIGH&nbsp;<\/strong> kolejne zawody.&nbsp; &nbsp; <img loading=\"lazy\" decoding=\"async\" class=\"size-medium wp-image-3637 aligncenter\" src=\"https:\/\/4tutti.pl\/wp-content\/uploads\/2024\/04\/IMG_1502-300x135.jpeg\" alt=\"\" width=\"300\" height=\"135\" srcset=\"https:\/\/4tutti.pl\/wp-content\/uploads\/2024\/04\/IMG_1502-300x135.jpeg 300w, https:\/\/4tutti.pl\/wp-content\/uploads\/2024\/04\/IMG_1502-1024x461.jpeg 1024w, https:\/\/4tutti.pl\/wp-content\/uploads\/2024\/04\/IMG_1502-768x346.jpeg 768w, https:\/\/4tutti.pl\/wp-content\/uploads\/2024\/04\/IMG_1502.jpeg 1280w\" sizes=\"auto, (max-width: 300px) 100vw, 300px\" \/><\/p>\n<p>Tym razem wybieramy si\u0119 na <em><strong>Word Cup<\/strong><\/em>, kt\u00f3ry odb\u0119dzie si\u0119 27 kwietnia 2024 r. w Zabrzu.<\/p>\n<p>Jest to NASZ pierwszy wyjazd na tak presti\u017cowe zawody.<\/p>\n<p>Trzymajcie kciuki \ud83d\ude42&nbsp;&nbsp;<\/p>\n","protected":false},"excerpt":{"rendered":"<p>Nie zwalniamy tempa !!!&nbsp; Przed nasz\u0105 formacj\u0105 MONSTER HIGH&nbsp; kolejne zawody.&nbsp; &nbsp; Tym razem wybieramy si\u0119 na Word Cup, kt\u00f3ry odb\u0119dzie si\u0119 27 kwietnia 2024 r. w Zabrzu. Jest to NASZ pierwszy wyjazd na tak presti\u017cowe zawody. Trzymajcie kciuki \ud83d\ude42&nbsp;&nbsp;<\/p>\n","protected":false},"author":2,"featured_media":3632,"parent":2609,"menu_order":0,"comment_status":"closed","ping_status":"closed","template":"","meta":{"ngg_post_thumbnail":0,"footnotes":""},"class_list":["post-3631","page","type-page","status-publish","has-post-thumbnail","hentry"],"yoast_head":"<!-- This site is optimized with the Yoast SEO plugin v19.8 - https:\/\/yoast.com\/wordpress\/plugins\/seo\/ -->\n<title>PUCHAR \u015aWIATA ZABRZE 2024 - Stowarzyszenie 4tutti<\/title>\n<meta name=\"robots\" content=\"index, follow, max-snippet:-1, max-image-preview:large, max-video-preview:-1\" \/>\n<link rel=\"canonical\" href=\"https:\/\/4tutti.pl\/?page_id=3631\" \/>\n<meta property=\"og:locale\" content=\"pl_PL\" \/>\n<meta property=\"og:type\" content=\"article\" \/>\n<meta property=\"og:title\" content=\"PUCHAR \u015aWIATA ZABRZE 2024 - Stowarzyszenie 4tutti\" \/>\n<meta property=\"og:description\" content=\"Nie zwalniamy tempa !!!&nbsp; Przed nasz\u0105 formacj\u0105 MONSTER HIGH&nbsp; kolejne zawody.&nbsp; &nbsp; Tym razem wybieramy si\u0119 na Word Cup, kt\u00f3ry odb\u0119dzie si\u0119 27 kwietnia 2024 r. w Zabrzu. Jest to NASZ pierwszy wyjazd na tak presti\u017cowe zawody. Trzymajcie kciuki \ud83d\ude42&nbsp;&nbsp;\" \/>\n<meta property=\"og:url\" content=\"https:\/\/4tutti.pl\/?page_id=3631\" \/>\n<meta property=\"og:site_name\" content=\"Stowarzyszenie 4tutti\" \/>\n<meta property=\"article:modified_time\" content=\"2024-04-23T18:28:21+00:00\" \/>\n<meta property=\"og:image\" content=\"https:\/\/4tutti.pl\/wp-content\/uploads\/2024\/04\/IMG_1510.jpeg\" \/>\n\t<meta property=\"og:image:width\" content=\"1280\" \/>\n\t<meta property=\"og:image:height\" content=\"720\" \/>\n\t<meta property=\"og:image:type\" content=\"image\/jpeg\" \/>\n<meta name=\"twitter:card\" content=\"summary_large_image\" \/>\n<script type=\"application\/ld+json\" class=\"yoast-schema-graph\">{\"@context\":\"https:\/\/schema.org\",\"@graph\":[{\"@type\":\"WebPage\",\"@id\":\"https:\/\/4tutti.pl\/?page_id=3631\",\"url\":\"https:\/\/4tutti.pl\/?page_id=3631\",\"name\":\"PUCHAR \u015aWIATA ZABRZE 2024 - Stowarzyszenie 4tutti\",\"isPartOf\":{\"@id\":\"https:\/\/4tutti.pl\/#website\"},\"datePublished\":\"2024-04-23T18:23:24+00:00\",\"dateModified\":\"2024-04-23T18:28:21+00:00\",\"breadcrumb\":{\"@id\":\"https:\/\/4tutti.pl\/?page_id=3631#breadcrumb\"},\"inLanguage\":\"pl-PL\",\"potentialAction\":[{\"@type\":\"ReadAction\",\"target\":[\"https:\/\/4tutti.pl\/?page_id=3631\"]}]},{\"@type\":\"BreadcrumbList\",\"@id\":\"https:\/\/4tutti.pl\/?page_id=3631#breadcrumb\",\"itemListElement\":[{\"@type\":\"ListItem\",\"position\":1,\"name\":\"Strona g\u0142\u00f3wna\",\"item\":\"https:\/\/4tutti.pl\/\"},{\"@type\":\"ListItem\",\"position\":2,\"name\":\"Aktualno\u015bci\",\"item\":\"https:\/\/4tutti.pl\/?page_id=525\"},{\"@type\":\"ListItem\",\"position\":3,\"name\":\"NOWO\u015aCI\",\"item\":\"https:\/\/4tutti.pl\/?page_id=2609\"},{\"@type\":\"ListItem\",\"position\":4,\"name\":\"PUCHAR \u015aWIATA ZABRZE 2024\"}]},{\"@type\":\"WebSite\",\"@id\":\"https:\/\/4tutti.pl\/#website\",\"url\":\"https:\/\/4tutti.pl\/\",\"name\":\"Stowarzyszenie 4tutti\",\"description\":\"P\u00f3\u0142kolonie, warsztaty dla dzieci\",\"potentialAction\":[{\"@type\":\"SearchAction\",\"target\":{\"@type\":\"EntryPoint\",\"urlTemplate\":\"https:\/\/4tutti.pl\/?s={search_term_string}\"},\"query-input\":\"required name=search_term_string\"}],\"inLanguage\":\"pl-PL\"}]}<\/script>\n<!-- \/ Yoast SEO plugin. -->","yoast_head_json":{"title":"PUCHAR \u015aWIATA ZABRZE 2024 - Stowarzyszenie 4tutti","robots":{"index":"index","follow":"follow","max-snippet":"max-snippet:-1","max-image-preview":"max-image-preview:large","max-video-preview":"max-video-preview:-1"},"canonical":"https:\/\/4tutti.pl\/?page_id=3631","og_locale":"pl_PL","og_type":"article","og_title":"PUCHAR \u015aWIATA ZABRZE 2024 - Stowarzyszenie 4tutti","og_description":"Nie zwalniamy tempa !!!&nbsp; Przed nasz\u0105 formacj\u0105 MONSTER HIGH&nbsp; kolejne zawody.&nbsp; &nbsp; Tym razem wybieramy si\u0119 na Word Cup, kt\u00f3ry odb\u0119dzie si\u0119 27 kwietnia 2024 r. w Zabrzu. Jest to NASZ pierwszy wyjazd na tak presti\u017cowe zawody. Trzymajcie kciuki \ud83d\ude42&nbsp;&nbsp;","og_url":"https:\/\/4tutti.pl\/?page_id=3631","og_site_name":"Stowarzyszenie 4tutti","article_modified_time":"2024-04-23T18:28:21+00:00","og_image":[{"width":1280,"height":720,"url":"https:\/\/4tutti.pl\/wp-content\/uploads\/2024\/04\/IMG_1510.jpeg","type":"image\/jpeg"}],"twitter_card":"summary_large_image","schema":{"@context":"https:\/\/schema.org","@graph":[{"@type":"WebPage","@id":"https:\/\/4tutti.pl\/?page_id=3631","url":"https:\/\/4tutti.pl\/?page_id=3631","name":"PUCHAR \u015aWIATA ZABRZE 2024 - Stowarzyszenie 4tutti","isPartOf":{"@id":"https:\/\/4tutti.pl\/#website"},"datePublished":"2024-04-23T18:23:24+00:00","dateModified":"2024-04-23T18:28:21+00:00","breadcrumb":{"@id":"https:\/\/4tutti.pl\/?page_id=3631#breadcrumb"},"inLanguage":"pl-PL","potentialAction":[{"@type":"ReadAction","target":["https:\/\/4tutti.pl\/?page_id=3631"]}]},{"@type":"BreadcrumbList","@id":"https:\/\/4tutti.pl\/?page_id=3631#breadcrumb","itemListElement":[{"@type":"ListItem","position":1,"name":"Strona g\u0142\u00f3wna","item":"https:\/\/4tutti.pl\/"},{"@type":"ListItem","position":2,"name":"Aktualno\u015bci","item":"https:\/\/4tutti.pl\/?page_id=525"},{"@type":"ListItem","position":3,"name":"NOWO\u015aCI","item":"https:\/\/4tutti.pl\/?page_id=2609"},{"@type":"ListItem","position":4,"name":"PUCHAR \u015aWIATA ZABRZE 2024"}]},{"@type":"WebSite","@id":"https:\/\/4tutti.pl\/#website","url":"https:\/\/4tutti.pl\/","name":"Stowarzyszenie 4tutti","description":"P\u00f3\u0142kolonie, warsztaty dla dzieci","potentialAction":[{"@type":"SearchAction","target":{"@type":"EntryPoint","urlTemplate":"https:\/\/4tutti.pl\/?s={search_term_string}"},"query-input":"required name=search_term_string"}],"inLanguage":"pl-PL"}]}},"_links":{"self":[{"href":"https:\/\/4tutti.pl\/index.php?rest_route=\/wp\/v2\/pages\/3631","targetHints":{"allow":["GET"]}}],"collection":[{"href":"https:\/\/4tutti.pl\/index.php?rest_route=\/wp\/v2\/pages"}],"about":[{"href":"https:\/\/4tutti.pl\/index.php?rest_route=\/wp\/v2\/types\/page"}],"author":[{"embeddable":true,"href":"https:\/\/4tutti.pl\/index.php?rest_route=\/wp\/v2\/users\/2"}],"replies":[{"embeddable":true,"href":"https:\/\/4tutti.pl\/index.php?rest_route=%2Fwp%2Fv2%2Fcomments&post=3631"}],"version-history":[{"count":5,"href":"https:\/\/4tutti.pl\/index.php?rest_route=\/wp\/v2\/pages\/3631\/revisions"}],"predecessor-version":[{"id":3638,"href":"https:\/\/4tutti.pl\/index.php?rest_route=\/wp\/v2\/pages\/3631\/revisions\/3638"}],"up":[{"embeddable":true,"href":"https:\/\/4tutti.pl\/index.php?rest_route=\/wp\/v2\/pages\/2609"}],"wp:featuredmedia":[{"embeddable":true,"href":"https:\/\/4tutti.pl\/index.php?rest_route=\/wp\/v2\/media\/3632"}],"wp:attachment":[{"href":"https:\/\/4tutti.pl\/index.php?rest_route=%2Fwp%2Fv2%2Fmedia&parent=3631"}],"curies":[{"name":"wp","href":"https:\/\/api.w.org\/{rel}","templated":true}]}}