{"id":3640,"date":"2024-03-17T21:03:34","date_gmt":"2024-03-17T20:03:34","guid":{"rendered":"https:\/\/4tutti.pl\/?page_id=3640"},"modified":"2024-05-12T21:23:16","modified_gmt":"2024-05-12T19:23:16","slug":"puchar-polski-gorlice","status":"publish","type":"page","link":"https:\/\/4tutti.pl\/?page_id=3640","title":{"rendered":"Puchar Polski Gorlice 2024"},"content":{"rendered":"<p>I ju\u017c po zawodach&nbsp; w&nbsp; Gorlicach<\/p>\n<p>Nasza formacja Avengers zaj\u0119\u0142a 3 miejsce<\/p>\n<p>GRATULACJE&nbsp; &#8211;&nbsp; Jeste\u015bmy bardzo dumni z naszych dziewczyn!!!<\/p>\n<p>&nbsp;<\/p>\n<p>Polski Zwi\u0105zek Rock&#8217;n&#8217;Rolla Akrobatycznego zaprasza na Mi\u0119dzynarodowy Puchar Polski do Gorlic.<\/p>\n<p>Zawody odb\u0119d\u0105 si\u0119 16 marca 2024r.&nbsp;<\/p>\n<p>Udzia\u0142 w Pucharze Polski we\u017amie nasza najstarsza formacja Avengers !!!&nbsp; TRZYMAJCIE KCIUKZ ZA DZIEWCZYNY \ud83d\ude42<\/p>\n","protected":false},"excerpt":{"rendered":"<p>I ju\u017c po zawodach&nbsp; w&nbsp; Gorlicach Nasza formacja Avengers zaj\u0119\u0142a 3 miejsce GRATULACJE&nbsp; &#8211;&nbsp; Jeste\u015bmy bardzo dumni z naszych dziewczyn!!! &nbsp; Polski Zwi\u0105zek Rock&#8217;n&#8217;Rolla Akrobatycznego zaprasza na Mi\u0119dzynarodowy Puchar Polski do Gorlic. Zawody odb\u0119d\u0105 si\u0119 16 marca 2024r.&nbsp; Udzia\u0142 w Pucharze Polski we\u017amie nasza najstarsza formacja Avengers !!!&nbsp; TRZYMAJCIE KCIUKZ ZA DZIEWCZYNY \ud83d\ude42<\/p>\n","protected":false},"author":2,"featured_media":3597,"parent":2609,"menu_order":0,"comment_status":"closed","ping_status":"closed","template":"","meta":{"ngg_post_thumbnail":0,"footnotes":""},"class_list":["post-3640","page","type-page","status-publish","has-post-thumbnail","hentry"],"yoast_head":"<!-- This site is optimized with the Yoast SEO plugin v19.8 - https:\/\/yoast.com\/wordpress\/plugins\/seo\/ -->\n<title>Puchar Polski Gorlice 2024 - Stowarzyszenie 4tutti<\/title>\n<meta name=\"robots\" content=\"index, follow, max-snippet:-1, max-image-preview:large, max-video-preview:-1\" \/>\n<link rel=\"canonical\" href=\"https:\/\/4tutti.pl\/?page_id=3640\" \/>\n<meta property=\"og:locale\" content=\"pl_PL\" \/>\n<meta property=\"og:type\" content=\"article\" \/>\n<meta property=\"og:title\" content=\"Puchar Polski Gorlice 2024 - Stowarzyszenie 4tutti\" \/>\n<meta property=\"og:description\" content=\"I ju\u017c po zawodach&nbsp; w&nbsp; Gorlicach Nasza formacja Avengers zaj\u0119\u0142a 3 miejsce GRATULACJE&nbsp; &#8211;&nbsp; Jeste\u015bmy bardzo dumni z naszych dziewczyn!!! &nbsp; Polski Zwi\u0105zek Rock&#8217;n&#8217;Rolla Akrobatycznego zaprasza na Mi\u0119dzynarodowy Puchar Polski do Gorlic. Zawody odb\u0119d\u0105 si\u0119 16 marca 2024r.&nbsp; Udzia\u0142 w Pucharze Polski we\u017amie nasza najstarsza formacja Avengers !!!&nbsp; TRZYMAJCIE KCIUKZ ZA DZIEWCZYNY \ud83d\ude42\" \/>\n<meta property=\"og:url\" content=\"https:\/\/4tutti.pl\/?page_id=3640\" \/>\n<meta property=\"og:site_name\" content=\"Stowarzyszenie 4tutti\" \/>\n<meta property=\"article:modified_time\" content=\"2024-05-12T19:23:16+00:00\" \/>\n<meta property=\"og:image\" content=\"https:\/\/4tutti.pl\/wp-content\/uploads\/2024\/04\/IMG_1514.jpeg\" \/>\n\t<meta property=\"og:image:width\" content=\"720\" \/>\n\t<meta property=\"og:image:height\" content=\"1280\" \/>\n\t<meta property=\"og:image:type\" content=\"image\/jpeg\" \/>\n<meta name=\"twitter:card\" content=\"summary_large_image\" \/>\n<script type=\"application\/ld+json\" class=\"yoast-schema-graph\">{\"@context\":\"https:\/\/schema.org\",\"@graph\":[{\"@type\":\"WebPage\",\"@id\":\"https:\/\/4tutti.pl\/?page_id=3640\",\"url\":\"https:\/\/4tutti.pl\/?page_id=3640\",\"name\":\"Puchar Polski Gorlice 2024 - Stowarzyszenie 4tutti\",\"isPartOf\":{\"@id\":\"https:\/\/4tutti.pl\/#website\"},\"datePublished\":\"2024-03-17T20:03:34+00:00\",\"dateModified\":\"2024-05-12T19:23:16+00:00\",\"breadcrumb\":{\"@id\":\"https:\/\/4tutti.pl\/?page_id=3640#breadcrumb\"},\"inLanguage\":\"pl-PL\",\"potentialAction\":[{\"@type\":\"ReadAction\",\"target\":[\"https:\/\/4tutti.pl\/?page_id=3640\"]}]},{\"@type\":\"BreadcrumbList\",\"@id\":\"https:\/\/4tutti.pl\/?page_id=3640#breadcrumb\",\"itemListElement\":[{\"@type\":\"ListItem\",\"position\":1,\"name\":\"Strona g\u0142\u00f3wna\",\"item\":\"https:\/\/4tutti.pl\/\"},{\"@type\":\"ListItem\",\"position\":2,\"name\":\"Aktualno\u015bci\",\"item\":\"https:\/\/4tutti.pl\/?page_id=525\"},{\"@type\":\"ListItem\",\"position\":3,\"name\":\"NOWO\u015aCI\",\"item\":\"https:\/\/4tutti.pl\/?page_id=2609\"},{\"@type\":\"ListItem\",\"position\":4,\"name\":\"Puchar Polski Gorlice 2024\"}]},{\"@type\":\"WebSite\",\"@id\":\"https:\/\/4tutti.pl\/#website\",\"url\":\"https:\/\/4tutti.pl\/\",\"name\":\"Stowarzyszenie 4tutti\",\"description\":\"P\u00f3\u0142kolonie, warsztaty dla dzieci\",\"potentialAction\":[{\"@type\":\"SearchAction\",\"target\":{\"@type\":\"EntryPoint\",\"urlTemplate\":\"https:\/\/4tutti.pl\/?s={search_term_string}\"},\"query-input\":\"required name=search_term_string\"}],\"inLanguage\":\"pl-PL\"}]}<\/script>\n<!-- \/ Yoast SEO plugin. -->","yoast_head_json":{"title":"Puchar Polski Gorlice 2024 - Stowarzyszenie 4tutti","robots":{"index":"index","follow":"follow","max-snippet":"max-snippet:-1","max-image-preview":"max-image-preview:large","max-video-preview":"max-video-preview:-1"},"canonical":"https:\/\/4tutti.pl\/?page_id=3640","og_locale":"pl_PL","og_type":"article","og_title":"Puchar Polski Gorlice 2024 - Stowarzyszenie 4tutti","og_description":"I ju\u017c po zawodach&nbsp; w&nbsp; Gorlicach Nasza formacja Avengers zaj\u0119\u0142a 3 miejsce GRATULACJE&nbsp; &#8211;&nbsp; Jeste\u015bmy bardzo dumni z naszych dziewczyn!!! &nbsp; Polski Zwi\u0105zek Rock&#8217;n&#8217;Rolla Akrobatycznego zaprasza na Mi\u0119dzynarodowy Puchar Polski do Gorlic. Zawody odb\u0119d\u0105 si\u0119 16 marca 2024r.&nbsp; Udzia\u0142 w Pucharze Polski we\u017amie nasza najstarsza formacja Avengers !!!&nbsp; TRZYMAJCIE KCIUKZ ZA DZIEWCZYNY \ud83d\ude42","og_url":"https:\/\/4tutti.pl\/?page_id=3640","og_site_name":"Stowarzyszenie 4tutti","article_modified_time":"2024-05-12T19:23:16+00:00","og_image":[{"width":720,"height":1280,"url":"https:\/\/4tutti.pl\/wp-content\/uploads\/2024\/04\/IMG_1514.jpeg","type":"image\/jpeg"}],"twitter_card":"summary_large_image","schema":{"@context":"https:\/\/schema.org","@graph":[{"@type":"WebPage","@id":"https:\/\/4tutti.pl\/?page_id=3640","url":"https:\/\/4tutti.pl\/?page_id=3640","name":"Puchar Polski Gorlice 2024 - Stowarzyszenie 4tutti","isPartOf":{"@id":"https:\/\/4tutti.pl\/#website"},"datePublished":"2024-03-17T20:03:34+00:00","dateModified":"2024-05-12T19:23:16+00:00","breadcrumb":{"@id":"https:\/\/4tutti.pl\/?page_id=3640#breadcrumb"},"inLanguage":"pl-PL","potentialAction":[{"@type":"ReadAction","target":["https:\/\/4tutti.pl\/?page_id=3640"]}]},{"@type":"BreadcrumbList","@id":"https:\/\/4tutti.pl\/?page_id=3640#breadcrumb","itemListElement":[{"@type":"ListItem","position":1,"name":"Strona g\u0142\u00f3wna","item":"https:\/\/4tutti.pl\/"},{"@type":"ListItem","position":2,"name":"Aktualno\u015bci","item":"https:\/\/4tutti.pl\/?page_id=525"},{"@type":"ListItem","position":3,"name":"NOWO\u015aCI","item":"https:\/\/4tutti.pl\/?page_id=2609"},{"@type":"ListItem","position":4,"name":"Puchar Polski Gorlice 2024"}]},{"@type":"WebSite","@id":"https:\/\/4tutti.pl\/#website","url":"https:\/\/4tutti.pl\/","name":"Stowarzyszenie 4tutti","description":"P\u00f3\u0142kolonie, warsztaty dla dzieci","potentialAction":[{"@type":"SearchAction","target":{"@type":"EntryPoint","urlTemplate":"https:\/\/4tutti.pl\/?s={search_term_string}"},"query-input":"required name=search_term_string"}],"inLanguage":"pl-PL"}]}},"_links":{"self":[{"href":"https:\/\/4tutti.pl\/index.php?rest_route=\/wp\/v2\/pages\/3640","targetHints":{"allow":["GET"]}}],"collection":[{"href":"https:\/\/4tutti.pl\/index.php?rest_route=\/wp\/v2\/pages"}],"about":[{"href":"https:\/\/4tutti.pl\/index.php?rest_route=\/wp\/v2\/types\/page"}],"author":[{"embeddable":true,"href":"https:\/\/4tutti.pl\/index.php?rest_route=\/wp\/v2\/users\/2"}],"replies":[{"embeddable":true,"href":"https:\/\/4tutti.pl\/index.php?rest_route=%2Fwp%2Fv2%2Fcomments&post=3640"}],"version-history":[{"count":4,"href":"https:\/\/4tutti.pl\/index.php?rest_route=\/wp\/v2\/pages\/3640\/revisions"}],"predecessor-version":[{"id":3644,"href":"https:\/\/4tutti.pl\/index.php?rest_route=\/wp\/v2\/pages\/3640\/revisions\/3644"}],"up":[{"embeddable":true,"href":"https:\/\/4tutti.pl\/index.php?rest_route=\/wp\/v2\/pages\/2609"}],"wp:featuredmedia":[{"embeddable":true,"href":"https:\/\/4tutti.pl\/index.php?rest_route=\/wp\/v2\/media\/3597"}],"wp:attachment":[{"href":"https:\/\/4tutti.pl\/index.php?rest_route=%2Fwp%2Fv2%2Fmedia&parent=3640"}],"curies":[{"name":"wp","href":"https:\/\/api.w.org\/{rel}","templated":true}]}}