{"id":3686,"date":"2024-05-19T20:41:08","date_gmt":"2024-05-19T18:41:08","guid":{"rendered":"https:\/\/4tutti.pl\/?page_id=3686"},"modified":"2024-05-30T21:17:28","modified_gmt":"2024-05-30T19:17:28","slug":"pokazy-w-ze-nr-10-zielona-gora","status":"publish","type":"page","link":"https:\/\/4tutti.pl\/?page_id=3686","title":{"rendered":"POKAZY W ZE nr 10 ZIELONA G\u00d3RA"},"content":{"rendered":"<div class=\"xdj266r x11i5rnm xat24cr x1mh8g0r x1vvkbs x126k92a\">\n<div dir=\"auto\">Pokazy pozwalaj\u0105 nabywa\u0107 pewno\u015bci siebie, prze\u0142amywa\u0107 nie\u015bmia\u0142o\u015b\u0107 i niepewno\u015b\u0107 przed publicznymi wyst\u0119pami <span class=\"html-span xexx8yu x4uap5 x18d9i69 xkhd6sd x1hl2dhg x16tdsg8 x1vvkbs x3nfvp2 x1j61x8r x1fcty0u xdj266r xhhsvwb xat24cr xgzva0m xxymvpz xlup9mm x1kky2od\"><img loading=\"lazy\" decoding=\"async\" class=\"xz74otr\" src=\"https:\/\/static.xx.fbcdn.net\/images\/emoji.php\/v9\/tc7\/1\/16\/1f483.png\" alt=\"\ud83d\udc83\" width=\"16\" height=\"16\"><\/span><span class=\"html-span xexx8yu x4uap5 x18d9i69 xkhd6sd x1hl2dhg x16tdsg8 x1vvkbs x3nfvp2 x1j61x8r x1fcty0u xdj266r xhhsvwb xat24cr xgzva0m xxymvpz xlup9mm x1kky2od\"><img loading=\"lazy\" decoding=\"async\" class=\"xz74otr\" src=\"https:\/\/static.xx.fbcdn.net\/images\/emoji.php\/v9\/t76\/1\/16\/1f938.png\" alt=\"\ud83e\udd38\" width=\"16\" height=\"16\"><\/span><span class=\"html-span xexx8yu x4uap5 x18d9i69 xkhd6sd x1hl2dhg x16tdsg8 x1vvkbs x3nfvp2 x1j61x8r x1fcty0u xdj266r xhhsvwb xat24cr xgzva0m xxymvpz xlup9mm x1kky2od\"><img loading=\"lazy\" decoding=\"async\" class=\"xz74otr\" src=\"https:\/\/static.xx.fbcdn.net\/images\/emoji.php\/v9\/t6c\/1\/16\/1f4aa.png\" alt=\"\ud83d\udcaa\" width=\"16\" height=\"16\"><\/span><\/div>\n<div dir=\"auto\">Rozwijaj\u0105 tak\u017ce zainteresowania, stymuluj\u0105 ich rozw\u00f3j intelektualny i poszerzaj\u0105 wyobra\u017ani\u0119.<\/div>\n<\/div>\n<div class=\"x11i5rnm xat24cr x1mh8g0r x1vvkbs xtlvy1s x126k92a\">\n<div dir=\"auto\">Nasze dzieci mia\u0142y okazj\u0119 zaprezentowa\u0107 swoje umiej\u0119tno\u015bci w dniu 17 maja 24r. na festynie <span class=\"html-span xdj266r x11i5rnm xat24cr x1mh8g0r xexx8yu x4uap5 x18d9i69 xkhd6sd x1hl2dhg x16tdsg8 x1vvkbs\"><a class=\"x1i10hfl xjbqb8w x1ejq31n xd10rxx x1sy0etr x17r0tee x972fbf xcfux6l x1qhh985 xm0m39n x9f619 x1ypdohk xt0psk2 xe8uvvx xdj266r x11i5rnm xat24cr x1mh8g0r xexx8yu x4uap5 x18d9i69 xkhd6sd x16tdsg8 x1hl2dhg xggy1nq x1a2a7pz x1sur9pj xkrqix3 x1fey0fg xo1l8bm\" tabindex=\"0\" role=\"link\" href=\"https:\/\/www.facebook.com\/profile.php?id=100088177823499&amp;__cft__[0]=AZXJE6EHm5pY5L6AGjbmOeiYdyxKHee9o4EkJMLoPTf9bZmt1XTzMoG-HmUSzk6yPcGR-qpRWj9G8PNQe_y0SmODtTMlNmo7T1RYX5gexy9DguphWuZmygln_-OuqXJb4mJ4PN9nVt_sBf1OBEZl_KH7BcRE48iOwfe4r6y0b124VxEatuSuZ-UKa3iRCB1nOIimmLvsKGpwIrgSOMI6c19JSUQZAagTYuswYz1aWeI0Qw&amp;__tn__=-]K-R\"><span class=\"xt0psk2\">Zesp\u00f3\u0142 Edukacyjny nr 10 &#8211; Miejskie Przedszkole nr 19<\/span><\/a><\/span><\/div>\n<div dir=\"auto\">Pi\u0119knie by\u0142o <span class=\"html-span xexx8yu x4uap5 x18d9i69 xkhd6sd x1hl2dhg x16tdsg8 x1vvkbs x3nfvp2 x1j61x8r x1fcty0u xdj266r xhhsvwb xat24cr xgzva0m xxymvpz xlup9mm x1kky2od\"><img loading=\"lazy\" decoding=\"async\" class=\"xz74otr\" src=\"https:\/\/static.xx.fbcdn.net\/images\/emoji.php\/v9\/tce\/1\/16\/1f600.png\" alt=\"\ud83d\ude00\" width=\"16\" height=\"16\"><\/span><span class=\"html-span xexx8yu x4uap5 x18d9i69 xkhd6sd x1hl2dhg x16tdsg8 x1vvkbs x3nfvp2 x1j61x8r x1fcty0u xdj266r xhhsvwb xat24cr xgzva0m xxymvpz xlup9mm x1kky2od\"><img loading=\"lazy\" decoding=\"async\" class=\"xz74otr\" src=\"https:\/\/static.xx.fbcdn.net\/images\/emoji.php\/v9\/tc7\/1\/16\/1f483.png\" alt=\"\ud83d\udc83\" width=\"16\" height=\"16\"><\/span><span class=\"html-span xexx8yu x4uap5 x18d9i69 xkhd6sd x1hl2dhg x16tdsg8 x1vvkbs x3nfvp2 x1j61x8r x1fcty0u xdj266r xhhsvwb xat24cr xgzva0m xxymvpz xlup9mm x1kky2od\"><img loading=\"lazy\" decoding=\"async\" class=\"xz74otr\" src=\"https:\/\/static.xx.fbcdn.net\/images\/emoji.php\/v9\/t76\/1\/16\/1f938.png\" alt=\"\ud83e\udd38\" width=\"16\" height=\"16\"><\/span><\/div>\n<\/div>\n<div dir=\"auto\">&nbsp;<\/div>\n<div dir=\"auto\">ZAPRASZAMY DO GALERII &#8211;&nbsp; POKAZY&nbsp; aby zobaczy\u0107 jak by\u0142o &#8230;<\/div>\n","protected":false},"excerpt":{"rendered":"<p>Pokazy pozwalaj\u0105 nabywa\u0107 pewno\u015bci siebie, prze\u0142amywa\u0107 nie\u015bmia\u0142o\u015b\u0107 i niepewno\u015b\u0107 przed publicznymi wyst\u0119pami Rozwijaj\u0105 tak\u017ce zainteresowania, stymuluj\u0105 ich rozw\u00f3j intelektualny i poszerzaj\u0105 wyobra\u017ani\u0119. Nasze dzieci mia\u0142y okazj\u0119 zaprezentowa\u0107 swoje umiej\u0119tno\u015bci w dniu 17 maja 24r. na festynie Zesp\u00f3\u0142 Edukacyjny nr 10 &#8211; Miejskie Przedszkole nr 19 Pi\u0119knie by\u0142o &nbsp; ZAPRASZAMY DO GALERII &#8211;&nbsp; POKAZY&nbsp; aby zobaczy\u0107 [&hellip;]<\/p>\n","protected":false},"author":2,"featured_media":3687,"parent":2609,"menu_order":0,"comment_status":"closed","ping_status":"closed","template":"","meta":{"ngg_post_thumbnail":0,"footnotes":""},"class_list":["post-3686","page","type-page","status-publish","has-post-thumbnail","hentry"],"yoast_head":"<!-- This site is optimized with the Yoast SEO plugin v19.8 - https:\/\/yoast.com\/wordpress\/plugins\/seo\/ -->\n<title>POKAZY W ZE nr 10 ZIELONA G\u00d3RA - Stowarzyszenie 4tutti<\/title>\n<meta name=\"robots\" content=\"index, follow, max-snippet:-1, max-image-preview:large, max-video-preview:-1\" \/>\n<link rel=\"canonical\" href=\"https:\/\/4tutti.pl\/?page_id=3686\" \/>\n<meta property=\"og:locale\" content=\"pl_PL\" \/>\n<meta property=\"og:type\" content=\"article\" \/>\n<meta property=\"og:title\" content=\"POKAZY W ZE nr 10 ZIELONA G\u00d3RA - Stowarzyszenie 4tutti\" \/>\n<meta property=\"og:description\" content=\"Pokazy pozwalaj\u0105 nabywa\u0107 pewno\u015bci siebie, prze\u0142amywa\u0107 nie\u015bmia\u0142o\u015b\u0107 i niepewno\u015b\u0107 przed publicznymi wyst\u0119pami Rozwijaj\u0105 tak\u017ce zainteresowania, stymuluj\u0105 ich rozw\u00f3j intelektualny i poszerzaj\u0105 wyobra\u017ani\u0119. Nasze dzieci mia\u0142y okazj\u0119 zaprezentowa\u0107 swoje umiej\u0119tno\u015bci w dniu 17 maja 24r. na festynie Zesp\u00f3\u0142 Edukacyjny nr 10 &#8211; Miejskie Przedszkole nr 19 Pi\u0119knie by\u0142o &nbsp; ZAPRASZAMY DO GALERII &#8211;&nbsp; POKAZY&nbsp; aby zobaczy\u0107 [&hellip;]\" \/>\n<meta property=\"og:url\" content=\"https:\/\/4tutti.pl\/?page_id=3686\" \/>\n<meta property=\"og:site_name\" content=\"Stowarzyszenie 4tutti\" \/>\n<meta property=\"article:modified_time\" content=\"2024-05-30T19:17:28+00:00\" \/>\n<meta property=\"og:image\" content=\"https:\/\/4tutti.pl\/wp-content\/uploads\/2024\/05\/1716548734428-scaled.jpg\" \/>\n\t<meta property=\"og:image:width\" content=\"1152\" \/>\n\t<meta property=\"og:image:height\" content=\"2560\" \/>\n\t<meta property=\"og:image:type\" content=\"image\/jpeg\" \/>\n<meta name=\"twitter:card\" content=\"summary_large_image\" \/>\n<script type=\"application\/ld+json\" class=\"yoast-schema-graph\">{\"@context\":\"https:\/\/schema.org\",\"@graph\":[{\"@type\":\"WebPage\",\"@id\":\"https:\/\/4tutti.pl\/?page_id=3686\",\"url\":\"https:\/\/4tutti.pl\/?page_id=3686\",\"name\":\"POKAZY W ZE nr 10 ZIELONA G\u00d3RA - Stowarzyszenie 4tutti\",\"isPartOf\":{\"@id\":\"https:\/\/4tutti.pl\/#website\"},\"datePublished\":\"2024-05-19T18:41:08+00:00\",\"dateModified\":\"2024-05-30T19:17:28+00:00\",\"breadcrumb\":{\"@id\":\"https:\/\/4tutti.pl\/?page_id=3686#breadcrumb\"},\"inLanguage\":\"pl-PL\",\"potentialAction\":[{\"@type\":\"ReadAction\",\"target\":[\"https:\/\/4tutti.pl\/?page_id=3686\"]}]},{\"@type\":\"BreadcrumbList\",\"@id\":\"https:\/\/4tutti.pl\/?page_id=3686#breadcrumb\",\"itemListElement\":[{\"@type\":\"ListItem\",\"position\":1,\"name\":\"Strona g\u0142\u00f3wna\",\"item\":\"https:\/\/4tutti.pl\/\"},{\"@type\":\"ListItem\",\"position\":2,\"name\":\"Aktualno\u015bci\",\"item\":\"https:\/\/4tutti.pl\/?page_id=525\"},{\"@type\":\"ListItem\",\"position\":3,\"name\":\"NOWO\u015aCI\",\"item\":\"https:\/\/4tutti.pl\/?page_id=2609\"},{\"@type\":\"ListItem\",\"position\":4,\"name\":\"POKAZY W ZE nr 10 ZIELONA G\u00d3RA\"}]},{\"@type\":\"WebSite\",\"@id\":\"https:\/\/4tutti.pl\/#website\",\"url\":\"https:\/\/4tutti.pl\/\",\"name\":\"Stowarzyszenie 4tutti\",\"description\":\"P\u00f3\u0142kolonie, warsztaty dla dzieci\",\"potentialAction\":[{\"@type\":\"SearchAction\",\"target\":{\"@type\":\"EntryPoint\",\"urlTemplate\":\"https:\/\/4tutti.pl\/?s={search_term_string}\"},\"query-input\":\"required name=search_term_string\"}],\"inLanguage\":\"pl-PL\"}]}<\/script>\n<!-- \/ Yoast SEO plugin. -->","yoast_head_json":{"title":"POKAZY W ZE nr 10 ZIELONA G\u00d3RA - Stowarzyszenie 4tutti","robots":{"index":"index","follow":"follow","max-snippet":"max-snippet:-1","max-image-preview":"max-image-preview:large","max-video-preview":"max-video-preview:-1"},"canonical":"https:\/\/4tutti.pl\/?page_id=3686","og_locale":"pl_PL","og_type":"article","og_title":"POKAZY W ZE nr 10 ZIELONA G\u00d3RA - Stowarzyszenie 4tutti","og_description":"Pokazy pozwalaj\u0105 nabywa\u0107 pewno\u015bci siebie, prze\u0142amywa\u0107 nie\u015bmia\u0142o\u015b\u0107 i niepewno\u015b\u0107 przed publicznymi wyst\u0119pami Rozwijaj\u0105 tak\u017ce zainteresowania, stymuluj\u0105 ich rozw\u00f3j intelektualny i poszerzaj\u0105 wyobra\u017ani\u0119. Nasze dzieci mia\u0142y okazj\u0119 zaprezentowa\u0107 swoje umiej\u0119tno\u015bci w dniu 17 maja 24r. na festynie Zesp\u00f3\u0142 Edukacyjny nr 10 &#8211; Miejskie Przedszkole nr 19 Pi\u0119knie by\u0142o &nbsp; ZAPRASZAMY DO GALERII &#8211;&nbsp; POKAZY&nbsp; aby zobaczy\u0107 [&hellip;]","og_url":"https:\/\/4tutti.pl\/?page_id=3686","og_site_name":"Stowarzyszenie 4tutti","article_modified_time":"2024-05-30T19:17:28+00:00","og_image":[{"width":1152,"height":2560,"url":"https:\/\/4tutti.pl\/wp-content\/uploads\/2024\/05\/1716548734428-scaled.jpg","type":"image\/jpeg"}],"twitter_card":"summary_large_image","schema":{"@context":"https:\/\/schema.org","@graph":[{"@type":"WebPage","@id":"https:\/\/4tutti.pl\/?page_id=3686","url":"https:\/\/4tutti.pl\/?page_id=3686","name":"POKAZY W ZE nr 10 ZIELONA G\u00d3RA - Stowarzyszenie 4tutti","isPartOf":{"@id":"https:\/\/4tutti.pl\/#website"},"datePublished":"2024-05-19T18:41:08+00:00","dateModified":"2024-05-30T19:17:28+00:00","breadcrumb":{"@id":"https:\/\/4tutti.pl\/?page_id=3686#breadcrumb"},"inLanguage":"pl-PL","potentialAction":[{"@type":"ReadAction","target":["https:\/\/4tutti.pl\/?page_id=3686"]}]},{"@type":"BreadcrumbList","@id":"https:\/\/4tutti.pl\/?page_id=3686#breadcrumb","itemListElement":[{"@type":"ListItem","position":1,"name":"Strona g\u0142\u00f3wna","item":"https:\/\/4tutti.pl\/"},{"@type":"ListItem","position":2,"name":"Aktualno\u015bci","item":"https:\/\/4tutti.pl\/?page_id=525"},{"@type":"ListItem","position":3,"name":"NOWO\u015aCI","item":"https:\/\/4tutti.pl\/?page_id=2609"},{"@type":"ListItem","position":4,"name":"POKAZY W ZE nr 10 ZIELONA G\u00d3RA"}]},{"@type":"WebSite","@id":"https:\/\/4tutti.pl\/#website","url":"https:\/\/4tutti.pl\/","name":"Stowarzyszenie 4tutti","description":"P\u00f3\u0142kolonie, warsztaty dla dzieci","potentialAction":[{"@type":"SearchAction","target":{"@type":"EntryPoint","urlTemplate":"https:\/\/4tutti.pl\/?s={search_term_string}"},"query-input":"required name=search_term_string"}],"inLanguage":"pl-PL"}]}},"_links":{"self":[{"href":"https:\/\/4tutti.pl\/index.php?rest_route=\/wp\/v2\/pages\/3686","targetHints":{"allow":["GET"]}}],"collection":[{"href":"https:\/\/4tutti.pl\/index.php?rest_route=\/wp\/v2\/pages"}],"about":[{"href":"https:\/\/4tutti.pl\/index.php?rest_route=\/wp\/v2\/types\/page"}],"author":[{"embeddable":true,"href":"https:\/\/4tutti.pl\/index.php?rest_route=\/wp\/v2\/users\/2"}],"replies":[{"embeddable":true,"href":"https:\/\/4tutti.pl\/index.php?rest_route=%2Fwp%2Fv2%2Fcomments&post=3686"}],"version-history":[{"count":2,"href":"https:\/\/4tutti.pl\/index.php?rest_route=\/wp\/v2\/pages\/3686\/revisions"}],"predecessor-version":[{"id":3770,"href":"https:\/\/4tutti.pl\/index.php?rest_route=\/wp\/v2\/pages\/3686\/revisions\/3770"}],"up":[{"embeddable":true,"href":"https:\/\/4tutti.pl\/index.php?rest_route=\/wp\/v2\/pages\/2609"}],"wp:featuredmedia":[{"embeddable":true,"href":"https:\/\/4tutti.pl\/index.php?rest_route=\/wp\/v2\/media\/3687"}],"wp:attachment":[{"href":"https:\/\/4tutti.pl\/index.php?rest_route=%2Fwp%2Fv2%2Fmedia&parent=3686"}],"curies":[{"name":"wp","href":"https:\/\/api.w.org\/{rel}","templated":true}]}}