{"id":4370,"date":"2024-09-18T11:29:33","date_gmt":"2024-09-18T09:29:33","guid":{"rendered":"https:\/\/4tutti.pl\/?page_id=4370"},"modified":"2024-09-18T11:29:33","modified_gmt":"2024-09-18T09:29:33","slug":"akrobatyka","status":"publish","type":"page","link":"https:\/\/4tutti.pl\/?page_id=4370","title":{"rendered":"AKROBATYKA"},"content":{"rendered":"<p>Serdecznie zapraszamy du\u017cych i ma\u0142ych na&nbsp; &nbsp; <strong>WARSZTATY AKROBATYCZNE \ud83d\ude42<\/strong><\/p>\n<p><img loading=\"lazy\" decoding=\"async\" class=\"size-medium wp-image-4366 alignleft\" style=\"font-size: 15px;\" src=\"https:\/\/4tutti.pl\/wp-content\/uploads\/2024\/09\/image_123650291-2-212x300.jpg\" alt=\"\" width=\"212\" height=\"300\" srcset=\"https:\/\/4tutti.pl\/wp-content\/uploads\/2024\/09\/image_123650291-2-212x300.jpg 212w, https:\/\/4tutti.pl\/wp-content\/uploads\/2024\/09\/image_123650291-2-724x1024.jpg 724w, https:\/\/4tutti.pl\/wp-content\/uploads\/2024\/09\/image_123650291-2-768x1086.jpg 768w, https:\/\/4tutti.pl\/wp-content\/uploads\/2024\/09\/image_123650291-2.jpg 905w\" sizes=\"auto, (max-width: 212px) 100vw, 212px\" \/><\/p>\n<ul>\n<li>przewr\u00f3t w prz\u00f3d\/ty\u0142<\/li>\n<li>szpagat<\/li>\n<li>mostek<\/li>\n<li>stanie na g\u0142owie<\/li>\n<li>stanie na r\u0119kach&nbsp;<\/li>\n<\/ul>\n<p>Zapami\u0119tacie&nbsp; &nbsp;<em><strong>5 pa\u017adziernika w godz. 10-13 ul. Objazdowa 7A<\/strong><\/em><\/p>\n<p>Zapisy tel: 516 334 426<\/p>\n","protected":false},"excerpt":{"rendered":"<p>Serdecznie zapraszamy du\u017cych i ma\u0142ych na&nbsp; &nbsp; WARSZTATY AKROBATYCZNE \ud83d\ude42 przewr\u00f3t w prz\u00f3d\/ty\u0142 szpagat mostek stanie na g\u0142owie stanie na r\u0119kach&nbsp; Zapami\u0119tacie&nbsp; &nbsp;5 pa\u017adziernika w godz. 10-13 ul. Objazdowa 7A Zapisy tel: 516 334 426<\/p>\n","protected":false},"author":2,"featured_media":4367,"parent":2548,"menu_order":0,"comment_status":"closed","ping_status":"closed","template":"","meta":{"ngg_post_thumbnail":0,"footnotes":""},"class_list":["post-4370","page","type-page","status-publish","has-post-thumbnail","hentry"],"yoast_head":"<!-- This site is optimized with the Yoast SEO plugin v19.8 - https:\/\/yoast.com\/wordpress\/plugins\/seo\/ -->\n<title>AKROBATYKA - Stowarzyszenie 4tutti<\/title>\n<meta name=\"robots\" content=\"index, follow, max-snippet:-1, max-image-preview:large, max-video-preview:-1\" \/>\n<link rel=\"canonical\" href=\"https:\/\/4tutti.pl\/?page_id=4370\" \/>\n<meta property=\"og:locale\" content=\"pl_PL\" \/>\n<meta property=\"og:type\" content=\"article\" \/>\n<meta property=\"og:title\" content=\"AKROBATYKA - Stowarzyszenie 4tutti\" \/>\n<meta property=\"og:description\" content=\"Serdecznie zapraszamy du\u017cych i ma\u0142ych na&nbsp; &nbsp; WARSZTATY AKROBATYCZNE \ud83d\ude42 przewr\u00f3t w prz\u00f3d\/ty\u0142 szpagat mostek stanie na g\u0142owie stanie na r\u0119kach&nbsp; Zapami\u0119tacie&nbsp; &nbsp;5 pa\u017adziernika w godz. 10-13 ul. Objazdowa 7A Zapisy tel: 516 334 426\" \/>\n<meta property=\"og:url\" content=\"https:\/\/4tutti.pl\/?page_id=4370\" \/>\n<meta property=\"og:site_name\" content=\"Stowarzyszenie 4tutti\" \/>\n<meta property=\"og:image\" content=\"https:\/\/4tutti.pl\/wp-content\/uploads\/2024\/09\/image_123650291-1-1.jpg\" \/>\n\t<meta property=\"og:image:width\" content=\"905\" \/>\n\t<meta property=\"og:image:height\" content=\"1280\" \/>\n\t<meta property=\"og:image:type\" content=\"image\/jpeg\" \/>\n<meta name=\"twitter:card\" content=\"summary_large_image\" \/>\n<meta name=\"twitter:label1\" content=\"Szacowany czas czytania\" \/>\n\t<meta name=\"twitter:data1\" content=\"1 minuta\" \/>\n<script type=\"application\/ld+json\" class=\"yoast-schema-graph\">{\"@context\":\"https:\/\/schema.org\",\"@graph\":[{\"@type\":\"WebPage\",\"@id\":\"https:\/\/4tutti.pl\/?page_id=4370\",\"url\":\"https:\/\/4tutti.pl\/?page_id=4370\",\"name\":\"AKROBATYKA - Stowarzyszenie 4tutti\",\"isPartOf\":{\"@id\":\"https:\/\/4tutti.pl\/#website\"},\"datePublished\":\"2024-09-18T09:29:33+00:00\",\"dateModified\":\"2024-09-18T09:29:33+00:00\",\"breadcrumb\":{\"@id\":\"https:\/\/4tutti.pl\/?page_id=4370#breadcrumb\"},\"inLanguage\":\"pl-PL\",\"potentialAction\":[{\"@type\":\"ReadAction\",\"target\":[\"https:\/\/4tutti.pl\/?page_id=4370\"]}]},{\"@type\":\"BreadcrumbList\",\"@id\":\"https:\/\/4tutti.pl\/?page_id=4370#breadcrumb\",\"itemListElement\":[{\"@type\":\"ListItem\",\"position\":1,\"name\":\"Strona g\u0142\u00f3wna\",\"item\":\"https:\/\/4tutti.pl\/\"},{\"@type\":\"ListItem\",\"position\":2,\"name\":\"Aktualno\u015bci\",\"item\":\"https:\/\/4tutti.pl\/?page_id=525\"},{\"@type\":\"ListItem\",\"position\":3,\"name\":\"WARSZTATY\",\"item\":\"https:\/\/4tutti.pl\/?page_id=2548\"},{\"@type\":\"ListItem\",\"position\":4,\"name\":\"AKROBATYKA\"}]},{\"@type\":\"WebSite\",\"@id\":\"https:\/\/4tutti.pl\/#website\",\"url\":\"https:\/\/4tutti.pl\/\",\"name\":\"Stowarzyszenie 4tutti\",\"description\":\"P\u00f3\u0142kolonie, warsztaty dla dzieci\",\"potentialAction\":[{\"@type\":\"SearchAction\",\"target\":{\"@type\":\"EntryPoint\",\"urlTemplate\":\"https:\/\/4tutti.pl\/?s={search_term_string}\"},\"query-input\":\"required name=search_term_string\"}],\"inLanguage\":\"pl-PL\"}]}<\/script>\n<!-- \/ Yoast SEO plugin. -->","yoast_head_json":{"title":"AKROBATYKA - Stowarzyszenie 4tutti","robots":{"index":"index","follow":"follow","max-snippet":"max-snippet:-1","max-image-preview":"max-image-preview:large","max-video-preview":"max-video-preview:-1"},"canonical":"https:\/\/4tutti.pl\/?page_id=4370","og_locale":"pl_PL","og_type":"article","og_title":"AKROBATYKA - Stowarzyszenie 4tutti","og_description":"Serdecznie zapraszamy du\u017cych i ma\u0142ych na&nbsp; &nbsp; WARSZTATY AKROBATYCZNE \ud83d\ude42 przewr\u00f3t w prz\u00f3d\/ty\u0142 szpagat mostek stanie na g\u0142owie stanie na r\u0119kach&nbsp; Zapami\u0119tacie&nbsp; &nbsp;5 pa\u017adziernika w godz. 10-13 ul. Objazdowa 7A Zapisy tel: 516 334 426","og_url":"https:\/\/4tutti.pl\/?page_id=4370","og_site_name":"Stowarzyszenie 4tutti","og_image":[{"width":905,"height":1280,"url":"https:\/\/4tutti.pl\/wp-content\/uploads\/2024\/09\/image_123650291-1-1.jpg","type":"image\/jpeg"}],"twitter_card":"summary_large_image","twitter_misc":{"Szacowany czas czytania":"1 minuta"},"schema":{"@context":"https:\/\/schema.org","@graph":[{"@type":"WebPage","@id":"https:\/\/4tutti.pl\/?page_id=4370","url":"https:\/\/4tutti.pl\/?page_id=4370","name":"AKROBATYKA - Stowarzyszenie 4tutti","isPartOf":{"@id":"https:\/\/4tutti.pl\/#website"},"datePublished":"2024-09-18T09:29:33+00:00","dateModified":"2024-09-18T09:29:33+00:00","breadcrumb":{"@id":"https:\/\/4tutti.pl\/?page_id=4370#breadcrumb"},"inLanguage":"pl-PL","potentialAction":[{"@type":"ReadAction","target":["https:\/\/4tutti.pl\/?page_id=4370"]}]},{"@type":"BreadcrumbList","@id":"https:\/\/4tutti.pl\/?page_id=4370#breadcrumb","itemListElement":[{"@type":"ListItem","position":1,"name":"Strona g\u0142\u00f3wna","item":"https:\/\/4tutti.pl\/"},{"@type":"ListItem","position":2,"name":"Aktualno\u015bci","item":"https:\/\/4tutti.pl\/?page_id=525"},{"@type":"ListItem","position":3,"name":"WARSZTATY","item":"https:\/\/4tutti.pl\/?page_id=2548"},{"@type":"ListItem","position":4,"name":"AKROBATYKA"}]},{"@type":"WebSite","@id":"https:\/\/4tutti.pl\/#website","url":"https:\/\/4tutti.pl\/","name":"Stowarzyszenie 4tutti","description":"P\u00f3\u0142kolonie, warsztaty dla dzieci","potentialAction":[{"@type":"SearchAction","target":{"@type":"EntryPoint","urlTemplate":"https:\/\/4tutti.pl\/?s={search_term_string}"},"query-input":"required name=search_term_string"}],"inLanguage":"pl-PL"}]}},"_links":{"self":[{"href":"https:\/\/4tutti.pl\/index.php?rest_route=\/wp\/v2\/pages\/4370","targetHints":{"allow":["GET"]}}],"collection":[{"href":"https:\/\/4tutti.pl\/index.php?rest_route=\/wp\/v2\/pages"}],"about":[{"href":"https:\/\/4tutti.pl\/index.php?rest_route=\/wp\/v2\/types\/page"}],"author":[{"embeddable":true,"href":"https:\/\/4tutti.pl\/index.php?rest_route=\/wp\/v2\/users\/2"}],"replies":[{"embeddable":true,"href":"https:\/\/4tutti.pl\/index.php?rest_route=%2Fwp%2Fv2%2Fcomments&post=4370"}],"version-history":[{"count":1,"href":"https:\/\/4tutti.pl\/index.php?rest_route=\/wp\/v2\/pages\/4370\/revisions"}],"predecessor-version":[{"id":4371,"href":"https:\/\/4tutti.pl\/index.php?rest_route=\/wp\/v2\/pages\/4370\/revisions\/4371"}],"up":[{"embeddable":true,"href":"https:\/\/4tutti.pl\/index.php?rest_route=\/wp\/v2\/pages\/2548"}],"wp:featuredmedia":[{"embeddable":true,"href":"https:\/\/4tutti.pl\/index.php?rest_route=\/wp\/v2\/media\/4367"}],"wp:attachment":[{"href":"https:\/\/4tutti.pl\/index.php?rest_route=%2Fwp%2Fv2%2Fmedia&parent=4370"}],"curies":[{"name":"wp","href":"https:\/\/api.w.org\/{rel}","templated":true}]}}