{"id":4489,"date":"2024-10-26T19:29:34","date_gmt":"2024-10-26T17:29:34","guid":{"rendered":"https:\/\/4tutti.pl\/?page_id=4489"},"modified":"2024-11-07T11:18:40","modified_gmt":"2024-11-07T10:18:40","slug":"2024-ozdoby-swiateczne","status":"publish","type":"page","link":"https:\/\/4tutti.pl\/?page_id=4489","title":{"rendered":"2024 OZDOBY \u015aWI\u0104TECZNE"},"content":{"rendered":"<div dir=\"auto\">Ju\u017c <strong>30 listopada 2024r<\/strong>. zapraszamy wszystkie ch\u0119tne dzieci na&nbsp; &nbsp;<span class=\"x3nfvp2 x1j61x8r x1fcty0u xdj266r xhhsvwb xat24cr xgzva0m xxymvpz xlup9mm x1kky2od\"><img loading=\"lazy\" decoding=\"async\" class=\"xz74otr\" src=\"https:\/\/static.xx.fbcdn.net\/images\/emoji.php\/v9\/t60\/1.5\/16\/1f384.png\" alt=\"\ud83c\udf84\" width=\"16\" height=\"16\"><\/span><span class=\"x3nfvp2 x1j61x8r x1fcty0u xdj266r xhhsvwb xat24cr xgzva0m xxymvpz xlup9mm x1kky2od\"><img loading=\"lazy\" decoding=\"async\" class=\"xz74otr\" src=\"https:\/\/static.xx.fbcdn.net\/images\/emoji.php\/v9\/t60\/1.5\/16\/1f384.png\" alt=\"\ud83c\udf84\" width=\"16\" height=\"16\"><\/span><span class=\"x3nfvp2 x1j61x8r x1fcty0u xdj266r xhhsvwb xat24cr xgzva0m xxymvpz xlup9mm x1kky2od\"><img loading=\"lazy\" decoding=\"async\" class=\"xz74otr\" src=\"https:\/\/static.xx.fbcdn.net\/images\/emoji.php\/v9\/t60\/1.5\/16\/1f384.png\" alt=\"\ud83c\udf84\" width=\"16\" height=\"16\"><\/span><em><strong>Warsztaty \u015awi\u0105teczne<\/strong><\/em>&nbsp;<span class=\"x3nfvp2 x1j61x8r x1fcty0u xdj266r xhhsvwb xat24cr xgzva0m xxymvpz xlup9mm x1kky2od\"><img loading=\"lazy\" decoding=\"async\" class=\"xz74otr\" src=\"https:\/\/static.xx.fbcdn.net\/images\/emoji.php\/v9\/t60\/1.5\/16\/1f384.png\" alt=\"\ud83c\udf84\" width=\"16\" height=\"16\"><\/span><span class=\"x3nfvp2 x1j61x8r x1fcty0u xdj266r xhhsvwb xat24cr xgzva0m xxymvpz xlup9mm x1kky2od\"><img loading=\"lazy\" decoding=\"async\" class=\"xz74otr\" src=\"https:\/\/static.xx.fbcdn.net\/images\/emoji.php\/v9\/t60\/1.5\/16\/1f384.png\" alt=\"\ud83c\udf84\" width=\"16\" height=\"16\"><\/span><span class=\"x3nfvp2 x1j61x8r x1fcty0u xdj266r xhhsvwb xat24cr xgzva0m xxymvpz xlup9mm x1kky2od\"><img loading=\"lazy\" decoding=\"async\" class=\"xz74otr\" src=\"https:\/\/static.xx.fbcdn.net\/images\/emoji.php\/v9\/t60\/1.5\/16\/1f384.png\" alt=\"\ud83c\udf84\" width=\"16\" height=\"16\"><\/span><\/div>\n<div dir=\"auto\">\n<div dir=\"auto\">B\u0119dziemy robi\u0107 wianki, \u015bwi\u0105teczne ozdoby a wszystko to przy muzyce \u015bwi\u0105tecznej gdzie r\u00f3wnie\u017c troch\u0119 poskaczemy i pota\u0144czymy <span class=\"html-span xexx8yu x4uap5 x18d9i69 xkhd6sd x1hl2dhg x16tdsg8 x1vvkbs x3nfvp2 x1j61x8r x1fcty0u xdj266r xat24cr xgzva0m xhhsvwb xxymvpz xlup9mm x1kky2od\"><img loading=\"lazy\" decoding=\"async\" class=\"xz74otr\" src=\"https:\/\/static.xx.fbcdn.net\/images\/emoji.php\/v9\/tc7\/1\/16\/1f483.png\" alt=\"\ud83d\udc83\" width=\"16\" height=\"16\"><\/span><span class=\"html-span xexx8yu x4uap5 x18d9i69 xkhd6sd x1hl2dhg x16tdsg8 x1vvkbs x3nfvp2 x1j61x8r x1fcty0u xdj266r xat24cr xgzva0m xhhsvwb xxymvpz xlup9mm x1kky2od\"><img loading=\"lazy\" decoding=\"async\" class=\"xz74otr\" src=\"https:\/\/static.xx.fbcdn.net\/images\/emoji.php\/v9\/t44\/1\/16\/1f9d1_200d_1f384.png\" alt=\"\ud83e\uddd1\u200d\ud83c\udf84\" width=\"16\" height=\"16\"><\/span><span class=\"html-span xexx8yu x4uap5 x18d9i69 xkhd6sd x1hl2dhg x16tdsg8 x1vvkbs x3nfvp2 x1j61x8r x1fcty0u xdj266r xat24cr xgzva0m xhhsvwb xxymvpz xlup9mm x1kky2od\"><img loading=\"lazy\" decoding=\"async\" class=\"xz74otr\" src=\"https:\/\/static.xx.fbcdn.net\/images\/emoji.php\/v9\/tea\/1\/16\/1f332.png\" alt=\"\ud83c\udf32\" width=\"16\" height=\"16\"><\/span><span class=\"html-span xexx8yu x4uap5 x18d9i69 xkhd6sd x1hl2dhg x16tdsg8 x1vvkbs x3nfvp2 x1j61x8r x1fcty0u xdj266r xat24cr xgzva0m xhhsvwb xxymvpz xlup9mm x1kky2od\"><img loading=\"lazy\" decoding=\"async\" class=\"xz74otr\" src=\"https:\/\/static.xx.fbcdn.net\/images\/emoji.php\/v9\/t7\/1\/16\/1f384.png\" alt=\"\ud83c\udf84\" width=\"16\" height=\"16\"><\/span><span class=\"html-span xexx8yu x4uap5 x18d9i69 xkhd6sd x1hl2dhg x16tdsg8 x1vvkbs x3nfvp2 x1j61x8r x1fcty0u xdj266r xat24cr xgzva0m xhhsvwb xxymvpz xlup9mm x1kky2od\"><img loading=\"lazy\" decoding=\"async\" class=\"xz74otr\" src=\"https:\/\/static.xx.fbcdn.net\/images\/emoji.php\/v9\/t84\/1\/16\/1f381.png\" alt=\"\ud83c\udf81\" width=\"16\" height=\"16\"><\/span><\/div>\n<\/div>\n<div dir=\"auto\">B\u0119dzie \u015bwiec\u0105co i brokatowo&nbsp;<span class=\"x3nfvp2 x1j61x8r x1fcty0u xdj266r xhhsvwb xat24cr xgzva0m xxymvpz xlup9mm x1kky2od\"><img loading=\"lazy\" decoding=\"async\" class=\"xz74otr\" src=\"https:\/\/static.xx.fbcdn.net\/images\/emoji.php\/v9\/t39\/1.5\/16\/1f31f.png\" alt=\"\ud83c\udf1f\" width=\"16\" height=\"16\"><\/span><span class=\"x3nfvp2 x1j61x8r x1fcty0u xdj266r xhhsvwb xat24cr xgzva0m xxymvpz xlup9mm x1kky2od\"><img loading=\"lazy\" decoding=\"async\" class=\"xz74otr\" src=\"https:\/\/static.xx.fbcdn.net\/images\/emoji.php\/v9\/t39\/1.5\/16\/1f31f.png\" alt=\"\ud83c\udf1f\" width=\"16\" height=\"16\"><\/span><span class=\"x3nfvp2 x1j61x8r x1fcty0u xdj266r xhhsvwb xat24cr xgzva0m xxymvpz xlup9mm x1kky2od\"><img loading=\"lazy\" decoding=\"async\" class=\"xz74otr\" src=\"https:\/\/static.xx.fbcdn.net\/images\/emoji.php\/v9\/t39\/1.5\/16\/1f31f.png\" alt=\"\ud83c\udf1f\" width=\"16\" height=\"16\">.&nbsp;&nbsp;<\/span><\/div>\n<div dir=\"auto\"><strong>Bawimy si\u0119 od godz. 13.00&nbsp;<\/strong> w naszym nowym miejscu&nbsp; &#8211; ul. Objazdowa 7a (hurtownia kwiat\u00f3w)<\/div>\n<div dir=\"auto\">Koszt warsztat\u00f3w 75 z\u0142.<\/div>\n<div dir=\"auto\">Zapisz swoje dziecko ju\u017c dzi\u015b wysy\u0142aj\u0105c SMS z imieniem dziecka&nbsp; &nbsp;na telefon&nbsp; &nbsp;516 334 426<\/div>\n<div dir=\"auto\">Ilo\u015b\u0107 miejsc ograniczona&nbsp;<span class=\"x3nfvp2 x1j61x8r x1fcty0u xdj266r xhhsvwb xat24cr xgzva0m xxymvpz xlup9mm x1kky2od\"><img loading=\"lazy\" decoding=\"async\" class=\"xz74otr\" src=\"https:\/\/static.xx.fbcdn.net\/images\/emoji.php\/v9\/t27\/1.5\/16\/1f600.png\" alt=\"\ud83d\ude00\" width=\"16\" height=\"16\"><\/span><\/div>\n","protected":false},"excerpt":{"rendered":"<p>Ju\u017c 30 listopada 2024r. zapraszamy wszystkie ch\u0119tne dzieci na&nbsp; &nbsp;Warsztaty \u015awi\u0105teczne&nbsp; B\u0119dziemy robi\u0107 wianki, \u015bwi\u0105teczne ozdoby a wszystko to przy muzyce \u015bwi\u0105tecznej gdzie r\u00f3wnie\u017c troch\u0119 poskaczemy i pota\u0144czymy B\u0119dzie \u015bwiec\u0105co i brokatowo&nbsp;.&nbsp;&nbsp; Bawimy si\u0119 od godz. 13.00&nbsp; w naszym nowym miejscu&nbsp; &#8211; ul. Objazdowa 7a (hurtownia kwiat\u00f3w) Koszt warsztat\u00f3w 75 z\u0142. Zapisz swoje dziecko ju\u017c [&hellip;]<\/p>\n","protected":false},"author":2,"featured_media":4490,"parent":2548,"menu_order":0,"comment_status":"closed","ping_status":"closed","template":"","meta":{"ngg_post_thumbnail":0,"footnotes":""},"class_list":["post-4489","page","type-page","status-publish","has-post-thumbnail","hentry"],"yoast_head":"<!-- This site is optimized with the Yoast SEO plugin v19.8 - https:\/\/yoast.com\/wordpress\/plugins\/seo\/ -->\n<title>2024 OZDOBY \u015aWI\u0104TECZNE - Stowarzyszenie 4tutti<\/title>\n<meta name=\"robots\" content=\"index, follow, max-snippet:-1, max-image-preview:large, max-video-preview:-1\" \/>\n<link rel=\"canonical\" href=\"https:\/\/4tutti.pl\/?page_id=4489\" \/>\n<meta property=\"og:locale\" content=\"pl_PL\" \/>\n<meta property=\"og:type\" content=\"article\" \/>\n<meta property=\"og:title\" content=\"2024 OZDOBY \u015aWI\u0104TECZNE - Stowarzyszenie 4tutti\" \/>\n<meta property=\"og:description\" content=\"Ju\u017c 30 listopada 2024r. zapraszamy wszystkie ch\u0119tne dzieci na&nbsp; &nbsp;Warsztaty \u015awi\u0105teczne&nbsp; B\u0119dziemy robi\u0107 wianki, \u015bwi\u0105teczne ozdoby a wszystko to przy muzyce \u015bwi\u0105tecznej gdzie r\u00f3wnie\u017c troch\u0119 poskaczemy i pota\u0144czymy B\u0119dzie \u015bwiec\u0105co i brokatowo&nbsp;.&nbsp;&nbsp; Bawimy si\u0119 od godz. 13.00&nbsp; w naszym nowym miejscu&nbsp; &#8211; ul. Objazdowa 7a (hurtownia kwiat\u00f3w) Koszt warsztat\u00f3w 75 z\u0142. Zapisz swoje dziecko ju\u017c [&hellip;]\" \/>\n<meta property=\"og:url\" content=\"https:\/\/4tutti.pl\/?page_id=4489\" \/>\n<meta property=\"og:site_name\" content=\"Stowarzyszenie 4tutti\" \/>\n<meta property=\"article:modified_time\" content=\"2024-11-07T10:18:40+00:00\" \/>\n<meta property=\"og:image\" content=\"https:\/\/4tutti.pl\/wp-content\/uploads\/2024\/10\/image_123650291-5.jpg\" \/>\n\t<meta property=\"og:image:width\" content=\"905\" \/>\n\t<meta property=\"og:image:height\" content=\"1280\" \/>\n\t<meta property=\"og:image:type\" content=\"image\/jpeg\" \/>\n<meta name=\"twitter:card\" content=\"summary_large_image\" \/>\n<meta name=\"twitter:label1\" content=\"Szacowany czas czytania\" \/>\n\t<meta name=\"twitter:data1\" content=\"4 minuty\" \/>\n<script type=\"application\/ld+json\" class=\"yoast-schema-graph\">{\"@context\":\"https:\/\/schema.org\",\"@graph\":[{\"@type\":\"WebPage\",\"@id\":\"https:\/\/4tutti.pl\/?page_id=4489\",\"url\":\"https:\/\/4tutti.pl\/?page_id=4489\",\"name\":\"2024 OZDOBY \u015aWI\u0104TECZNE - Stowarzyszenie 4tutti\",\"isPartOf\":{\"@id\":\"https:\/\/4tutti.pl\/#website\"},\"datePublished\":\"2024-10-26T17:29:34+00:00\",\"dateModified\":\"2024-11-07T10:18:40+00:00\",\"breadcrumb\":{\"@id\":\"https:\/\/4tutti.pl\/?page_id=4489#breadcrumb\"},\"inLanguage\":\"pl-PL\",\"potentialAction\":[{\"@type\":\"ReadAction\",\"target\":[\"https:\/\/4tutti.pl\/?page_id=4489\"]}]},{\"@type\":\"BreadcrumbList\",\"@id\":\"https:\/\/4tutti.pl\/?page_id=4489#breadcrumb\",\"itemListElement\":[{\"@type\":\"ListItem\",\"position\":1,\"name\":\"Strona g\u0142\u00f3wna\",\"item\":\"https:\/\/4tutti.pl\/\"},{\"@type\":\"ListItem\",\"position\":2,\"name\":\"Aktualno\u015bci\",\"item\":\"https:\/\/4tutti.pl\/?page_id=525\"},{\"@type\":\"ListItem\",\"position\":3,\"name\":\"WARSZTATY\",\"item\":\"https:\/\/4tutti.pl\/?page_id=2548\"},{\"@type\":\"ListItem\",\"position\":4,\"name\":\"2024 OZDOBY \u015aWI\u0104TECZNE\"}]},{\"@type\":\"WebSite\",\"@id\":\"https:\/\/4tutti.pl\/#website\",\"url\":\"https:\/\/4tutti.pl\/\",\"name\":\"Stowarzyszenie 4tutti\",\"description\":\"P\u00f3\u0142kolonie, warsztaty dla dzieci\",\"potentialAction\":[{\"@type\":\"SearchAction\",\"target\":{\"@type\":\"EntryPoint\",\"urlTemplate\":\"https:\/\/4tutti.pl\/?s={search_term_string}\"},\"query-input\":\"required name=search_term_string\"}],\"inLanguage\":\"pl-PL\"}]}<\/script>\n<!-- \/ Yoast SEO plugin. -->","yoast_head_json":{"title":"2024 OZDOBY \u015aWI\u0104TECZNE - Stowarzyszenie 4tutti","robots":{"index":"index","follow":"follow","max-snippet":"max-snippet:-1","max-image-preview":"max-image-preview:large","max-video-preview":"max-video-preview:-1"},"canonical":"https:\/\/4tutti.pl\/?page_id=4489","og_locale":"pl_PL","og_type":"article","og_title":"2024 OZDOBY \u015aWI\u0104TECZNE - Stowarzyszenie 4tutti","og_description":"Ju\u017c 30 listopada 2024r. zapraszamy wszystkie ch\u0119tne dzieci na&nbsp; &nbsp;Warsztaty \u015awi\u0105teczne&nbsp; B\u0119dziemy robi\u0107 wianki, \u015bwi\u0105teczne ozdoby a wszystko to przy muzyce \u015bwi\u0105tecznej gdzie r\u00f3wnie\u017c troch\u0119 poskaczemy i pota\u0144czymy B\u0119dzie \u015bwiec\u0105co i brokatowo&nbsp;.&nbsp;&nbsp; Bawimy si\u0119 od godz. 13.00&nbsp; w naszym nowym miejscu&nbsp; &#8211; ul. Objazdowa 7a (hurtownia kwiat\u00f3w) Koszt warsztat\u00f3w 75 z\u0142. Zapisz swoje dziecko ju\u017c [&hellip;]","og_url":"https:\/\/4tutti.pl\/?page_id=4489","og_site_name":"Stowarzyszenie 4tutti","article_modified_time":"2024-11-07T10:18:40+00:00","og_image":[{"width":905,"height":1280,"url":"https:\/\/4tutti.pl\/wp-content\/uploads\/2024\/10\/image_123650291-5.jpg","type":"image\/jpeg"}],"twitter_card":"summary_large_image","twitter_misc":{"Szacowany czas czytania":"4 minuty"},"schema":{"@context":"https:\/\/schema.org","@graph":[{"@type":"WebPage","@id":"https:\/\/4tutti.pl\/?page_id=4489","url":"https:\/\/4tutti.pl\/?page_id=4489","name":"2024 OZDOBY \u015aWI\u0104TECZNE - Stowarzyszenie 4tutti","isPartOf":{"@id":"https:\/\/4tutti.pl\/#website"},"datePublished":"2024-10-26T17:29:34+00:00","dateModified":"2024-11-07T10:18:40+00:00","breadcrumb":{"@id":"https:\/\/4tutti.pl\/?page_id=4489#breadcrumb"},"inLanguage":"pl-PL","potentialAction":[{"@type":"ReadAction","target":["https:\/\/4tutti.pl\/?page_id=4489"]}]},{"@type":"BreadcrumbList","@id":"https:\/\/4tutti.pl\/?page_id=4489#breadcrumb","itemListElement":[{"@type":"ListItem","position":1,"name":"Strona g\u0142\u00f3wna","item":"https:\/\/4tutti.pl\/"},{"@type":"ListItem","position":2,"name":"Aktualno\u015bci","item":"https:\/\/4tutti.pl\/?page_id=525"},{"@type":"ListItem","position":3,"name":"WARSZTATY","item":"https:\/\/4tutti.pl\/?page_id=2548"},{"@type":"ListItem","position":4,"name":"2024 OZDOBY \u015aWI\u0104TECZNE"}]},{"@type":"WebSite","@id":"https:\/\/4tutti.pl\/#website","url":"https:\/\/4tutti.pl\/","name":"Stowarzyszenie 4tutti","description":"P\u00f3\u0142kolonie, warsztaty dla dzieci","potentialAction":[{"@type":"SearchAction","target":{"@type":"EntryPoint","urlTemplate":"https:\/\/4tutti.pl\/?s={search_term_string}"},"query-input":"required name=search_term_string"}],"inLanguage":"pl-PL"}]}},"_links":{"self":[{"href":"https:\/\/4tutti.pl\/index.php?rest_route=\/wp\/v2\/pages\/4489","targetHints":{"allow":["GET"]}}],"collection":[{"href":"https:\/\/4tutti.pl\/index.php?rest_route=\/wp\/v2\/pages"}],"about":[{"href":"https:\/\/4tutti.pl\/index.php?rest_route=\/wp\/v2\/types\/page"}],"author":[{"embeddable":true,"href":"https:\/\/4tutti.pl\/index.php?rest_route=\/wp\/v2\/users\/2"}],"replies":[{"embeddable":true,"href":"https:\/\/4tutti.pl\/index.php?rest_route=%2Fwp%2Fv2%2Fcomments&post=4489"}],"version-history":[{"count":4,"href":"https:\/\/4tutti.pl\/index.php?rest_route=\/wp\/v2\/pages\/4489\/revisions"}],"predecessor-version":[{"id":4524,"href":"https:\/\/4tutti.pl\/index.php?rest_route=\/wp\/v2\/pages\/4489\/revisions\/4524"}],"up":[{"embeddable":true,"href":"https:\/\/4tutti.pl\/index.php?rest_route=\/wp\/v2\/pages\/2548"}],"wp:featuredmedia":[{"embeddable":true,"href":"https:\/\/4tutti.pl\/index.php?rest_route=\/wp\/v2\/media\/4490"}],"wp:attachment":[{"href":"https:\/\/4tutti.pl\/index.php?rest_route=%2Fwp%2Fv2%2Fmedia&parent=4489"}],"curies":[{"name":"wp","href":"https:\/\/api.w.org\/{rel}","templated":true}]}}