{"id":4493,"date":"2024-10-26T19:36:53","date_gmt":"2024-10-26T17:36:53","guid":{"rendered":"https:\/\/4tutti.pl\/?page_id=4493"},"modified":"2024-10-26T19:39:02","modified_gmt":"2024-10-26T17:39:02","slug":"warsztaty-ozdoby-swiateczne","status":"publish","type":"page","link":"https:\/\/4tutti.pl\/?page_id=4493","title":{"rendered":"WARSZTATY \u015aWI\u0104TECZNE"},"content":{"rendered":"<p>Za NAMI&nbsp; warsztaty dynie i Halloween a przed kolejne<\/p>\n<p><strong>&nbsp; &nbsp; &nbsp; OZDOBY \u015aWI\u0104TECZNE<\/strong><\/p>\n<p>Serdecznie zapraszamy WSZYSTKICH na warsztaty gdzie b\u0119dzie &#8230; choinkowo, brokatowo, \u015bwiecznikowo<\/p>\n<p>Szczeg\u00f3\u0142y w zak\u0142adce&nbsp; <em>WARSZTATY<\/em><\/p>\n","protected":false},"excerpt":{"rendered":"<p>Za NAMI&nbsp; warsztaty dynie i Halloween a przed kolejne &nbsp; &nbsp; &nbsp; OZDOBY \u015aWI\u0104TECZNE Serdecznie zapraszamy WSZYSTKICH na warsztaty gdzie b\u0119dzie &#8230; choinkowo, brokatowo, \u015bwiecznikowo Szczeg\u00f3\u0142y w zak\u0142adce&nbsp; WARSZTATY<\/p>\n","protected":false},"author":2,"featured_media":4490,"parent":2609,"menu_order":0,"comment_status":"closed","ping_status":"closed","template":"","meta":{"ngg_post_thumbnail":0,"footnotes":""},"class_list":["post-4493","page","type-page","status-publish","has-post-thumbnail","hentry"],"yoast_head":"<!-- This site is optimized with the Yoast SEO plugin v19.8 - https:\/\/yoast.com\/wordpress\/plugins\/seo\/ -->\n<title>WARSZTATY \u015aWI\u0104TECZNE - Stowarzyszenie 4tutti<\/title>\n<meta name=\"robots\" content=\"index, follow, max-snippet:-1, max-image-preview:large, max-video-preview:-1\" \/>\n<link rel=\"canonical\" href=\"https:\/\/4tutti.pl\/?page_id=4493\" \/>\n<meta property=\"og:locale\" content=\"pl_PL\" \/>\n<meta property=\"og:type\" content=\"article\" \/>\n<meta property=\"og:title\" content=\"WARSZTATY \u015aWI\u0104TECZNE - Stowarzyszenie 4tutti\" \/>\n<meta property=\"og:description\" content=\"Za NAMI&nbsp; warsztaty dynie i Halloween a przed kolejne &nbsp; &nbsp; &nbsp; OZDOBY \u015aWI\u0104TECZNE Serdecznie zapraszamy WSZYSTKICH na warsztaty gdzie b\u0119dzie &#8230; choinkowo, brokatowo, \u015bwiecznikowo Szczeg\u00f3\u0142y w zak\u0142adce&nbsp; WARSZTATY\" \/>\n<meta property=\"og:url\" content=\"https:\/\/4tutti.pl\/?page_id=4493\" \/>\n<meta property=\"og:site_name\" content=\"Stowarzyszenie 4tutti\" \/>\n<meta property=\"article:modified_time\" content=\"2024-10-26T17:39:02+00:00\" \/>\n<meta property=\"og:image\" content=\"https:\/\/4tutti.pl\/wp-content\/uploads\/2024\/10\/image_123650291-5.jpg\" \/>\n\t<meta property=\"og:image:width\" content=\"905\" \/>\n\t<meta property=\"og:image:height\" content=\"1280\" \/>\n\t<meta property=\"og:image:type\" content=\"image\/jpeg\" \/>\n<meta name=\"twitter:card\" content=\"summary_large_image\" \/>\n<meta name=\"twitter:label1\" content=\"Szacowany czas czytania\" \/>\n\t<meta name=\"twitter:data1\" content=\"1 minuta\" \/>\n<script type=\"application\/ld+json\" class=\"yoast-schema-graph\">{\"@context\":\"https:\/\/schema.org\",\"@graph\":[{\"@type\":\"WebPage\",\"@id\":\"https:\/\/4tutti.pl\/?page_id=4493\",\"url\":\"https:\/\/4tutti.pl\/?page_id=4493\",\"name\":\"WARSZTATY \u015aWI\u0104TECZNE - Stowarzyszenie 4tutti\",\"isPartOf\":{\"@id\":\"https:\/\/4tutti.pl\/#website\"},\"datePublished\":\"2024-10-26T17:36:53+00:00\",\"dateModified\":\"2024-10-26T17:39:02+00:00\",\"breadcrumb\":{\"@id\":\"https:\/\/4tutti.pl\/?page_id=4493#breadcrumb\"},\"inLanguage\":\"pl-PL\",\"potentialAction\":[{\"@type\":\"ReadAction\",\"target\":[\"https:\/\/4tutti.pl\/?page_id=4493\"]}]},{\"@type\":\"BreadcrumbList\",\"@id\":\"https:\/\/4tutti.pl\/?page_id=4493#breadcrumb\",\"itemListElement\":[{\"@type\":\"ListItem\",\"position\":1,\"name\":\"Strona g\u0142\u00f3wna\",\"item\":\"https:\/\/4tutti.pl\/\"},{\"@type\":\"ListItem\",\"position\":2,\"name\":\"Aktualno\u015bci\",\"item\":\"https:\/\/4tutti.pl\/?page_id=525\"},{\"@type\":\"ListItem\",\"position\":3,\"name\":\"NOWO\u015aCI\",\"item\":\"https:\/\/4tutti.pl\/?page_id=2609\"},{\"@type\":\"ListItem\",\"position\":4,\"name\":\"WARSZTATY \u015aWI\u0104TECZNE\"}]},{\"@type\":\"WebSite\",\"@id\":\"https:\/\/4tutti.pl\/#website\",\"url\":\"https:\/\/4tutti.pl\/\",\"name\":\"Stowarzyszenie 4tutti\",\"description\":\"P\u00f3\u0142kolonie, warsztaty dla dzieci\",\"potentialAction\":[{\"@type\":\"SearchAction\",\"target\":{\"@type\":\"EntryPoint\",\"urlTemplate\":\"https:\/\/4tutti.pl\/?s={search_term_string}\"},\"query-input\":\"required name=search_term_string\"}],\"inLanguage\":\"pl-PL\"}]}<\/script>\n<!-- \/ Yoast SEO plugin. -->","yoast_head_json":{"title":"WARSZTATY \u015aWI\u0104TECZNE - Stowarzyszenie 4tutti","robots":{"index":"index","follow":"follow","max-snippet":"max-snippet:-1","max-image-preview":"max-image-preview:large","max-video-preview":"max-video-preview:-1"},"canonical":"https:\/\/4tutti.pl\/?page_id=4493","og_locale":"pl_PL","og_type":"article","og_title":"WARSZTATY \u015aWI\u0104TECZNE - Stowarzyszenie 4tutti","og_description":"Za NAMI&nbsp; warsztaty dynie i Halloween a przed kolejne &nbsp; &nbsp; &nbsp; OZDOBY \u015aWI\u0104TECZNE Serdecznie zapraszamy WSZYSTKICH na warsztaty gdzie b\u0119dzie &#8230; choinkowo, brokatowo, \u015bwiecznikowo Szczeg\u00f3\u0142y w zak\u0142adce&nbsp; WARSZTATY","og_url":"https:\/\/4tutti.pl\/?page_id=4493","og_site_name":"Stowarzyszenie 4tutti","article_modified_time":"2024-10-26T17:39:02+00:00","og_image":[{"width":905,"height":1280,"url":"https:\/\/4tutti.pl\/wp-content\/uploads\/2024\/10\/image_123650291-5.jpg","type":"image\/jpeg"}],"twitter_card":"summary_large_image","twitter_misc":{"Szacowany czas czytania":"1 minuta"},"schema":{"@context":"https:\/\/schema.org","@graph":[{"@type":"WebPage","@id":"https:\/\/4tutti.pl\/?page_id=4493","url":"https:\/\/4tutti.pl\/?page_id=4493","name":"WARSZTATY \u015aWI\u0104TECZNE - Stowarzyszenie 4tutti","isPartOf":{"@id":"https:\/\/4tutti.pl\/#website"},"datePublished":"2024-10-26T17:36:53+00:00","dateModified":"2024-10-26T17:39:02+00:00","breadcrumb":{"@id":"https:\/\/4tutti.pl\/?page_id=4493#breadcrumb"},"inLanguage":"pl-PL","potentialAction":[{"@type":"ReadAction","target":["https:\/\/4tutti.pl\/?page_id=4493"]}]},{"@type":"BreadcrumbList","@id":"https:\/\/4tutti.pl\/?page_id=4493#breadcrumb","itemListElement":[{"@type":"ListItem","position":1,"name":"Strona g\u0142\u00f3wna","item":"https:\/\/4tutti.pl\/"},{"@type":"ListItem","position":2,"name":"Aktualno\u015bci","item":"https:\/\/4tutti.pl\/?page_id=525"},{"@type":"ListItem","position":3,"name":"NOWO\u015aCI","item":"https:\/\/4tutti.pl\/?page_id=2609"},{"@type":"ListItem","position":4,"name":"WARSZTATY \u015aWI\u0104TECZNE"}]},{"@type":"WebSite","@id":"https:\/\/4tutti.pl\/#website","url":"https:\/\/4tutti.pl\/","name":"Stowarzyszenie 4tutti","description":"P\u00f3\u0142kolonie, warsztaty dla dzieci","potentialAction":[{"@type":"SearchAction","target":{"@type":"EntryPoint","urlTemplate":"https:\/\/4tutti.pl\/?s={search_term_string}"},"query-input":"required name=search_term_string"}],"inLanguage":"pl-PL"}]}},"_links":{"self":[{"href":"https:\/\/4tutti.pl\/index.php?rest_route=\/wp\/v2\/pages\/4493","targetHints":{"allow":["GET"]}}],"collection":[{"href":"https:\/\/4tutti.pl\/index.php?rest_route=\/wp\/v2\/pages"}],"about":[{"href":"https:\/\/4tutti.pl\/index.php?rest_route=\/wp\/v2\/types\/page"}],"author":[{"embeddable":true,"href":"https:\/\/4tutti.pl\/index.php?rest_route=\/wp\/v2\/users\/2"}],"replies":[{"embeddable":true,"href":"https:\/\/4tutti.pl\/index.php?rest_route=%2Fwp%2Fv2%2Fcomments&post=4493"}],"version-history":[{"count":2,"href":"https:\/\/4tutti.pl\/index.php?rest_route=\/wp\/v2\/pages\/4493\/revisions"}],"predecessor-version":[{"id":4495,"href":"https:\/\/4tutti.pl\/index.php?rest_route=\/wp\/v2\/pages\/4493\/revisions\/4495"}],"up":[{"embeddable":true,"href":"https:\/\/4tutti.pl\/index.php?rest_route=\/wp\/v2\/pages\/2609"}],"wp:featuredmedia":[{"embeddable":true,"href":"https:\/\/4tutti.pl\/index.php?rest_route=\/wp\/v2\/media\/4490"}],"wp:attachment":[{"href":"https:\/\/4tutti.pl\/index.php?rest_route=%2Fwp%2Fv2%2Fmedia&parent=4493"}],"curies":[{"name":"wp","href":"https:\/\/api.w.org\/{rel}","templated":true}]}}