{"id":4502,"date":"2024-10-29T10:54:16","date_gmt":"2024-10-29T09:54:16","guid":{"rendered":"https:\/\/4tutti.pl\/?page_id=4502"},"modified":"2024-11-07T11:02:19","modified_gmt":"2024-11-07T10:02:19","slug":"2024-word-cup-krakow","status":"publish","type":"page","link":"https:\/\/4tutti.pl\/?page_id=4502","title":{"rendered":"2024 WORD CUP KRAK\u00d3W"},"content":{"rendered":"<div class=\"xdj266r x11i5rnm xat24cr x1mh8g0r x1vvkbs x126k92a\">\n<div dir=\"auto\">Kochani 27 pa\u017adziernika odby\u0142 si\u0119 WORLD CUP w Rock&#8217;n;Rollu akrobatycznym w Krakowie <span class=\"html-span xexx8yu x4uap5 x18d9i69 xkhd6sd x1hl2dhg x16tdsg8 x1vvkbs x3nfvp2 x1j61x8r x1fcty0u xdj266r xat24cr xgzva0m xhhsvwb xxymvpz xlup9mm x1kky2od\"><img loading=\"lazy\" decoding=\"async\" class=\"xz74otr\" src=\"https:\/\/static.xx.fbcdn.net\/images\/emoji.php\/v9\/t6c\/1\/16\/1f4aa.png\" alt=\"\ud83d\udcaa\" width=\"16\" height=\"16\"><\/span><\/div>\n<div dir=\"auto\">Nasza formacja <strong>Dzwoneczek<\/strong> w sk\u0142adzie: Jula, Zuza, Lena, Kaja, Martyna, Lenka, Nina zako\u0144czy\u0142y zawody na 19 miejscu <span class=\"html-span xexx8yu x4uap5 x18d9i69 xkhd6sd x1hl2dhg x16tdsg8 x1vvkbs x3nfvp2 x1j61x8r x1fcty0u xdj266r xat24cr xgzva0m xhhsvwb xxymvpz xlup9mm x1kky2od\"><img loading=\"lazy\" decoding=\"async\" class=\"xz74otr\" src=\"https:\/\/static.xx.fbcdn.net\/images\/emoji.php\/v9\/tac\/1\/16\/2665.png\" alt=\"\u2665\ufe0f\" width=\"16\" height=\"16\"><\/span><\/div>\n<div dir=\"auto\">By\u0142 to pierwszy wyst\u0119p naszych dziewczyn po wakacjach na tak du\u017cej imprezie. Adrenalina i emocje by\u0142y na bardzo wysokim poziomie!!!<\/div>\n<div dir=\"auto\">Tym bardziej jeste\u015bmy bardzo dumni z naszych dziewczyn <span class=\"html-span xexx8yu x4uap5 x18d9i69 xkhd6sd x1hl2dhg x16tdsg8 x1vvkbs x3nfvp2 x1j61x8r x1fcty0u xdj266r xat24cr xgzva0m xhhsvwb xxymvpz xlup9mm x1kky2od\"><img loading=\"lazy\" decoding=\"async\" class=\"xz74otr\" src=\"https:\/\/static.xx.fbcdn.net\/images\/emoji.php\/v9\/tac\/1\/16\/2665.png\" alt=\"\u2665\ufe0f\" width=\"16\" height=\"16\"><\/span><\/div>\n<div dir=\"auto\">Dla nas jeste\u015bcie najlepsze!!!<\/div>\n<\/div>\n<div class=\"x11i5rnm xat24cr x1mh8g0r x1vvkbs xtlvy1s x126k92a\">\n<div dir=\"auto\">Dzi\u0119kujemy bardzo wszystkim kt\u00f3rzy nas wspieraj\u0105<span class=\"html-span xexx8yu x4uap5 x18d9i69 xkhd6sd x1hl2dhg x16tdsg8 x1vvkbs x3nfvp2 x1j61x8r x1fcty0u xdj266r xat24cr xgzva0m xhhsvwb xxymvpz xlup9mm x1kky2od\"><img loading=\"lazy\" decoding=\"async\" class=\"xz74otr\" src=\"https:\/\/static.xx.fbcdn.net\/images\/emoji.php\/v9\/tac\/1\/16\/2665.png\" alt=\"\u2665\ufe0f\" width=\"16\" height=\"16\"><\/span><span class=\"html-span xexx8yu x4uap5 x18d9i69 xkhd6sd x1hl2dhg x16tdsg8 x1vvkbs x3nfvp2 x1j61x8r x1fcty0u xdj266r xat24cr xgzva0m xhhsvwb xxymvpz xlup9mm x1kky2od\"><img loading=\"lazy\" decoding=\"async\" class=\"xz74otr\" src=\"https:\/\/static.xx.fbcdn.net\/images\/emoji.php\/v9\/tac\/1\/16\/2665.png\" alt=\"\u2665\ufe0f\" width=\"16\" height=\"16\"><\/span><span class=\"html-span xexx8yu x4uap5 x18d9i69 xkhd6sd x1hl2dhg x16tdsg8 x1vvkbs x3nfvp2 x1j61x8r x1fcty0u xdj266r xat24cr xgzva0m xhhsvwb xxymvpz xlup9mm x1kky2od\"><img loading=\"lazy\" decoding=\"async\" class=\"xz74otr\" src=\"https:\/\/static.xx.fbcdn.net\/images\/emoji.php\/v9\/tac\/1\/16\/2665.png\" alt=\"\u2665\ufe0f\" width=\"16\" height=\"16\"><\/span><\/div>\n<div dir=\"auto\"><img loading=\"lazy\" decoding=\"async\" class=\"alignnone size-medium wp-image-4504\" src=\"https:\/\/4tutti.pl\/wp-content\/uploads\/2024\/11\/464621984_873425958209788_2061476377518846928_n-300x135.jpg\" alt=\"\" width=\"300\" height=\"135\" srcset=\"https:\/\/4tutti.pl\/wp-content\/uploads\/2024\/11\/464621984_873425958209788_2061476377518846928_n-300x135.jpg 300w, https:\/\/4tutti.pl\/wp-content\/uploads\/2024\/11\/464621984_873425958209788_2061476377518846928_n-1024x461.jpg 1024w, https:\/\/4tutti.pl\/wp-content\/uploads\/2024\/11\/464621984_873425958209788_2061476377518846928_n-768x346.jpg 768w, https:\/\/4tutti.pl\/wp-content\/uploads\/2024\/11\/464621984_873425958209788_2061476377518846928_n-1536x692.jpg 1536w, https:\/\/4tutti.pl\/wp-content\/uploads\/2024\/11\/464621984_873425958209788_2061476377518846928_n.jpg 2048w\" sizes=\"auto, (max-width: 300px) 100vw, 300px\" \/><\/div>\n<\/div>\n","protected":false},"excerpt":{"rendered":"<p>Kochani 27 pa\u017adziernika odby\u0142 si\u0119 WORLD CUP w Rock&#8217;n;Rollu akrobatycznym w Krakowie Nasza formacja Dzwoneczek w sk\u0142adzie: Jula, Zuza, Lena, Kaja, Martyna, Lenka, Nina zako\u0144czy\u0142y zawody na 19 miejscu By\u0142 to pierwszy wyst\u0119p naszych dziewczyn po wakacjach na tak du\u017cej imprezie. Adrenalina i emocje by\u0142y na bardzo wysokim poziomie!!! Tym bardziej jeste\u015bmy bardzo dumni z [&hellip;]<\/p>\n","protected":false},"author":2,"featured_media":4503,"parent":2609,"menu_order":0,"comment_status":"closed","ping_status":"closed","template":"","meta":{"ngg_post_thumbnail":0,"footnotes":""},"class_list":["post-4502","page","type-page","status-publish","has-post-thumbnail","hentry"],"yoast_head":"<!-- This site is optimized with the Yoast SEO plugin v19.8 - https:\/\/yoast.com\/wordpress\/plugins\/seo\/ -->\n<title>2024 WORD CUP KRAK\u00d3W - Stowarzyszenie 4tutti<\/title>\n<meta name=\"robots\" content=\"index, follow, max-snippet:-1, max-image-preview:large, max-video-preview:-1\" \/>\n<link rel=\"canonical\" href=\"https:\/\/4tutti.pl\/?page_id=4502\" \/>\n<meta property=\"og:locale\" content=\"pl_PL\" \/>\n<meta property=\"og:type\" content=\"article\" \/>\n<meta property=\"og:title\" content=\"2024 WORD CUP KRAK\u00d3W - Stowarzyszenie 4tutti\" \/>\n<meta property=\"og:description\" content=\"Kochani 27 pa\u017adziernika odby\u0142 si\u0119 WORLD CUP w Rock&#8217;n;Rollu akrobatycznym w Krakowie Nasza formacja Dzwoneczek w sk\u0142adzie: Jula, Zuza, Lena, Kaja, Martyna, Lenka, Nina zako\u0144czy\u0142y zawody na 19 miejscu By\u0142 to pierwszy wyst\u0119p naszych dziewczyn po wakacjach na tak du\u017cej imprezie. Adrenalina i emocje by\u0142y na bardzo wysokim poziomie!!! Tym bardziej jeste\u015bmy bardzo dumni z [&hellip;]\" \/>\n<meta property=\"og:url\" content=\"https:\/\/4tutti.pl\/?page_id=4502\" \/>\n<meta property=\"og:site_name\" content=\"Stowarzyszenie 4tutti\" \/>\n<meta property=\"article:modified_time\" content=\"2024-11-07T10:02:19+00:00\" \/>\n<meta property=\"og:image\" content=\"https:\/\/4tutti.pl\/wp-content\/uploads\/2024\/11\/464082709_873425238209860_2603087309007445093_n.jpg\" \/>\n\t<meta property=\"og:image:width\" content=\"1536\" \/>\n\t<meta property=\"og:image:height\" content=\"2048\" \/>\n\t<meta property=\"og:image:type\" content=\"image\/jpeg\" \/>\n<meta name=\"twitter:card\" content=\"summary_large_image\" \/>\n<meta name=\"twitter:label1\" content=\"Szacowany czas czytania\" \/>\n\t<meta name=\"twitter:data1\" content=\"2 minuty\" \/>\n<script type=\"application\/ld+json\" class=\"yoast-schema-graph\">{\"@context\":\"https:\/\/schema.org\",\"@graph\":[{\"@type\":\"WebPage\",\"@id\":\"https:\/\/4tutti.pl\/?page_id=4502\",\"url\":\"https:\/\/4tutti.pl\/?page_id=4502\",\"name\":\"2024 WORD CUP KRAK\u00d3W - Stowarzyszenie 4tutti\",\"isPartOf\":{\"@id\":\"https:\/\/4tutti.pl\/#website\"},\"datePublished\":\"2024-10-29T09:54:16+00:00\",\"dateModified\":\"2024-11-07T10:02:19+00:00\",\"breadcrumb\":{\"@id\":\"https:\/\/4tutti.pl\/?page_id=4502#breadcrumb\"},\"inLanguage\":\"pl-PL\",\"potentialAction\":[{\"@type\":\"ReadAction\",\"target\":[\"https:\/\/4tutti.pl\/?page_id=4502\"]}]},{\"@type\":\"BreadcrumbList\",\"@id\":\"https:\/\/4tutti.pl\/?page_id=4502#breadcrumb\",\"itemListElement\":[{\"@type\":\"ListItem\",\"position\":1,\"name\":\"Strona g\u0142\u00f3wna\",\"item\":\"https:\/\/4tutti.pl\/\"},{\"@type\":\"ListItem\",\"position\":2,\"name\":\"Aktualno\u015bci\",\"item\":\"https:\/\/4tutti.pl\/?page_id=525\"},{\"@type\":\"ListItem\",\"position\":3,\"name\":\"NOWO\u015aCI\",\"item\":\"https:\/\/4tutti.pl\/?page_id=2609\"},{\"@type\":\"ListItem\",\"position\":4,\"name\":\"2024 WORD CUP KRAK\u00d3W\"}]},{\"@type\":\"WebSite\",\"@id\":\"https:\/\/4tutti.pl\/#website\",\"url\":\"https:\/\/4tutti.pl\/\",\"name\":\"Stowarzyszenie 4tutti\",\"description\":\"P\u00f3\u0142kolonie, warsztaty dla dzieci\",\"potentialAction\":[{\"@type\":\"SearchAction\",\"target\":{\"@type\":\"EntryPoint\",\"urlTemplate\":\"https:\/\/4tutti.pl\/?s={search_term_string}\"},\"query-input\":\"required name=search_term_string\"}],\"inLanguage\":\"pl-PL\"}]}<\/script>\n<!-- \/ Yoast SEO plugin. -->","yoast_head_json":{"title":"2024 WORD CUP KRAK\u00d3W - Stowarzyszenie 4tutti","robots":{"index":"index","follow":"follow","max-snippet":"max-snippet:-1","max-image-preview":"max-image-preview:large","max-video-preview":"max-video-preview:-1"},"canonical":"https:\/\/4tutti.pl\/?page_id=4502","og_locale":"pl_PL","og_type":"article","og_title":"2024 WORD CUP KRAK\u00d3W - Stowarzyszenie 4tutti","og_description":"Kochani 27 pa\u017adziernika odby\u0142 si\u0119 WORLD CUP w Rock&#8217;n;Rollu akrobatycznym w Krakowie Nasza formacja Dzwoneczek w sk\u0142adzie: Jula, Zuza, Lena, Kaja, Martyna, Lenka, Nina zako\u0144czy\u0142y zawody na 19 miejscu By\u0142 to pierwszy wyst\u0119p naszych dziewczyn po wakacjach na tak du\u017cej imprezie. Adrenalina i emocje by\u0142y na bardzo wysokim poziomie!!! Tym bardziej jeste\u015bmy bardzo dumni z [&hellip;]","og_url":"https:\/\/4tutti.pl\/?page_id=4502","og_site_name":"Stowarzyszenie 4tutti","article_modified_time":"2024-11-07T10:02:19+00:00","og_image":[{"width":1536,"height":2048,"url":"https:\/\/4tutti.pl\/wp-content\/uploads\/2024\/11\/464082709_873425238209860_2603087309007445093_n.jpg","type":"image\/jpeg"}],"twitter_card":"summary_large_image","twitter_misc":{"Szacowany czas czytania":"2 minuty"},"schema":{"@context":"https:\/\/schema.org","@graph":[{"@type":"WebPage","@id":"https:\/\/4tutti.pl\/?page_id=4502","url":"https:\/\/4tutti.pl\/?page_id=4502","name":"2024 WORD CUP KRAK\u00d3W - Stowarzyszenie 4tutti","isPartOf":{"@id":"https:\/\/4tutti.pl\/#website"},"datePublished":"2024-10-29T09:54:16+00:00","dateModified":"2024-11-07T10:02:19+00:00","breadcrumb":{"@id":"https:\/\/4tutti.pl\/?page_id=4502#breadcrumb"},"inLanguage":"pl-PL","potentialAction":[{"@type":"ReadAction","target":["https:\/\/4tutti.pl\/?page_id=4502"]}]},{"@type":"BreadcrumbList","@id":"https:\/\/4tutti.pl\/?page_id=4502#breadcrumb","itemListElement":[{"@type":"ListItem","position":1,"name":"Strona g\u0142\u00f3wna","item":"https:\/\/4tutti.pl\/"},{"@type":"ListItem","position":2,"name":"Aktualno\u015bci","item":"https:\/\/4tutti.pl\/?page_id=525"},{"@type":"ListItem","position":3,"name":"NOWO\u015aCI","item":"https:\/\/4tutti.pl\/?page_id=2609"},{"@type":"ListItem","position":4,"name":"2024 WORD CUP KRAK\u00d3W"}]},{"@type":"WebSite","@id":"https:\/\/4tutti.pl\/#website","url":"https:\/\/4tutti.pl\/","name":"Stowarzyszenie 4tutti","description":"P\u00f3\u0142kolonie, warsztaty dla dzieci","potentialAction":[{"@type":"SearchAction","target":{"@type":"EntryPoint","urlTemplate":"https:\/\/4tutti.pl\/?s={search_term_string}"},"query-input":"required name=search_term_string"}],"inLanguage":"pl-PL"}]}},"_links":{"self":[{"href":"https:\/\/4tutti.pl\/index.php?rest_route=\/wp\/v2\/pages\/4502","targetHints":{"allow":["GET"]}}],"collection":[{"href":"https:\/\/4tutti.pl\/index.php?rest_route=\/wp\/v2\/pages"}],"about":[{"href":"https:\/\/4tutti.pl\/index.php?rest_route=\/wp\/v2\/types\/page"}],"author":[{"embeddable":true,"href":"https:\/\/4tutti.pl\/index.php?rest_route=\/wp\/v2\/users\/2"}],"replies":[{"embeddable":true,"href":"https:\/\/4tutti.pl\/index.php?rest_route=%2Fwp%2Fv2%2Fcomments&post=4502"}],"version-history":[{"count":1,"href":"https:\/\/4tutti.pl\/index.php?rest_route=\/wp\/v2\/pages\/4502\/revisions"}],"predecessor-version":[{"id":4505,"href":"https:\/\/4tutti.pl\/index.php?rest_route=\/wp\/v2\/pages\/4502\/revisions\/4505"}],"up":[{"embeddable":true,"href":"https:\/\/4tutti.pl\/index.php?rest_route=\/wp\/v2\/pages\/2609"}],"wp:featuredmedia":[{"embeddable":true,"href":"https:\/\/4tutti.pl\/index.php?rest_route=\/wp\/v2\/media\/4503"}],"wp:attachment":[{"href":"https:\/\/4tutti.pl\/index.php?rest_route=%2Fwp%2Fv2%2Fmedia&parent=4502"}],"curies":[{"name":"wp","href":"https:\/\/api.w.org\/{rel}","templated":true}]}}