{"id":5344,"date":"2025-04-14T18:41:00","date_gmt":"2025-04-14T16:41:00","guid":{"rendered":"https:\/\/4tutti.pl\/?page_id=5344"},"modified":"2025-04-14T18:41:00","modified_gmt":"2025-04-14T16:41:00","slug":"disney-dance","status":"publish","type":"page","link":"https:\/\/4tutti.pl\/?page_id=5344","title":{"rendered":"DISNEY DANCE"},"content":{"rendered":"<p><em><strong>Disney Dance<\/strong><\/em> \u2013 magia ta\u0144ca dla dzieci!<\/p>\n<p>Zapraszamy dzieci <strong>w wieku 6\u201312 lat<\/strong> na wyj\u0105tkowe zaj\u0119cia Disney Dance!<\/p>\n<p>To taniec pe\u0142en kolor\u00f3w, rado\u015bci i energii \u2013 inspirowany najpi\u0119kniejsz\u0105 muzyk\u0105 z film\u00f3w Disneya!<\/p>\n<p>W programie:&nbsp; &nbsp; &nbsp; &nbsp; &nbsp; &nbsp; <img loading=\"lazy\" decoding=\"async\" class=\"size-medium wp-image-5345 alignright\" src=\"https:\/\/4tutti.pl\/wp-content\/uploads\/2025\/04\/IMG_6460-300x300.jpeg\" alt=\"\" width=\"300\" height=\"300\" srcset=\"https:\/\/4tutti.pl\/wp-content\/uploads\/2025\/04\/IMG_6460-300x300.jpeg 300w, https:\/\/4tutti.pl\/wp-content\/uploads\/2025\/04\/IMG_6460-1024x1024.jpeg 1024w, https:\/\/4tutti.pl\/wp-content\/uploads\/2025\/04\/IMG_6460-150x150.jpeg 150w, https:\/\/4tutti.pl\/wp-content\/uploads\/2025\/04\/IMG_6460-768x768.jpeg 768w, https:\/\/4tutti.pl\/wp-content\/uploads\/2025\/04\/IMG_6460.jpeg 1280w\" sizes=\"auto, (max-width: 300px) 100vw, 300px\" \/><br \/>\nchoreografie do ulubionych bajkowych hit\u00f3w,<br \/>\ntaniec z wst\u0105\u017ckami gimnastycznymi,<br \/>\npierwsze elementy akrobatyki,<br \/>\ndu\u017co u\u015bmiechu, kreatywno\u015bci i dobrej zabawy!<\/p>\n<p>Dla ka\u017cdego dziecka, kt\u00f3re marzy o ta\u0144cu i uwielbia disneyowskie opowie\u015bci!<\/p>\n<p><strong>Zaj\u0119cia:&nbsp; &nbsp; wtorki,&nbsp; &nbsp;godz. 16:00\u201317:00<\/strong><br \/>\nGdzie:&nbsp; &nbsp;<strong>klub&nbsp; 4TUTTI&nbsp; <\/strong><em>ul. Objazdowa 7a &#8211; Zielona G\u00f3ra<\/em><\/p>\n<p>Do\u0142\u0105cz do nas i poczuj magi\u0119 Disneya na parkiecie!<\/p>\n<p>Twoja bajka zaczyna si\u0119 tutaj!<\/p>\n","protected":false},"excerpt":{"rendered":"<p>Disney Dance \u2013 magia ta\u0144ca dla dzieci! Zapraszamy dzieci w wieku 6\u201312 lat na wyj\u0105tkowe zaj\u0119cia Disney Dance! To taniec pe\u0142en kolor\u00f3w, rado\u015bci i energii \u2013 inspirowany najpi\u0119kniejsz\u0105 muzyk\u0105 z film\u00f3w Disneya! W programie:&nbsp; &nbsp; &nbsp; &nbsp; &nbsp; &nbsp; choreografie do ulubionych bajkowych hit\u00f3w, taniec z wst\u0105\u017ckami gimnastycznymi, pierwsze elementy akrobatyki, du\u017co u\u015bmiechu, kreatywno\u015bci i [&hellip;]<\/p>\n","protected":false},"author":2,"featured_media":5345,"parent":2546,"menu_order":0,"comment_status":"closed","ping_status":"closed","template":"","meta":{"ngg_post_thumbnail":0,"footnotes":""},"class_list":["post-5344","page","type-page","status-publish","has-post-thumbnail","hentry"],"yoast_head":"<!-- This site is optimized with the Yoast SEO plugin v19.8 - https:\/\/yoast.com\/wordpress\/plugins\/seo\/ -->\n<title>DISNEY DANCE - Stowarzyszenie 4tutti<\/title>\n<meta name=\"robots\" content=\"index, follow, max-snippet:-1, max-image-preview:large, max-video-preview:-1\" \/>\n<link rel=\"canonical\" href=\"https:\/\/4tutti.pl\/?page_id=5344\" \/>\n<meta property=\"og:locale\" content=\"pl_PL\" \/>\n<meta property=\"og:type\" content=\"article\" \/>\n<meta property=\"og:title\" content=\"DISNEY DANCE - Stowarzyszenie 4tutti\" \/>\n<meta property=\"og:description\" content=\"Disney Dance \u2013 magia ta\u0144ca dla dzieci! Zapraszamy dzieci w wieku 6\u201312 lat na wyj\u0105tkowe zaj\u0119cia Disney Dance! To taniec pe\u0142en kolor\u00f3w, rado\u015bci i energii \u2013 inspirowany najpi\u0119kniejsz\u0105 muzyk\u0105 z film\u00f3w Disneya! W programie:&nbsp; &nbsp; &nbsp; &nbsp; &nbsp; &nbsp; choreografie do ulubionych bajkowych hit\u00f3w, taniec z wst\u0105\u017ckami gimnastycznymi, pierwsze elementy akrobatyki, du\u017co u\u015bmiechu, kreatywno\u015bci i [&hellip;]\" \/>\n<meta property=\"og:url\" content=\"https:\/\/4tutti.pl\/?page_id=5344\" \/>\n<meta property=\"og:site_name\" content=\"Stowarzyszenie 4tutti\" \/>\n<meta property=\"og:image\" content=\"https:\/\/4tutti.pl\/wp-content\/uploads\/2025\/04\/IMG_6460.jpeg\" \/>\n\t<meta property=\"og:image:width\" content=\"1280\" \/>\n\t<meta property=\"og:image:height\" content=\"1280\" \/>\n\t<meta property=\"og:image:type\" content=\"image\/jpeg\" \/>\n<meta name=\"twitter:card\" content=\"summary_large_image\" \/>\n<meta name=\"twitter:label1\" content=\"Szacowany czas czytania\" \/>\n\t<meta name=\"twitter:data1\" content=\"1 minuta\" \/>\n<script type=\"application\/ld+json\" class=\"yoast-schema-graph\">{\"@context\":\"https:\/\/schema.org\",\"@graph\":[{\"@type\":\"WebPage\",\"@id\":\"https:\/\/4tutti.pl\/?page_id=5344\",\"url\":\"https:\/\/4tutti.pl\/?page_id=5344\",\"name\":\"DISNEY DANCE - Stowarzyszenie 4tutti\",\"isPartOf\":{\"@id\":\"https:\/\/4tutti.pl\/#website\"},\"datePublished\":\"2025-04-14T16:41:00+00:00\",\"dateModified\":\"2025-04-14T16:41:00+00:00\",\"breadcrumb\":{\"@id\":\"https:\/\/4tutti.pl\/?page_id=5344#breadcrumb\"},\"inLanguage\":\"pl-PL\",\"potentialAction\":[{\"@type\":\"ReadAction\",\"target\":[\"https:\/\/4tutti.pl\/?page_id=5344\"]}]},{\"@type\":\"BreadcrumbList\",\"@id\":\"https:\/\/4tutti.pl\/?page_id=5344#breadcrumb\",\"itemListElement\":[{\"@type\":\"ListItem\",\"position\":1,\"name\":\"Strona g\u0142\u00f3wna\",\"item\":\"https:\/\/4tutti.pl\/\"},{\"@type\":\"ListItem\",\"position\":2,\"name\":\"Aktualno\u015bci\",\"item\":\"https:\/\/4tutti.pl\/?page_id=525\"},{\"@type\":\"ListItem\",\"position\":3,\"name\":\"ZAJ\u0118CIA\",\"item\":\"https:\/\/4tutti.pl\/?page_id=2546\"},{\"@type\":\"ListItem\",\"position\":4,\"name\":\"DISNEY DANCE\"}]},{\"@type\":\"WebSite\",\"@id\":\"https:\/\/4tutti.pl\/#website\",\"url\":\"https:\/\/4tutti.pl\/\",\"name\":\"Stowarzyszenie 4tutti\",\"description\":\"P\u00f3\u0142kolonie, warsztaty dla dzieci\",\"potentialAction\":[{\"@type\":\"SearchAction\",\"target\":{\"@type\":\"EntryPoint\",\"urlTemplate\":\"https:\/\/4tutti.pl\/?s={search_term_string}\"},\"query-input\":\"required name=search_term_string\"}],\"inLanguage\":\"pl-PL\"}]}<\/script>\n<!-- \/ Yoast SEO plugin. -->","yoast_head_json":{"title":"DISNEY DANCE - Stowarzyszenie 4tutti","robots":{"index":"index","follow":"follow","max-snippet":"max-snippet:-1","max-image-preview":"max-image-preview:large","max-video-preview":"max-video-preview:-1"},"canonical":"https:\/\/4tutti.pl\/?page_id=5344","og_locale":"pl_PL","og_type":"article","og_title":"DISNEY DANCE - Stowarzyszenie 4tutti","og_description":"Disney Dance \u2013 magia ta\u0144ca dla dzieci! Zapraszamy dzieci w wieku 6\u201312 lat na wyj\u0105tkowe zaj\u0119cia Disney Dance! To taniec pe\u0142en kolor\u00f3w, rado\u015bci i energii \u2013 inspirowany najpi\u0119kniejsz\u0105 muzyk\u0105 z film\u00f3w Disneya! W programie:&nbsp; &nbsp; &nbsp; &nbsp; &nbsp; &nbsp; choreografie do ulubionych bajkowych hit\u00f3w, taniec z wst\u0105\u017ckami gimnastycznymi, pierwsze elementy akrobatyki, du\u017co u\u015bmiechu, kreatywno\u015bci i [&hellip;]","og_url":"https:\/\/4tutti.pl\/?page_id=5344","og_site_name":"Stowarzyszenie 4tutti","og_image":[{"width":1280,"height":1280,"url":"https:\/\/4tutti.pl\/wp-content\/uploads\/2025\/04\/IMG_6460.jpeg","type":"image\/jpeg"}],"twitter_card":"summary_large_image","twitter_misc":{"Szacowany czas czytania":"1 minuta"},"schema":{"@context":"https:\/\/schema.org","@graph":[{"@type":"WebPage","@id":"https:\/\/4tutti.pl\/?page_id=5344","url":"https:\/\/4tutti.pl\/?page_id=5344","name":"DISNEY DANCE - Stowarzyszenie 4tutti","isPartOf":{"@id":"https:\/\/4tutti.pl\/#website"},"datePublished":"2025-04-14T16:41:00+00:00","dateModified":"2025-04-14T16:41:00+00:00","breadcrumb":{"@id":"https:\/\/4tutti.pl\/?page_id=5344#breadcrumb"},"inLanguage":"pl-PL","potentialAction":[{"@type":"ReadAction","target":["https:\/\/4tutti.pl\/?page_id=5344"]}]},{"@type":"BreadcrumbList","@id":"https:\/\/4tutti.pl\/?page_id=5344#breadcrumb","itemListElement":[{"@type":"ListItem","position":1,"name":"Strona g\u0142\u00f3wna","item":"https:\/\/4tutti.pl\/"},{"@type":"ListItem","position":2,"name":"Aktualno\u015bci","item":"https:\/\/4tutti.pl\/?page_id=525"},{"@type":"ListItem","position":3,"name":"ZAJ\u0118CIA","item":"https:\/\/4tutti.pl\/?page_id=2546"},{"@type":"ListItem","position":4,"name":"DISNEY DANCE"}]},{"@type":"WebSite","@id":"https:\/\/4tutti.pl\/#website","url":"https:\/\/4tutti.pl\/","name":"Stowarzyszenie 4tutti","description":"P\u00f3\u0142kolonie, warsztaty dla dzieci","potentialAction":[{"@type":"SearchAction","target":{"@type":"EntryPoint","urlTemplate":"https:\/\/4tutti.pl\/?s={search_term_string}"},"query-input":"required name=search_term_string"}],"inLanguage":"pl-PL"}]}},"_links":{"self":[{"href":"https:\/\/4tutti.pl\/index.php?rest_route=\/wp\/v2\/pages\/5344","targetHints":{"allow":["GET"]}}],"collection":[{"href":"https:\/\/4tutti.pl\/index.php?rest_route=\/wp\/v2\/pages"}],"about":[{"href":"https:\/\/4tutti.pl\/index.php?rest_route=\/wp\/v2\/types\/page"}],"author":[{"embeddable":true,"href":"https:\/\/4tutti.pl\/index.php?rest_route=\/wp\/v2\/users\/2"}],"replies":[{"embeddable":true,"href":"https:\/\/4tutti.pl\/index.php?rest_route=%2Fwp%2Fv2%2Fcomments&post=5344"}],"version-history":[{"count":1,"href":"https:\/\/4tutti.pl\/index.php?rest_route=\/wp\/v2\/pages\/5344\/revisions"}],"predecessor-version":[{"id":5346,"href":"https:\/\/4tutti.pl\/index.php?rest_route=\/wp\/v2\/pages\/5344\/revisions\/5346"}],"up":[{"embeddable":true,"href":"https:\/\/4tutti.pl\/index.php?rest_route=\/wp\/v2\/pages\/2546"}],"wp:featuredmedia":[{"embeddable":true,"href":"https:\/\/4tutti.pl\/index.php?rest_route=\/wp\/v2\/media\/5345"}],"wp:attachment":[{"href":"https:\/\/4tutti.pl\/index.php?rest_route=%2Fwp%2Fv2%2Fmedia&parent=5344"}],"curies":[{"name":"wp","href":"https:\/\/api.w.org\/{rel}","templated":true}]}}