{"id":5347,"date":"2025-04-14T18:45:27","date_gmt":"2025-04-14T16:45:27","guid":{"rendered":"https:\/\/4tutti.pl\/?page_id=5347"},"modified":"2025-04-14T18:45:27","modified_gmt":"2025-04-14T16:45:27","slug":"akrobatyka-dla-dzieci","status":"publish","type":"page","link":"https:\/\/4tutti.pl\/?page_id=5347","title":{"rendered":"AKROBATYKA DLA DZIECI"},"content":{"rendered":"<p><em><strong>Akrobatyka dla dzieci<\/strong><\/em> \u2013 si\u0142a, gibko\u015b\u0107 i zabawa!<\/p>\n<p>Twoje dziecko uwielbia przewroty, stanie na r\u0119kach, salta i skoki?<br \/>\nZapraszamy na energiczne i rozwijaj\u0105ce zaj\u0119cia akrobatyczne dla dzieci!<br \/>\n<em>Dwie grupy wiekowe:<\/em><br \/>\n<strong>6\u20138 lat<\/strong> \u2013 nauka podstaw akrobatyki przez zabaw\u0119 i ruch<br \/>\n<strong>9\u201313 lat<\/strong> \u2013 rozwijanie umiej\u0119tno\u015bci, si\u0142y i koordynacji w dynamicznych \u0107wiczeniach<\/p>\n<p>Podczas zaj\u0119\u0107:&nbsp; &nbsp; &nbsp; &nbsp; &nbsp; &nbsp; &nbsp; &nbsp; <img loading=\"lazy\" decoding=\"async\" class=\"size-medium wp-image-4529 alignright\" src=\"https:\/\/4tutti.pl\/wp-content\/uploads\/2024\/11\/465110875_878616024357448_8743939172017633114_n-169x300.jpg\" alt=\"\" width=\"169\" height=\"300\" srcset=\"https:\/\/4tutti.pl\/wp-content\/uploads\/2024\/11\/465110875_878616024357448_8743939172017633114_n-169x300.jpg 169w, https:\/\/4tutti.pl\/wp-content\/uploads\/2024\/11\/465110875_878616024357448_8743939172017633114_n-576x1024.jpg 576w, https:\/\/4tutti.pl\/wp-content\/uploads\/2024\/11\/465110875_878616024357448_8743939172017633114_n.jpg 720w\" sizes=\"auto, (max-width: 169px) 100vw, 169px\" \/><br \/>\nuczymy bezpiecznego wykonywania figur akrobatycznych,<br \/>\nwzmacniamy cia\u0142o, poprawiamy r\u00f3wnowag\u0119 i elastyczno\u015b\u0107,<br \/>\nrozwijamy koncentracj\u0119 i pewno\u015b\u0107 siebie,<br \/>\nbawimy si\u0119 ruchem w pozytywnej atmosferze!<\/p>\n<p>Zaj\u0119cia dostosowane do poziomu i mo\u017cliwo\u015bci dziecka \u2013 bez presji, z u\u015bmiechem!<\/p>\n<p><strong>ZADZWO\u0143&nbsp; &nbsp; 516 334 426&nbsp;<\/strong>&nbsp;<\/p>\n<p>Akrobatyka to nie tylko sport \u2013 to rado\u015b\u0107 ruchu, nowe umiej\u0119tno\u015bci i przyja\u017anie!<\/p>\n<p>Do\u0142\u0105cz do nas i odkryj, jak wiele potrafisz!<\/p>\n","protected":false},"excerpt":{"rendered":"<p>Akrobatyka dla dzieci \u2013 si\u0142a, gibko\u015b\u0107 i zabawa! Twoje dziecko uwielbia przewroty, stanie na r\u0119kach, salta i skoki? Zapraszamy na energiczne i rozwijaj\u0105ce zaj\u0119cia akrobatyczne dla dzieci! Dwie grupy wiekowe: 6\u20138 lat \u2013 nauka podstaw akrobatyki przez zabaw\u0119 i ruch 9\u201313 lat \u2013 rozwijanie umiej\u0119tno\u015bci, si\u0142y i koordynacji w dynamicznych \u0107wiczeniach Podczas zaj\u0119\u0107:&nbsp; &nbsp; &nbsp; [&hellip;]<\/p>\n","protected":false},"author":2,"featured_media":4529,"parent":2546,"menu_order":0,"comment_status":"closed","ping_status":"closed","template":"","meta":{"ngg_post_thumbnail":0,"footnotes":""},"class_list":["post-5347","page","type-page","status-publish","has-post-thumbnail","hentry"],"yoast_head":"<!-- This site is optimized with the Yoast SEO plugin v19.8 - https:\/\/yoast.com\/wordpress\/plugins\/seo\/ -->\n<title>AKROBATYKA DLA DZIECI - Stowarzyszenie 4tutti<\/title>\n<meta name=\"robots\" content=\"index, follow, max-snippet:-1, max-image-preview:large, max-video-preview:-1\" \/>\n<link rel=\"canonical\" href=\"https:\/\/4tutti.pl\/?page_id=5347\" \/>\n<meta property=\"og:locale\" content=\"pl_PL\" \/>\n<meta property=\"og:type\" content=\"article\" \/>\n<meta property=\"og:title\" content=\"AKROBATYKA DLA DZIECI - Stowarzyszenie 4tutti\" \/>\n<meta property=\"og:description\" content=\"Akrobatyka dla dzieci \u2013 si\u0142a, gibko\u015b\u0107 i zabawa! Twoje dziecko uwielbia przewroty, stanie na r\u0119kach, salta i skoki? Zapraszamy na energiczne i rozwijaj\u0105ce zaj\u0119cia akrobatyczne dla dzieci! Dwie grupy wiekowe: 6\u20138 lat \u2013 nauka podstaw akrobatyki przez zabaw\u0119 i ruch 9\u201313 lat \u2013 rozwijanie umiej\u0119tno\u015bci, si\u0142y i koordynacji w dynamicznych \u0107wiczeniach Podczas zaj\u0119\u0107:&nbsp; &nbsp; &nbsp; [&hellip;]\" \/>\n<meta property=\"og:url\" content=\"https:\/\/4tutti.pl\/?page_id=5347\" \/>\n<meta property=\"og:site_name\" content=\"Stowarzyszenie 4tutti\" \/>\n<meta property=\"og:image\" content=\"https:\/\/4tutti.pl\/wp-content\/uploads\/2024\/11\/465110875_878616024357448_8743939172017633114_n.jpg\" \/>\n\t<meta property=\"og:image:width\" content=\"720\" \/>\n\t<meta property=\"og:image:height\" content=\"1280\" \/>\n\t<meta property=\"og:image:type\" content=\"image\/jpeg\" \/>\n<meta name=\"twitter:card\" content=\"summary_large_image\" \/>\n<meta name=\"twitter:label1\" content=\"Szacowany czas czytania\" \/>\n\t<meta name=\"twitter:data1\" content=\"1 minuta\" \/>\n<script type=\"application\/ld+json\" class=\"yoast-schema-graph\">{\"@context\":\"https:\/\/schema.org\",\"@graph\":[{\"@type\":\"WebPage\",\"@id\":\"https:\/\/4tutti.pl\/?page_id=5347\",\"url\":\"https:\/\/4tutti.pl\/?page_id=5347\",\"name\":\"AKROBATYKA DLA DZIECI - Stowarzyszenie 4tutti\",\"isPartOf\":{\"@id\":\"https:\/\/4tutti.pl\/#website\"},\"datePublished\":\"2025-04-14T16:45:27+00:00\",\"dateModified\":\"2025-04-14T16:45:27+00:00\",\"breadcrumb\":{\"@id\":\"https:\/\/4tutti.pl\/?page_id=5347#breadcrumb\"},\"inLanguage\":\"pl-PL\",\"potentialAction\":[{\"@type\":\"ReadAction\",\"target\":[\"https:\/\/4tutti.pl\/?page_id=5347\"]}]},{\"@type\":\"BreadcrumbList\",\"@id\":\"https:\/\/4tutti.pl\/?page_id=5347#breadcrumb\",\"itemListElement\":[{\"@type\":\"ListItem\",\"position\":1,\"name\":\"Strona g\u0142\u00f3wna\",\"item\":\"https:\/\/4tutti.pl\/\"},{\"@type\":\"ListItem\",\"position\":2,\"name\":\"Aktualno\u015bci\",\"item\":\"https:\/\/4tutti.pl\/?page_id=525\"},{\"@type\":\"ListItem\",\"position\":3,\"name\":\"ZAJ\u0118CIA\",\"item\":\"https:\/\/4tutti.pl\/?page_id=2546\"},{\"@type\":\"ListItem\",\"position\":4,\"name\":\"AKROBATYKA DLA DZIECI\"}]},{\"@type\":\"WebSite\",\"@id\":\"https:\/\/4tutti.pl\/#website\",\"url\":\"https:\/\/4tutti.pl\/\",\"name\":\"Stowarzyszenie 4tutti\",\"description\":\"P\u00f3\u0142kolonie, warsztaty dla dzieci\",\"potentialAction\":[{\"@type\":\"SearchAction\",\"target\":{\"@type\":\"EntryPoint\",\"urlTemplate\":\"https:\/\/4tutti.pl\/?s={search_term_string}\"},\"query-input\":\"required name=search_term_string\"}],\"inLanguage\":\"pl-PL\"}]}<\/script>\n<!-- \/ Yoast SEO plugin. -->","yoast_head_json":{"title":"AKROBATYKA DLA DZIECI - Stowarzyszenie 4tutti","robots":{"index":"index","follow":"follow","max-snippet":"max-snippet:-1","max-image-preview":"max-image-preview:large","max-video-preview":"max-video-preview:-1"},"canonical":"https:\/\/4tutti.pl\/?page_id=5347","og_locale":"pl_PL","og_type":"article","og_title":"AKROBATYKA DLA DZIECI - Stowarzyszenie 4tutti","og_description":"Akrobatyka dla dzieci \u2013 si\u0142a, gibko\u015b\u0107 i zabawa! Twoje dziecko uwielbia przewroty, stanie na r\u0119kach, salta i skoki? Zapraszamy na energiczne i rozwijaj\u0105ce zaj\u0119cia akrobatyczne dla dzieci! Dwie grupy wiekowe: 6\u20138 lat \u2013 nauka podstaw akrobatyki przez zabaw\u0119 i ruch 9\u201313 lat \u2013 rozwijanie umiej\u0119tno\u015bci, si\u0142y i koordynacji w dynamicznych \u0107wiczeniach Podczas zaj\u0119\u0107:&nbsp; &nbsp; &nbsp; [&hellip;]","og_url":"https:\/\/4tutti.pl\/?page_id=5347","og_site_name":"Stowarzyszenie 4tutti","og_image":[{"width":720,"height":1280,"url":"https:\/\/4tutti.pl\/wp-content\/uploads\/2024\/11\/465110875_878616024357448_8743939172017633114_n.jpg","type":"image\/jpeg"}],"twitter_card":"summary_large_image","twitter_misc":{"Szacowany czas czytania":"1 minuta"},"schema":{"@context":"https:\/\/schema.org","@graph":[{"@type":"WebPage","@id":"https:\/\/4tutti.pl\/?page_id=5347","url":"https:\/\/4tutti.pl\/?page_id=5347","name":"AKROBATYKA DLA DZIECI - Stowarzyszenie 4tutti","isPartOf":{"@id":"https:\/\/4tutti.pl\/#website"},"datePublished":"2025-04-14T16:45:27+00:00","dateModified":"2025-04-14T16:45:27+00:00","breadcrumb":{"@id":"https:\/\/4tutti.pl\/?page_id=5347#breadcrumb"},"inLanguage":"pl-PL","potentialAction":[{"@type":"ReadAction","target":["https:\/\/4tutti.pl\/?page_id=5347"]}]},{"@type":"BreadcrumbList","@id":"https:\/\/4tutti.pl\/?page_id=5347#breadcrumb","itemListElement":[{"@type":"ListItem","position":1,"name":"Strona g\u0142\u00f3wna","item":"https:\/\/4tutti.pl\/"},{"@type":"ListItem","position":2,"name":"Aktualno\u015bci","item":"https:\/\/4tutti.pl\/?page_id=525"},{"@type":"ListItem","position":3,"name":"ZAJ\u0118CIA","item":"https:\/\/4tutti.pl\/?page_id=2546"},{"@type":"ListItem","position":4,"name":"AKROBATYKA DLA DZIECI"}]},{"@type":"WebSite","@id":"https:\/\/4tutti.pl\/#website","url":"https:\/\/4tutti.pl\/","name":"Stowarzyszenie 4tutti","description":"P\u00f3\u0142kolonie, warsztaty dla dzieci","potentialAction":[{"@type":"SearchAction","target":{"@type":"EntryPoint","urlTemplate":"https:\/\/4tutti.pl\/?s={search_term_string}"},"query-input":"required name=search_term_string"}],"inLanguage":"pl-PL"}]}},"_links":{"self":[{"href":"https:\/\/4tutti.pl\/index.php?rest_route=\/wp\/v2\/pages\/5347","targetHints":{"allow":["GET"]}}],"collection":[{"href":"https:\/\/4tutti.pl\/index.php?rest_route=\/wp\/v2\/pages"}],"about":[{"href":"https:\/\/4tutti.pl\/index.php?rest_route=\/wp\/v2\/types\/page"}],"author":[{"embeddable":true,"href":"https:\/\/4tutti.pl\/index.php?rest_route=\/wp\/v2\/users\/2"}],"replies":[{"embeddable":true,"href":"https:\/\/4tutti.pl\/index.php?rest_route=%2Fwp%2Fv2%2Fcomments&post=5347"}],"version-history":[{"count":1,"href":"https:\/\/4tutti.pl\/index.php?rest_route=\/wp\/v2\/pages\/5347\/revisions"}],"predecessor-version":[{"id":5348,"href":"https:\/\/4tutti.pl\/index.php?rest_route=\/wp\/v2\/pages\/5347\/revisions\/5348"}],"up":[{"embeddable":true,"href":"https:\/\/4tutti.pl\/index.php?rest_route=\/wp\/v2\/pages\/2546"}],"wp:featuredmedia":[{"embeddable":true,"href":"https:\/\/4tutti.pl\/index.php?rest_route=\/wp\/v2\/media\/4529"}],"wp:attachment":[{"href":"https:\/\/4tutti.pl\/index.php?rest_route=%2Fwp%2Fv2%2Fmedia&parent=5347"}],"curies":[{"name":"wp","href":"https:\/\/api.w.org\/{rel}","templated":true}]}}