{"id":5349,"date":"2025-04-14T18:50:15","date_gmt":"2025-04-14T16:50:15","guid":{"rendered":"https:\/\/4tutti.pl\/?page_id=5349"},"modified":"2025-04-14T18:50:15","modified_gmt":"2025-04-14T16:50:15","slug":"akrobatyka-dla-maluszkow","status":"publish","type":"page","link":"https:\/\/4tutti.pl\/?page_id=5349","title":{"rendered":"AKROBATYKA DLA MALUSZK\u00d3W"},"content":{"rendered":"<div>&#8220;Ta\u0144cogimnastyka dla Maluszk\u00f3w&#8221;<\/p>\n<p>Zaj\u0119cia stworzone z my\u015bl\u0105 o najm\u0142odszych!<br \/>\n\u0141\u0105czymy radosny taniec z elementami gimnastyki i zabawy ruchowej.<br \/>\nDzieci <em><strong>w wieku 3\u20134 lat<\/strong><\/em> ucz\u0105 si\u0119 koordynacji, rytmu i wsp\u00f3\u0142pracy w grupie \u2013 wszystko w przyjaznej, bezpiecznej atmosferze pod okiem do\u015bwiadczonego instruktora.<\/p>\n<p>To idealny spos\u00f3b na spo\u017cytkowanie energii, rozw\u00f3j ruchowy i u\u015bmiech na twarzy!&nbsp; <img loading=\"lazy\" decoding=\"async\" class=\"size-medium wp-image-5350 alignright\" src=\"https:\/\/4tutti.pl\/wp-content\/uploads\/2025\/04\/1744634655623-200x300.png\" alt=\"\" width=\"200\" height=\"300\" srcset=\"https:\/\/4tutti.pl\/wp-content\/uploads\/2025\/04\/1744634655623-200x300.png 200w, https:\/\/4tutti.pl\/wp-content\/uploads\/2025\/04\/1744634655623-683x1024.png 683w, https:\/\/4tutti.pl\/wp-content\/uploads\/2025\/04\/1744634655623-768x1152.png 768w, https:\/\/4tutti.pl\/wp-content\/uploads\/2025\/04\/1744634655623.png 1024w\" sizes=\"auto, (max-width: 200px) 100vw, 200px\" \/><\/div>\n<div>&nbsp;<\/div>\n<div>Zaj\u0119cia:&nbsp; &nbsp;<strong>poniedzia\u0142ek, godz. 16:00\u201317:00<\/strong><br \/>\nGdzie:&nbsp; &nbsp; <strong>klub&nbsp; 4TUTTI<\/strong>, <em><strong>ul. Objazdowa 7a &#8211; Zielona G\u00f3ra<\/strong><\/em><\/p>\n<p>Pierwsze zaj\u0119cia pr\u00f3bne GRATIS!<\/p><\/div>\n<div dir=\"auto\">&nbsp;<\/div>\n","protected":false},"excerpt":{"rendered":"<p>&#8220;Ta\u0144cogimnastyka dla Maluszk\u00f3w&#8221; Zaj\u0119cia stworzone z my\u015bl\u0105 o najm\u0142odszych! \u0141\u0105czymy radosny taniec z elementami gimnastyki i zabawy ruchowej. Dzieci w wieku 3\u20134 lat ucz\u0105 si\u0119 koordynacji, rytmu i wsp\u00f3\u0142pracy w grupie \u2013 wszystko w przyjaznej, bezpiecznej atmosferze pod okiem do\u015bwiadczonego instruktora. To idealny spos\u00f3b na spo\u017cytkowanie energii, rozw\u00f3j ruchowy i u\u015bmiech na twarzy!&nbsp; &nbsp; Zaj\u0119cia:&nbsp; [&hellip;]<\/p>\n","protected":false},"author":2,"featured_media":5350,"parent":2546,"menu_order":0,"comment_status":"closed","ping_status":"closed","template":"","meta":{"ngg_post_thumbnail":0,"footnotes":""},"class_list":["post-5349","page","type-page","status-publish","has-post-thumbnail","hentry"],"yoast_head":"<!-- This site is optimized with the Yoast SEO plugin v19.8 - https:\/\/yoast.com\/wordpress\/plugins\/seo\/ -->\n<title>AKROBATYKA DLA MALUSZK\u00d3W - Stowarzyszenie 4tutti<\/title>\n<meta name=\"robots\" content=\"index, follow, max-snippet:-1, max-image-preview:large, max-video-preview:-1\" \/>\n<link rel=\"canonical\" href=\"https:\/\/4tutti.pl\/?page_id=5349\" \/>\n<meta property=\"og:locale\" content=\"pl_PL\" \/>\n<meta property=\"og:type\" content=\"article\" \/>\n<meta property=\"og:title\" content=\"AKROBATYKA DLA MALUSZK\u00d3W - Stowarzyszenie 4tutti\" \/>\n<meta property=\"og:description\" content=\"&#8220;Ta\u0144cogimnastyka dla Maluszk\u00f3w&#8221; Zaj\u0119cia stworzone z my\u015bl\u0105 o najm\u0142odszych! \u0141\u0105czymy radosny taniec z elementami gimnastyki i zabawy ruchowej. Dzieci w wieku 3\u20134 lat ucz\u0105 si\u0119 koordynacji, rytmu i wsp\u00f3\u0142pracy w grupie \u2013 wszystko w przyjaznej, bezpiecznej atmosferze pod okiem do\u015bwiadczonego instruktora. To idealny spos\u00f3b na spo\u017cytkowanie energii, rozw\u00f3j ruchowy i u\u015bmiech na twarzy!&nbsp; &nbsp; Zaj\u0119cia:&nbsp; [&hellip;]\" \/>\n<meta property=\"og:url\" content=\"https:\/\/4tutti.pl\/?page_id=5349\" \/>\n<meta property=\"og:site_name\" content=\"Stowarzyszenie 4tutti\" \/>\n<meta property=\"og:image\" content=\"https:\/\/4tutti.pl\/wp-content\/uploads\/2025\/04\/1744634655623-683x1024.png\" \/>\n\t<meta property=\"og:image:width\" content=\"683\" \/>\n\t<meta property=\"og:image:height\" content=\"1024\" \/>\n\t<meta property=\"og:image:type\" content=\"image\/png\" \/>\n<meta name=\"twitter:card\" content=\"summary_large_image\" \/>\n<meta name=\"twitter:label1\" content=\"Szacowany czas czytania\" \/>\n\t<meta name=\"twitter:data1\" content=\"1 minuta\" \/>\n<script type=\"application\/ld+json\" class=\"yoast-schema-graph\">{\"@context\":\"https:\/\/schema.org\",\"@graph\":[{\"@type\":\"WebPage\",\"@id\":\"https:\/\/4tutti.pl\/?page_id=5349\",\"url\":\"https:\/\/4tutti.pl\/?page_id=5349\",\"name\":\"AKROBATYKA DLA MALUSZK\u00d3W - Stowarzyszenie 4tutti\",\"isPartOf\":{\"@id\":\"https:\/\/4tutti.pl\/#website\"},\"datePublished\":\"2025-04-14T16:50:15+00:00\",\"dateModified\":\"2025-04-14T16:50:15+00:00\",\"breadcrumb\":{\"@id\":\"https:\/\/4tutti.pl\/?page_id=5349#breadcrumb\"},\"inLanguage\":\"pl-PL\",\"potentialAction\":[{\"@type\":\"ReadAction\",\"target\":[\"https:\/\/4tutti.pl\/?page_id=5349\"]}]},{\"@type\":\"BreadcrumbList\",\"@id\":\"https:\/\/4tutti.pl\/?page_id=5349#breadcrumb\",\"itemListElement\":[{\"@type\":\"ListItem\",\"position\":1,\"name\":\"Strona g\u0142\u00f3wna\",\"item\":\"https:\/\/4tutti.pl\/\"},{\"@type\":\"ListItem\",\"position\":2,\"name\":\"Aktualno\u015bci\",\"item\":\"https:\/\/4tutti.pl\/?page_id=525\"},{\"@type\":\"ListItem\",\"position\":3,\"name\":\"ZAJ\u0118CIA\",\"item\":\"https:\/\/4tutti.pl\/?page_id=2546\"},{\"@type\":\"ListItem\",\"position\":4,\"name\":\"AKROBATYKA DLA MALUSZK\u00d3W\"}]},{\"@type\":\"WebSite\",\"@id\":\"https:\/\/4tutti.pl\/#website\",\"url\":\"https:\/\/4tutti.pl\/\",\"name\":\"Stowarzyszenie 4tutti\",\"description\":\"P\u00f3\u0142kolonie, warsztaty dla dzieci\",\"potentialAction\":[{\"@type\":\"SearchAction\",\"target\":{\"@type\":\"EntryPoint\",\"urlTemplate\":\"https:\/\/4tutti.pl\/?s={search_term_string}\"},\"query-input\":\"required name=search_term_string\"}],\"inLanguage\":\"pl-PL\"}]}<\/script>\n<!-- \/ Yoast SEO plugin. -->","yoast_head_json":{"title":"AKROBATYKA DLA MALUSZK\u00d3W - Stowarzyszenie 4tutti","robots":{"index":"index","follow":"follow","max-snippet":"max-snippet:-1","max-image-preview":"max-image-preview:large","max-video-preview":"max-video-preview:-1"},"canonical":"https:\/\/4tutti.pl\/?page_id=5349","og_locale":"pl_PL","og_type":"article","og_title":"AKROBATYKA DLA MALUSZK\u00d3W - Stowarzyszenie 4tutti","og_description":"&#8220;Ta\u0144cogimnastyka dla Maluszk\u00f3w&#8221; Zaj\u0119cia stworzone z my\u015bl\u0105 o najm\u0142odszych! \u0141\u0105czymy radosny taniec z elementami gimnastyki i zabawy ruchowej. Dzieci w wieku 3\u20134 lat ucz\u0105 si\u0119 koordynacji, rytmu i wsp\u00f3\u0142pracy w grupie \u2013 wszystko w przyjaznej, bezpiecznej atmosferze pod okiem do\u015bwiadczonego instruktora. To idealny spos\u00f3b na spo\u017cytkowanie energii, rozw\u00f3j ruchowy i u\u015bmiech na twarzy!&nbsp; &nbsp; Zaj\u0119cia:&nbsp; [&hellip;]","og_url":"https:\/\/4tutti.pl\/?page_id=5349","og_site_name":"Stowarzyszenie 4tutti","og_image":[{"width":683,"height":1024,"url":"https:\/\/4tutti.pl\/wp-content\/uploads\/2025\/04\/1744634655623-683x1024.png","type":"image\/png"}],"twitter_card":"summary_large_image","twitter_misc":{"Szacowany czas czytania":"1 minuta"},"schema":{"@context":"https:\/\/schema.org","@graph":[{"@type":"WebPage","@id":"https:\/\/4tutti.pl\/?page_id=5349","url":"https:\/\/4tutti.pl\/?page_id=5349","name":"AKROBATYKA DLA MALUSZK\u00d3W - Stowarzyszenie 4tutti","isPartOf":{"@id":"https:\/\/4tutti.pl\/#website"},"datePublished":"2025-04-14T16:50:15+00:00","dateModified":"2025-04-14T16:50:15+00:00","breadcrumb":{"@id":"https:\/\/4tutti.pl\/?page_id=5349#breadcrumb"},"inLanguage":"pl-PL","potentialAction":[{"@type":"ReadAction","target":["https:\/\/4tutti.pl\/?page_id=5349"]}]},{"@type":"BreadcrumbList","@id":"https:\/\/4tutti.pl\/?page_id=5349#breadcrumb","itemListElement":[{"@type":"ListItem","position":1,"name":"Strona g\u0142\u00f3wna","item":"https:\/\/4tutti.pl\/"},{"@type":"ListItem","position":2,"name":"Aktualno\u015bci","item":"https:\/\/4tutti.pl\/?page_id=525"},{"@type":"ListItem","position":3,"name":"ZAJ\u0118CIA","item":"https:\/\/4tutti.pl\/?page_id=2546"},{"@type":"ListItem","position":4,"name":"AKROBATYKA DLA MALUSZK\u00d3W"}]},{"@type":"WebSite","@id":"https:\/\/4tutti.pl\/#website","url":"https:\/\/4tutti.pl\/","name":"Stowarzyszenie 4tutti","description":"P\u00f3\u0142kolonie, warsztaty dla dzieci","potentialAction":[{"@type":"SearchAction","target":{"@type":"EntryPoint","urlTemplate":"https:\/\/4tutti.pl\/?s={search_term_string}"},"query-input":"required name=search_term_string"}],"inLanguage":"pl-PL"}]}},"_links":{"self":[{"href":"https:\/\/4tutti.pl\/index.php?rest_route=\/wp\/v2\/pages\/5349","targetHints":{"allow":["GET"]}}],"collection":[{"href":"https:\/\/4tutti.pl\/index.php?rest_route=\/wp\/v2\/pages"}],"about":[{"href":"https:\/\/4tutti.pl\/index.php?rest_route=\/wp\/v2\/types\/page"}],"author":[{"embeddable":true,"href":"https:\/\/4tutti.pl\/index.php?rest_route=\/wp\/v2\/users\/2"}],"replies":[{"embeddable":true,"href":"https:\/\/4tutti.pl\/index.php?rest_route=%2Fwp%2Fv2%2Fcomments&post=5349"}],"version-history":[{"count":1,"href":"https:\/\/4tutti.pl\/index.php?rest_route=\/wp\/v2\/pages\/5349\/revisions"}],"predecessor-version":[{"id":5351,"href":"https:\/\/4tutti.pl\/index.php?rest_route=\/wp\/v2\/pages\/5349\/revisions\/5351"}],"up":[{"embeddable":true,"href":"https:\/\/4tutti.pl\/index.php?rest_route=\/wp\/v2\/pages\/2546"}],"wp:featuredmedia":[{"embeddable":true,"href":"https:\/\/4tutti.pl\/index.php?rest_route=\/wp\/v2\/media\/5350"}],"wp:attachment":[{"href":"https:\/\/4tutti.pl\/index.php?rest_route=%2Fwp%2Fv2%2Fmedia&parent=5349"}],"curies":[{"name":"wp","href":"https:\/\/api.w.org\/{rel}","templated":true}]}}