{"id":5550,"date":"2025-05-30T21:35:43","date_gmt":"2025-05-30T19:35:43","guid":{"rendered":"https:\/\/4tutti.pl\/?page_id=5550"},"modified":"2025-05-30T22:05:54","modified_gmt":"2025-05-30T20:05:54","slug":"2025-pokazy-w-przyborowie","status":"publish","type":"page","link":"https:\/\/4tutti.pl\/?page_id=5550","title":{"rendered":"POKAZY W PRZYBOROWIE"},"content":{"rendered":"<p>24 MAJA 2025 n<span style=\"font-size: 14px;\">asze m\u0142odsze grupy mia\u0142y wyst\u0119py w Przyborowie.<\/span><\/p>\n<p><span style=\"font-size: 14px;\">By\u0142a energia, \u015bwietna zabawa i du\u017co u\u015bmiech\u00f3w \u2013 wszystko w rytmie rock and rolla!&nbsp;<\/span><\/p>\n<div class=\"x11i5rnm xat24cr x1mh8g0r x1vvkbs xtlvy1s x126k92a\">\n<div dir=\"auto\">Jeste\u015bmy mega dumni z naszych m\u0142odych tancerzy \u2013 pokazali, \u017ce taniec to przede wszystkim rado\u015b\u0107 i dobra zabawa.<\/div>\n<div dir=\"auto\"><img loading=\"lazy\" decoding=\"async\" class=\"alignnone size-medium wp-image-5551\" src=\"https:\/\/4tutti.pl\/wp-content\/uploads\/2025\/05\/495214120_1017351997150516_4743537619459024314_n-300x169.jpg\" alt=\"\" width=\"300\" height=\"169\" srcset=\"https:\/\/4tutti.pl\/wp-content\/uploads\/2025\/05\/495214120_1017351997150516_4743537619459024314_n-300x169.jpg 300w, https:\/\/4tutti.pl\/wp-content\/uploads\/2025\/05\/495214120_1017351997150516_4743537619459024314_n-1024x576.jpg 1024w, https:\/\/4tutti.pl\/wp-content\/uploads\/2025\/05\/495214120_1017351997150516_4743537619459024314_n-768x432.jpg 768w, https:\/\/4tutti.pl\/wp-content\/uploads\/2025\/05\/495214120_1017351997150516_4743537619459024314_n.jpg 1280w\" sizes=\"auto, (max-width: 300px) 100vw, 300px\" \/><\/div>\n<\/div>\n","protected":false},"excerpt":{"rendered":"<p>24 MAJA 2025 nasze m\u0142odsze grupy mia\u0142y wyst\u0119py w Przyborowie. By\u0142a energia, \u015bwietna zabawa i du\u017co u\u015bmiech\u00f3w \u2013 wszystko w rytmie rock and rolla!&nbsp; Jeste\u015bmy mega dumni z naszych m\u0142odych tancerzy \u2013 pokazali, \u017ce taniec to przede wszystkim rado\u015b\u0107 i dobra zabawa.<\/p>\n","protected":false},"author":2,"featured_media":5552,"parent":2609,"menu_order":0,"comment_status":"closed","ping_status":"closed","template":"","meta":{"ngg_post_thumbnail":0,"footnotes":""},"class_list":["post-5550","page","type-page","status-publish","has-post-thumbnail","hentry"],"yoast_head":"<!-- This site is optimized with the Yoast SEO plugin v19.8 - https:\/\/yoast.com\/wordpress\/plugins\/seo\/ -->\n<title>POKAZY W PRZYBOROWIE - Stowarzyszenie 4tutti<\/title>\n<meta name=\"robots\" content=\"index, follow, max-snippet:-1, max-image-preview:large, max-video-preview:-1\" \/>\n<link rel=\"canonical\" href=\"https:\/\/4tutti.pl\/?page_id=5550\" \/>\n<meta property=\"og:locale\" content=\"pl_PL\" \/>\n<meta property=\"og:type\" content=\"article\" \/>\n<meta property=\"og:title\" content=\"POKAZY W PRZYBOROWIE - Stowarzyszenie 4tutti\" \/>\n<meta property=\"og:description\" content=\"24 MAJA 2025 nasze m\u0142odsze grupy mia\u0142y wyst\u0119py w Przyborowie. By\u0142a energia, \u015bwietna zabawa i du\u017co u\u015bmiech\u00f3w \u2013 wszystko w rytmie rock and rolla!&nbsp; Jeste\u015bmy mega dumni z naszych m\u0142odych tancerzy \u2013 pokazali, \u017ce taniec to przede wszystkim rado\u015b\u0107 i dobra zabawa.\" \/>\n<meta property=\"og:url\" content=\"https:\/\/4tutti.pl\/?page_id=5550\" \/>\n<meta property=\"og:site_name\" content=\"Stowarzyszenie 4tutti\" \/>\n<meta property=\"article:modified_time\" content=\"2025-05-30T20:05:54+00:00\" \/>\n<meta property=\"og:image\" content=\"https:\/\/4tutti.pl\/wp-content\/uploads\/2025\/05\/494471666_1017351333817249_1046756024794649517_n.jpg\" \/>\n\t<meta property=\"og:image:width\" content=\"1280\" \/>\n\t<meta property=\"og:image:height\" content=\"720\" \/>\n\t<meta property=\"og:image:type\" content=\"image\/jpeg\" \/>\n<meta name=\"twitter:card\" content=\"summary_large_image\" \/>\n<meta name=\"twitter:label1\" content=\"Szacowany czas czytania\" \/>\n\t<meta name=\"twitter:data1\" content=\"1 minuta\" \/>\n<script type=\"application\/ld+json\" class=\"yoast-schema-graph\">{\"@context\":\"https:\/\/schema.org\",\"@graph\":[{\"@type\":\"WebPage\",\"@id\":\"https:\/\/4tutti.pl\/?page_id=5550\",\"url\":\"https:\/\/4tutti.pl\/?page_id=5550\",\"name\":\"POKAZY W PRZYBOROWIE - Stowarzyszenie 4tutti\",\"isPartOf\":{\"@id\":\"https:\/\/4tutti.pl\/#website\"},\"datePublished\":\"2025-05-30T19:35:43+00:00\",\"dateModified\":\"2025-05-30T20:05:54+00:00\",\"breadcrumb\":{\"@id\":\"https:\/\/4tutti.pl\/?page_id=5550#breadcrumb\"},\"inLanguage\":\"pl-PL\",\"potentialAction\":[{\"@type\":\"ReadAction\",\"target\":[\"https:\/\/4tutti.pl\/?page_id=5550\"]}]},{\"@type\":\"BreadcrumbList\",\"@id\":\"https:\/\/4tutti.pl\/?page_id=5550#breadcrumb\",\"itemListElement\":[{\"@type\":\"ListItem\",\"position\":1,\"name\":\"Strona g\u0142\u00f3wna\",\"item\":\"https:\/\/4tutti.pl\/\"},{\"@type\":\"ListItem\",\"position\":2,\"name\":\"Aktualno\u015bci\",\"item\":\"https:\/\/4tutti.pl\/?page_id=525\"},{\"@type\":\"ListItem\",\"position\":3,\"name\":\"NOWO\u015aCI\",\"item\":\"https:\/\/4tutti.pl\/?page_id=2609\"},{\"@type\":\"ListItem\",\"position\":4,\"name\":\"POKAZY W PRZYBOROWIE\"}]},{\"@type\":\"WebSite\",\"@id\":\"https:\/\/4tutti.pl\/#website\",\"url\":\"https:\/\/4tutti.pl\/\",\"name\":\"Stowarzyszenie 4tutti\",\"description\":\"P\u00f3\u0142kolonie, warsztaty dla dzieci\",\"potentialAction\":[{\"@type\":\"SearchAction\",\"target\":{\"@type\":\"EntryPoint\",\"urlTemplate\":\"https:\/\/4tutti.pl\/?s={search_term_string}\"},\"query-input\":\"required name=search_term_string\"}],\"inLanguage\":\"pl-PL\"}]}<\/script>\n<!-- \/ Yoast SEO plugin. -->","yoast_head_json":{"title":"POKAZY W PRZYBOROWIE - Stowarzyszenie 4tutti","robots":{"index":"index","follow":"follow","max-snippet":"max-snippet:-1","max-image-preview":"max-image-preview:large","max-video-preview":"max-video-preview:-1"},"canonical":"https:\/\/4tutti.pl\/?page_id=5550","og_locale":"pl_PL","og_type":"article","og_title":"POKAZY W PRZYBOROWIE - Stowarzyszenie 4tutti","og_description":"24 MAJA 2025 nasze m\u0142odsze grupy mia\u0142y wyst\u0119py w Przyborowie. By\u0142a energia, \u015bwietna zabawa i du\u017co u\u015bmiech\u00f3w \u2013 wszystko w rytmie rock and rolla!&nbsp; Jeste\u015bmy mega dumni z naszych m\u0142odych tancerzy \u2013 pokazali, \u017ce taniec to przede wszystkim rado\u015b\u0107 i dobra zabawa.","og_url":"https:\/\/4tutti.pl\/?page_id=5550","og_site_name":"Stowarzyszenie 4tutti","article_modified_time":"2025-05-30T20:05:54+00:00","og_image":[{"width":1280,"height":720,"url":"https:\/\/4tutti.pl\/wp-content\/uploads\/2025\/05\/494471666_1017351333817249_1046756024794649517_n.jpg","type":"image\/jpeg"}],"twitter_card":"summary_large_image","twitter_misc":{"Szacowany czas czytania":"1 minuta"},"schema":{"@context":"https:\/\/schema.org","@graph":[{"@type":"WebPage","@id":"https:\/\/4tutti.pl\/?page_id=5550","url":"https:\/\/4tutti.pl\/?page_id=5550","name":"POKAZY W PRZYBOROWIE - Stowarzyszenie 4tutti","isPartOf":{"@id":"https:\/\/4tutti.pl\/#website"},"datePublished":"2025-05-30T19:35:43+00:00","dateModified":"2025-05-30T20:05:54+00:00","breadcrumb":{"@id":"https:\/\/4tutti.pl\/?page_id=5550#breadcrumb"},"inLanguage":"pl-PL","potentialAction":[{"@type":"ReadAction","target":["https:\/\/4tutti.pl\/?page_id=5550"]}]},{"@type":"BreadcrumbList","@id":"https:\/\/4tutti.pl\/?page_id=5550#breadcrumb","itemListElement":[{"@type":"ListItem","position":1,"name":"Strona g\u0142\u00f3wna","item":"https:\/\/4tutti.pl\/"},{"@type":"ListItem","position":2,"name":"Aktualno\u015bci","item":"https:\/\/4tutti.pl\/?page_id=525"},{"@type":"ListItem","position":3,"name":"NOWO\u015aCI","item":"https:\/\/4tutti.pl\/?page_id=2609"},{"@type":"ListItem","position":4,"name":"POKAZY W PRZYBOROWIE"}]},{"@type":"WebSite","@id":"https:\/\/4tutti.pl\/#website","url":"https:\/\/4tutti.pl\/","name":"Stowarzyszenie 4tutti","description":"P\u00f3\u0142kolonie, warsztaty dla dzieci","potentialAction":[{"@type":"SearchAction","target":{"@type":"EntryPoint","urlTemplate":"https:\/\/4tutti.pl\/?s={search_term_string}"},"query-input":"required name=search_term_string"}],"inLanguage":"pl-PL"}]}},"_links":{"self":[{"href":"https:\/\/4tutti.pl\/index.php?rest_route=\/wp\/v2\/pages\/5550","targetHints":{"allow":["GET"]}}],"collection":[{"href":"https:\/\/4tutti.pl\/index.php?rest_route=\/wp\/v2\/pages"}],"about":[{"href":"https:\/\/4tutti.pl\/index.php?rest_route=\/wp\/v2\/types\/page"}],"author":[{"embeddable":true,"href":"https:\/\/4tutti.pl\/index.php?rest_route=\/wp\/v2\/users\/2"}],"replies":[{"embeddable":true,"href":"https:\/\/4tutti.pl\/index.php?rest_route=%2Fwp%2Fv2%2Fcomments&post=5550"}],"version-history":[{"count":2,"href":"https:\/\/4tutti.pl\/index.php?rest_route=\/wp\/v2\/pages\/5550\/revisions"}],"predecessor-version":[{"id":5687,"href":"https:\/\/4tutti.pl\/index.php?rest_route=\/wp\/v2\/pages\/5550\/revisions\/5687"}],"up":[{"embeddable":true,"href":"https:\/\/4tutti.pl\/index.php?rest_route=\/wp\/v2\/pages\/2609"}],"wp:featuredmedia":[{"embeddable":true,"href":"https:\/\/4tutti.pl\/index.php?rest_route=\/wp\/v2\/media\/5552"}],"wp:attachment":[{"href":"https:\/\/4tutti.pl\/index.php?rest_route=%2Fwp%2Fv2%2Fmedia&parent=5550"}],"curies":[{"name":"wp","href":"https:\/\/api.w.org\/{rel}","templated":true}]}}