{"id":5618,"date":"2025-05-30T22:02:35","date_gmt":"2025-05-30T20:02:35","guid":{"rendered":"https:\/\/4tutti.pl\/?page_id=5618"},"modified":"2025-05-30T22:06:18","modified_gmt":"2025-05-30T20:06:18","slug":"2025-pokazy-ze-nr-3-i-ze-nr-5","status":"publish","type":"page","link":"https:\/\/4tutti.pl\/?page_id=5618","title":{"rendered":"POKAZY ZE nr 3 i ZE nr 5"},"content":{"rendered":"<div class=\"xdj266r x11i5rnm xat24cr x1mh8g0r x1vvkbs x126k92a\">\n<div dir=\"auto\">30 maja 2025 z okazji Dnia Dziecka odby\u0142y si\u0119 festyny w <strong>ZE nr 3<\/strong> na os. Pomorskim oraz w <strong>ZE nr 5<\/strong> w Ochli.<\/div>\n<div dir=\"auto\">Z tej okazji NAS nie mog\u0142o tam zabrakn\u0105\u0107 by\u0142y pokazy taneczne i akrobatyczne naszych formacji&nbsp; <span class=\"html-span xexx8yu x4uap5 x18d9i69 xkhd6sd x1hl2dhg x16tdsg8 x1vvkbs x3nfvp2 x1j61x8r x1fcty0u xdj266r xat24cr xgzva0m xhhsvwb xxymvpz xlup9mm x1kky2od\"><img loading=\"lazy\" decoding=\"async\" class=\"xz74otr x168nmei x13lgxp2 x5pf9jr xo71vjh\" src=\"https:\/\/static.xx.fbcdn.net\/images\/emoji.php\/v9\/t8c\/1\/16\/1f389.png\" alt=\"\ud83c\udf89\" width=\"16\" height=\"16\"><\/span><span class=\"html-span xexx8yu x4uap5 x18d9i69 xkhd6sd x1hl2dhg x16tdsg8 x1vvkbs x3nfvp2 x1j61x8r x1fcty0u xdj266r xat24cr xgzva0m xhhsvwb xxymvpz xlup9mm x1kky2od\"><img loading=\"lazy\" decoding=\"async\" class=\"xz74otr x168nmei x13lgxp2 x5pf9jr xo71vjh\" src=\"https:\/\/static.xx.fbcdn.net\/images\/emoji.php\/v9\/tc7\/1\/16\/1f483.png\" alt=\"\ud83d\udc83\" width=\"16\" height=\"16\"><\/span><span class=\"html-span xexx8yu x4uap5 x18d9i69 xkhd6sd x1hl2dhg x16tdsg8 x1vvkbs x3nfvp2 x1j61x8r x1fcty0u xdj266r xat24cr xgzva0m xhhsvwb xxymvpz xlup9mm x1kky2od\"><img loading=\"lazy\" decoding=\"async\" class=\"xz74otr x168nmei x13lgxp2 x5pf9jr xo71vjh\" src=\"https:\/\/static.xx.fbcdn.net\/images\/emoji.php\/v9\/t26\/1\/16\/1f938_200d_2642.png\" alt=\"\ud83e\udd38\u200d\u2642\ufe0f\" width=\"16\" height=\"16\"><\/span><\/div>\n<\/div>\n<div class=\"x11i5rnm xat24cr x1mh8g0r x1vvkbs xtlvy1s x126k92a\">\n<div dir=\"auto\">To by\u0142 dzie\u0144 pe\u0142en energii, rado\u015bci i prawdziwej magii! <span class=\"html-span xexx8yu x4uap5 x18d9i69 xkhd6sd x1hl2dhg x16tdsg8 x1vvkbs x3nfvp2 x1j61x8r x1fcty0u xdj266r xat24cr xgzva0m xhhsvwb xxymvpz xlup9mm x1kky2od\"><img loading=\"lazy\" decoding=\"async\" class=\"xz74otr x168nmei x13lgxp2 x5pf9jr xo71vjh\" src=\"https:\/\/static.xx.fbcdn.net\/images\/emoji.php\/v9\/tf4\/1\/16\/2728.png\" alt=\"\u2728\" width=\"16\" height=\"16\"><\/span><\/div>\n<div dir=\"auto\">Nasze zdolne dzieciaki wyst\u0105pi\u0142y na dw\u00f3ch festynach, prezentuj\u0105c swoje umiej\u0119tno\u015bci taneczne i akrobatyczne. Publiczno\u015b\u0107 by\u0142a zachwycona, a my p\u0119kamy z dumy! <span class=\"html-span xexx8yu x4uap5 x18d9i69 xkhd6sd x1hl2dhg x16tdsg8 x1vvkbs x3nfvp2 x1j61x8r x1fcty0u xdj266r xat24cr xgzva0m xhhsvwb xxymvpz xlup9mm x1kky2od\"><img loading=\"lazy\" decoding=\"async\" class=\"xz74otr x168nmei x13lgxp2 x5pf9jr xo71vjh\" src=\"https:\/\/static.xx.fbcdn.net\/images\/emoji.php\/v9\/t6c\/1\/16\/2764.png\" alt=\"\u2764\ufe0f\" width=\"16\" height=\"16\"><\/span><\/div>\n<\/div>\n<div class=\"x11i5rnm xat24cr x1mh8g0r x1vvkbs xtlvy1s x126k92a\">\n<div dir=\"auto\">Dzi\u0119kujemy Organizatorom za zaproszenie, a rodzicom za wsparcie i gromkie brawa! <span class=\"html-span xexx8yu x4uap5 x18d9i69 xkhd6sd x1hl2dhg x16tdsg8 x1vvkbs x3nfvp2 x1j61x8r x1fcty0u xdj266r xat24cr xgzva0m xhhsvwb xxymvpz xlup9mm x1kky2od\"><img loading=\"lazy\" decoding=\"async\" class=\"xz74otr x168nmei x13lgxp2 x5pf9jr xo71vjh\" src=\"https:\/\/static.xx.fbcdn.net\/images\/emoji.php\/v9\/tfe\/1\/16\/1f44f.png\" alt=\"\ud83d\udc4f\" width=\"16\" height=\"16\"><\/span><\/div>\n<div dir=\"auto\">To by\u0142y niezapomniane chwile \u2013 a to dopiero pocz\u0105tek!<\/div>\n<div dir=\"auto\"><img loading=\"lazy\" decoding=\"async\" class=\"alignnone size-medium wp-image-5620\" src=\"https:\/\/4tutti.pl\/wp-content\/uploads\/2025\/05\/494221806_1021645886721127_4762319507273621280_n-300x169.jpg\" alt=\"\" width=\"300\" height=\"169\" srcset=\"https:\/\/4tutti.pl\/wp-content\/uploads\/2025\/05\/494221806_1021645886721127_4762319507273621280_n-300x169.jpg 300w, https:\/\/4tutti.pl\/wp-content\/uploads\/2025\/05\/494221806_1021645886721127_4762319507273621280_n-1024x576.jpg 1024w, https:\/\/4tutti.pl\/wp-content\/uploads\/2025\/05\/494221806_1021645886721127_4762319507273621280_n-768x432.jpg 768w, https:\/\/4tutti.pl\/wp-content\/uploads\/2025\/05\/494221806_1021645886721127_4762319507273621280_n.jpg 1280w\" sizes=\"auto, (max-width: 300px) 100vw, 300px\" \/><\/div>\n<\/div>\n","protected":false},"excerpt":{"rendered":"<p>30 maja 2025 z okazji Dnia Dziecka odby\u0142y si\u0119 festyny w ZE nr 3 na os. Pomorskim oraz w ZE nr 5 w Ochli. Z tej okazji NAS nie mog\u0142o tam zabrakn\u0105\u0107 by\u0142y pokazy taneczne i akrobatyczne naszych formacji&nbsp; To by\u0142 dzie\u0144 pe\u0142en energii, rado\u015bci i prawdziwej magii! Nasze zdolne dzieciaki wyst\u0105pi\u0142y na dw\u00f3ch festynach, [&hellip;]<\/p>\n","protected":false},"author":2,"featured_media":5619,"parent":2609,"menu_order":0,"comment_status":"closed","ping_status":"closed","template":"","meta":{"ngg_post_thumbnail":0,"footnotes":""},"class_list":["post-5618","page","type-page","status-publish","has-post-thumbnail","hentry"],"yoast_head":"<!-- This site is optimized with the Yoast SEO plugin v19.8 - https:\/\/yoast.com\/wordpress\/plugins\/seo\/ -->\n<title>POKAZY ZE nr 3 i ZE nr 5 - Stowarzyszenie 4tutti<\/title>\n<meta name=\"robots\" content=\"index, follow, max-snippet:-1, max-image-preview:large, max-video-preview:-1\" \/>\n<link rel=\"canonical\" href=\"https:\/\/4tutti.pl\/?page_id=5618\" \/>\n<meta property=\"og:locale\" content=\"pl_PL\" \/>\n<meta property=\"og:type\" content=\"article\" \/>\n<meta property=\"og:title\" content=\"POKAZY ZE nr 3 i ZE nr 5 - Stowarzyszenie 4tutti\" \/>\n<meta property=\"og:description\" content=\"30 maja 2025 z okazji Dnia Dziecka odby\u0142y si\u0119 festyny w ZE nr 3 na os. Pomorskim oraz w ZE nr 5 w Ochli. Z tej okazji NAS nie mog\u0142o tam zabrakn\u0105\u0107 by\u0142y pokazy taneczne i akrobatyczne naszych formacji&nbsp; To by\u0142 dzie\u0144 pe\u0142en energii, rado\u015bci i prawdziwej magii! Nasze zdolne dzieciaki wyst\u0105pi\u0142y na dw\u00f3ch festynach, [&hellip;]\" \/>\n<meta property=\"og:url\" content=\"https:\/\/4tutti.pl\/?page_id=5618\" \/>\n<meta property=\"og:site_name\" content=\"Stowarzyszenie 4tutti\" \/>\n<meta property=\"article:modified_time\" content=\"2025-05-30T20:06:18+00:00\" \/>\n<meta property=\"og:image\" content=\"https:\/\/4tutti.pl\/wp-content\/uploads\/2025\/05\/502527344_1021648310054218_6923958232401094604_n.jpg\" \/>\n\t<meta property=\"og:image:width\" content=\"1280\" \/>\n\t<meta property=\"og:image:height\" content=\"960\" \/>\n\t<meta property=\"og:image:type\" content=\"image\/jpeg\" \/>\n<meta name=\"twitter:card\" content=\"summary_large_image\" \/>\n<meta name=\"twitter:label1\" content=\"Szacowany czas czytania\" \/>\n\t<meta name=\"twitter:data1\" content=\"2 minuty\" \/>\n<script type=\"application\/ld+json\" class=\"yoast-schema-graph\">{\"@context\":\"https:\/\/schema.org\",\"@graph\":[{\"@type\":\"WebPage\",\"@id\":\"https:\/\/4tutti.pl\/?page_id=5618\",\"url\":\"https:\/\/4tutti.pl\/?page_id=5618\",\"name\":\"POKAZY ZE nr 3 i ZE nr 5 - Stowarzyszenie 4tutti\",\"isPartOf\":{\"@id\":\"https:\/\/4tutti.pl\/#website\"},\"datePublished\":\"2025-05-30T20:02:35+00:00\",\"dateModified\":\"2025-05-30T20:06:18+00:00\",\"breadcrumb\":{\"@id\":\"https:\/\/4tutti.pl\/?page_id=5618#breadcrumb\"},\"inLanguage\":\"pl-PL\",\"potentialAction\":[{\"@type\":\"ReadAction\",\"target\":[\"https:\/\/4tutti.pl\/?page_id=5618\"]}]},{\"@type\":\"BreadcrumbList\",\"@id\":\"https:\/\/4tutti.pl\/?page_id=5618#breadcrumb\",\"itemListElement\":[{\"@type\":\"ListItem\",\"position\":1,\"name\":\"Strona g\u0142\u00f3wna\",\"item\":\"https:\/\/4tutti.pl\/\"},{\"@type\":\"ListItem\",\"position\":2,\"name\":\"Aktualno\u015bci\",\"item\":\"https:\/\/4tutti.pl\/?page_id=525\"},{\"@type\":\"ListItem\",\"position\":3,\"name\":\"NOWO\u015aCI\",\"item\":\"https:\/\/4tutti.pl\/?page_id=2609\"},{\"@type\":\"ListItem\",\"position\":4,\"name\":\"POKAZY ZE nr 3 i ZE nr 5\"}]},{\"@type\":\"WebSite\",\"@id\":\"https:\/\/4tutti.pl\/#website\",\"url\":\"https:\/\/4tutti.pl\/\",\"name\":\"Stowarzyszenie 4tutti\",\"description\":\"P\u00f3\u0142kolonie, warsztaty dla dzieci\",\"potentialAction\":[{\"@type\":\"SearchAction\",\"target\":{\"@type\":\"EntryPoint\",\"urlTemplate\":\"https:\/\/4tutti.pl\/?s={search_term_string}\"},\"query-input\":\"required name=search_term_string\"}],\"inLanguage\":\"pl-PL\"}]}<\/script>\n<!-- \/ Yoast SEO plugin. -->","yoast_head_json":{"title":"POKAZY ZE nr 3 i ZE nr 5 - Stowarzyszenie 4tutti","robots":{"index":"index","follow":"follow","max-snippet":"max-snippet:-1","max-image-preview":"max-image-preview:large","max-video-preview":"max-video-preview:-1"},"canonical":"https:\/\/4tutti.pl\/?page_id=5618","og_locale":"pl_PL","og_type":"article","og_title":"POKAZY ZE nr 3 i ZE nr 5 - Stowarzyszenie 4tutti","og_description":"30 maja 2025 z okazji Dnia Dziecka odby\u0142y si\u0119 festyny w ZE nr 3 na os. Pomorskim oraz w ZE nr 5 w Ochli. Z tej okazji NAS nie mog\u0142o tam zabrakn\u0105\u0107 by\u0142y pokazy taneczne i akrobatyczne naszych formacji&nbsp; To by\u0142 dzie\u0144 pe\u0142en energii, rado\u015bci i prawdziwej magii! Nasze zdolne dzieciaki wyst\u0105pi\u0142y na dw\u00f3ch festynach, [&hellip;]","og_url":"https:\/\/4tutti.pl\/?page_id=5618","og_site_name":"Stowarzyszenie 4tutti","article_modified_time":"2025-05-30T20:06:18+00:00","og_image":[{"width":1280,"height":960,"url":"https:\/\/4tutti.pl\/wp-content\/uploads\/2025\/05\/502527344_1021648310054218_6923958232401094604_n.jpg","type":"image\/jpeg"}],"twitter_card":"summary_large_image","twitter_misc":{"Szacowany czas czytania":"2 minuty"},"schema":{"@context":"https:\/\/schema.org","@graph":[{"@type":"WebPage","@id":"https:\/\/4tutti.pl\/?page_id=5618","url":"https:\/\/4tutti.pl\/?page_id=5618","name":"POKAZY ZE nr 3 i ZE nr 5 - Stowarzyszenie 4tutti","isPartOf":{"@id":"https:\/\/4tutti.pl\/#website"},"datePublished":"2025-05-30T20:02:35+00:00","dateModified":"2025-05-30T20:06:18+00:00","breadcrumb":{"@id":"https:\/\/4tutti.pl\/?page_id=5618#breadcrumb"},"inLanguage":"pl-PL","potentialAction":[{"@type":"ReadAction","target":["https:\/\/4tutti.pl\/?page_id=5618"]}]},{"@type":"BreadcrumbList","@id":"https:\/\/4tutti.pl\/?page_id=5618#breadcrumb","itemListElement":[{"@type":"ListItem","position":1,"name":"Strona g\u0142\u00f3wna","item":"https:\/\/4tutti.pl\/"},{"@type":"ListItem","position":2,"name":"Aktualno\u015bci","item":"https:\/\/4tutti.pl\/?page_id=525"},{"@type":"ListItem","position":3,"name":"NOWO\u015aCI","item":"https:\/\/4tutti.pl\/?page_id=2609"},{"@type":"ListItem","position":4,"name":"POKAZY ZE nr 3 i ZE nr 5"}]},{"@type":"WebSite","@id":"https:\/\/4tutti.pl\/#website","url":"https:\/\/4tutti.pl\/","name":"Stowarzyszenie 4tutti","description":"P\u00f3\u0142kolonie, warsztaty dla dzieci","potentialAction":[{"@type":"SearchAction","target":{"@type":"EntryPoint","urlTemplate":"https:\/\/4tutti.pl\/?s={search_term_string}"},"query-input":"required name=search_term_string"}],"inLanguage":"pl-PL"}]}},"_links":{"self":[{"href":"https:\/\/4tutti.pl\/index.php?rest_route=\/wp\/v2\/pages\/5618","targetHints":{"allow":["GET"]}}],"collection":[{"href":"https:\/\/4tutti.pl\/index.php?rest_route=\/wp\/v2\/pages"}],"about":[{"href":"https:\/\/4tutti.pl\/index.php?rest_route=\/wp\/v2\/types\/page"}],"author":[{"embeddable":true,"href":"https:\/\/4tutti.pl\/index.php?rest_route=\/wp\/v2\/users\/2"}],"replies":[{"embeddable":true,"href":"https:\/\/4tutti.pl\/index.php?rest_route=%2Fwp%2Fv2%2Fcomments&post=5618"}],"version-history":[{"count":2,"href":"https:\/\/4tutti.pl\/index.php?rest_route=\/wp\/v2\/pages\/5618\/revisions"}],"predecessor-version":[{"id":5688,"href":"https:\/\/4tutti.pl\/index.php?rest_route=\/wp\/v2\/pages\/5618\/revisions\/5688"}],"up":[{"embeddable":true,"href":"https:\/\/4tutti.pl\/index.php?rest_route=\/wp\/v2\/pages\/2609"}],"wp:featuredmedia":[{"embeddable":true,"href":"https:\/\/4tutti.pl\/index.php?rest_route=\/wp\/v2\/media\/5619"}],"wp:attachment":[{"href":"https:\/\/4tutti.pl\/index.php?rest_route=%2Fwp%2Fv2%2Fmedia&parent=5618"}],"curies":[{"name":"wp","href":"https:\/\/api.w.org\/{rel}","templated":true}]}}