{"id":5693,"date":"2025-06-02T19:49:32","date_gmt":"2025-06-02T17:49:32","guid":{"rendered":"https:\/\/4tutti.pl\/?page_id=5693"},"modified":"2025-06-02T19:49:32","modified_gmt":"2025-06-02T17:49:32","slug":"mistrzostwa-polski","status":"publish","type":"page","link":"https:\/\/4tutti.pl\/?page_id=5693","title":{"rendered":"MISTRZOSTWA POLSKI"},"content":{"rendered":"<div class=\"xdj266r x11i5rnm xat24cr x1mh8g0r x1vvkbs x126k92a\">\n<div dir=\"auto\"><strong>MISTRZOSTWA POLSKI W ROCK and ROLLU AKROBATYCZNYM 2025<\/strong>&nbsp;<\/div>\n<div dir=\"auto\">&nbsp;<\/div>\n<\/div>\n<div class=\"x11i5rnm xat24cr x1mh8g0r x1vvkbs xtlvy1s x126k92a\">\n<div dir=\"auto\"><span class=\"html-span xexx8yu x4uap5 x18d9i69 xkhd6sd x1hl2dhg x16tdsg8 x1vvkbs x3nfvp2 x1j61x8r x1fcty0u xdj266r xat24cr xgzva0m xhhsvwb xxymvpz xlup9mm x1kky2od\"><img loading=\"lazy\" decoding=\"async\" class=\"xz74otr x168nmei x13lgxp2 x5pf9jr xo71vjh\" src=\"https:\/\/static.xx.fbcdn.net\/images\/emoji.php\/v9\/t15\/1\/16\/1f948.png\" alt=\"\ud83e\udd48\" width=\"16\" height=\"16\"><\/span> <em><strong>Formacja TEEN BEACH MOVIES <\/strong><\/em>\u2013 <strong>WICEMISTRZYNIE POLSKI<\/strong> w kategorii formacji juniorek !!!! <span class=\"html-span xexx8yu x4uap5 x18d9i69 xkhd6sd x1hl2dhg x16tdsg8 x1vvkbs x3nfvp2 x1j61x8r x1fcty0u xdj266r xat24cr xgzva0m xhhsvwb xxymvpz xlup9mm x1kky2od\"><img loading=\"lazy\" decoding=\"async\" class=\"xz74otr x168nmei x13lgxp2 x5pf9jr xo71vjh\" src=\"https:\/\/static.xx.fbcdn.net\/images\/emoji.php\/v9\/tbe\/1\/16\/1f3c6.png\" alt=\"\ud83c\udfc6\" width=\"16\" height=\"16\"><\/span><\/div>\n<\/div>\n<div class=\"x11i5rnm xat24cr x1mh8g0r x1vvkbs xtlvy1s x126k92a\">\n<div dir=\"auto\">Z ogniem w oczach, zgraniem godnym najlepszych zespo\u0142\u00f3w i sercem bij\u0105cym w jednym rytmie \u2013 dziewczyny stan\u0119\u0142y na wysoko\u015bci zadania! Ich wyst\u0119p porwa\u0142 publiczno\u015b\u0107 i juror\u00f3w, a srebrny medal to symbol ogromnej determinacji, pasji i godzin sp\u0119dzonych na sali treningowej. To wicemistrzostwo smakuje jak z\u0142oto \u2013 jeste\u015bmy z Was dumni!<\/div>\n<\/div>\n<div class=\"x11i5rnm xat24cr x1mh8g0r x1vvkbs xtlvy1s x126k92a\">\n<div dir=\"auto\">&nbsp;<\/div>\n<div dir=\"auto\"><span class=\"html-span xexx8yu x4uap5 x18d9i69 xkhd6sd x1hl2dhg x16tdsg8 x1vvkbs x3nfvp2 x1j61x8r x1fcty0u xdj266r xat24cr xgzva0m xhhsvwb xxymvpz xlup9mm x1kky2od\"><img loading=\"lazy\" decoding=\"async\" class=\"xz74otr x168nmei x13lgxp2 x5pf9jr xo71vjh\" src=\"https:\/\/static.xx.fbcdn.net\/images\/emoji.php\/v9\/t3d\/1\/16\/1f3c5.png\" alt=\"\ud83c\udfc5\" width=\"16\" height=\"16\"><\/span> <em><strong>Formacja Beautys<\/strong><\/em> \u2013 <strong>8 miejsce w Polsce w kategorii formacji m\u0142odziczek <\/strong>!<\/div>\n<div dir=\"auto\">To by\u0142 pierwszy wielki sprawdzian na tak presti\u017cowej scenie i dziewczyny udowodni\u0142y, \u017ce maj\u0105 ogromny potencja\u0142! Ich wyst\u0119p by\u0142 pe\u0142en rado\u015bci, energii i dzieci\u0119cej pewno\u015bci siebie. 8. miejsce to solidna pozycja, kt\u00f3ra daje motywacj\u0119 do dalszego rozwoju i walki o podium w kolejnych sezonach.&nbsp;<\/div>\n<\/div>\n<div class=\"x11i5rnm xat24cr x1mh8g0r x1vvkbs xtlvy1s x126k92a\">\n<div dir=\"auto\">&nbsp;<\/div>\n<div dir=\"auto\"><span class=\"html-span xexx8yu x4uap5 x18d9i69 xkhd6sd x1hl2dhg x16tdsg8 x1vvkbs x3nfvp2 x1j61x8r x1fcty0u xdj266r xat24cr xgzva0m xhhsvwb xxymvpz xlup9mm x1kky2od\"><img loading=\"lazy\" decoding=\"async\" class=\"xz74otr x168nmei x13lgxp2 x5pf9jr xo71vjh\" src=\"https:\/\/static.xx.fbcdn.net\/images\/emoji.php\/v9\/te0\/1\/16\/1f31f.png\" alt=\"\ud83c\udf1f\" width=\"16\" height=\"16\"><\/span> <em><strong>Formacja Dzwoneczek<\/strong><\/em> \u2013 1<strong>3 miejsce w kategorii mini formacji juniorek <\/strong>!<\/div>\n<div dir=\"auto\">Cho\u0107 rywalizacja by\u0142a ogromna, formacja pokaza\u0142y klas\u0119 i da\u0142y cudowny pokaz swoich umiej\u0119tno\u015bci <span class=\"html-span xexx8yu x4uap5 x18d9i69 xkhd6sd x1hl2dhg x16tdsg8 x1vvkbs x3nfvp2 x1j61x8r x1fcty0u xdj266r xat24cr xgzva0m xhhsvwb xxymvpz xlup9mm x1kky2od\"><img loading=\"lazy\" decoding=\"async\" class=\"xz74otr x168nmei x13lgxp2 x5pf9jr xo71vjh\" src=\"https:\/\/static.xx.fbcdn.net\/images\/emoji.php\/v9\/tce\/1\/16\/1f600.png\" alt=\"\ud83d\ude00\" width=\"16\" height=\"16\"><\/span><\/div>\n<\/div>\n","protected":false},"excerpt":{"rendered":"<p>MISTRZOSTWA POLSKI W ROCK and ROLLU AKROBATYCZNYM 2025&nbsp; &nbsp; Formacja TEEN BEACH MOVIES \u2013 WICEMISTRZYNIE POLSKI w kategorii formacji juniorek !!!! Z ogniem w oczach, zgraniem godnym najlepszych zespo\u0142\u00f3w i sercem bij\u0105cym w jednym rytmie \u2013 dziewczyny stan\u0119\u0142y na wysoko\u015bci zadania! Ich wyst\u0119p porwa\u0142 publiczno\u015b\u0107 i juror\u00f3w, a srebrny medal to symbol ogromnej determinacji, pasji [&hellip;]<\/p>\n","protected":false},"author":2,"featured_media":5691,"parent":2609,"menu_order":0,"comment_status":"closed","ping_status":"closed","template":"","meta":{"ngg_post_thumbnail":0,"footnotes":""},"class_list":["post-5693","page","type-page","status-publish","has-post-thumbnail","hentry"],"yoast_head":"<!-- This site is optimized with the Yoast SEO plugin v19.8 - https:\/\/yoast.com\/wordpress\/plugins\/seo\/ -->\n<title>MISTRZOSTWA POLSKI - Stowarzyszenie 4tutti<\/title>\n<meta name=\"robots\" content=\"index, follow, max-snippet:-1, max-image-preview:large, max-video-preview:-1\" \/>\n<link rel=\"canonical\" href=\"https:\/\/4tutti.pl\/?page_id=5693\" \/>\n<meta property=\"og:locale\" content=\"pl_PL\" \/>\n<meta property=\"og:type\" content=\"article\" \/>\n<meta property=\"og:title\" content=\"MISTRZOSTWA POLSKI - Stowarzyszenie 4tutti\" \/>\n<meta property=\"og:description\" content=\"MISTRZOSTWA POLSKI W ROCK and ROLLU AKROBATYCZNYM 2025&nbsp; &nbsp; Formacja TEEN BEACH MOVIES \u2013 WICEMISTRZYNIE POLSKI w kategorii formacji juniorek !!!! Z ogniem w oczach, zgraniem godnym najlepszych zespo\u0142\u00f3w i sercem bij\u0105cym w jednym rytmie \u2013 dziewczyny stan\u0119\u0142y na wysoko\u015bci zadania! Ich wyst\u0119p porwa\u0142 publiczno\u015b\u0107 i juror\u00f3w, a srebrny medal to symbol ogromnej determinacji, pasji [&hellip;]\" \/>\n<meta property=\"og:url\" content=\"https:\/\/4tutti.pl\/?page_id=5693\" \/>\n<meta property=\"og:site_name\" content=\"Stowarzyszenie 4tutti\" \/>\n<meta property=\"og:image\" content=\"https:\/\/4tutti.pl\/wp-content\/uploads\/2025\/06\/496468097_1022795913272791_1402698583101639478_n.jpg\" \/>\n\t<meta property=\"og:image:width\" content=\"1536\" \/>\n\t<meta property=\"og:image:height\" content=\"2048\" \/>\n\t<meta property=\"og:image:type\" content=\"image\/jpeg\" \/>\n<meta name=\"twitter:card\" content=\"summary_large_image\" \/>\n<meta name=\"twitter:label1\" content=\"Szacowany czas czytania\" \/>\n\t<meta name=\"twitter:data1\" content=\"2 minuty\" \/>\n<script type=\"application\/ld+json\" class=\"yoast-schema-graph\">{\"@context\":\"https:\/\/schema.org\",\"@graph\":[{\"@type\":\"WebPage\",\"@id\":\"https:\/\/4tutti.pl\/?page_id=5693\",\"url\":\"https:\/\/4tutti.pl\/?page_id=5693\",\"name\":\"MISTRZOSTWA POLSKI - Stowarzyszenie 4tutti\",\"isPartOf\":{\"@id\":\"https:\/\/4tutti.pl\/#website\"},\"datePublished\":\"2025-06-02T17:49:32+00:00\",\"dateModified\":\"2025-06-02T17:49:32+00:00\",\"breadcrumb\":{\"@id\":\"https:\/\/4tutti.pl\/?page_id=5693#breadcrumb\"},\"inLanguage\":\"pl-PL\",\"potentialAction\":[{\"@type\":\"ReadAction\",\"target\":[\"https:\/\/4tutti.pl\/?page_id=5693\"]}]},{\"@type\":\"BreadcrumbList\",\"@id\":\"https:\/\/4tutti.pl\/?page_id=5693#breadcrumb\",\"itemListElement\":[{\"@type\":\"ListItem\",\"position\":1,\"name\":\"Strona g\u0142\u00f3wna\",\"item\":\"https:\/\/4tutti.pl\/\"},{\"@type\":\"ListItem\",\"position\":2,\"name\":\"Aktualno\u015bci\",\"item\":\"https:\/\/4tutti.pl\/?page_id=525\"},{\"@type\":\"ListItem\",\"position\":3,\"name\":\"NOWO\u015aCI\",\"item\":\"https:\/\/4tutti.pl\/?page_id=2609\"},{\"@type\":\"ListItem\",\"position\":4,\"name\":\"MISTRZOSTWA POLSKI\"}]},{\"@type\":\"WebSite\",\"@id\":\"https:\/\/4tutti.pl\/#website\",\"url\":\"https:\/\/4tutti.pl\/\",\"name\":\"Stowarzyszenie 4tutti\",\"description\":\"P\u00f3\u0142kolonie, warsztaty dla dzieci\",\"potentialAction\":[{\"@type\":\"SearchAction\",\"target\":{\"@type\":\"EntryPoint\",\"urlTemplate\":\"https:\/\/4tutti.pl\/?s={search_term_string}\"},\"query-input\":\"required name=search_term_string\"}],\"inLanguage\":\"pl-PL\"}]}<\/script>\n<!-- \/ Yoast SEO plugin. -->","yoast_head_json":{"title":"MISTRZOSTWA POLSKI - Stowarzyszenie 4tutti","robots":{"index":"index","follow":"follow","max-snippet":"max-snippet:-1","max-image-preview":"max-image-preview:large","max-video-preview":"max-video-preview:-1"},"canonical":"https:\/\/4tutti.pl\/?page_id=5693","og_locale":"pl_PL","og_type":"article","og_title":"MISTRZOSTWA POLSKI - Stowarzyszenie 4tutti","og_description":"MISTRZOSTWA POLSKI W ROCK and ROLLU AKROBATYCZNYM 2025&nbsp; &nbsp; Formacja TEEN BEACH MOVIES \u2013 WICEMISTRZYNIE POLSKI w kategorii formacji juniorek !!!! Z ogniem w oczach, zgraniem godnym najlepszych zespo\u0142\u00f3w i sercem bij\u0105cym w jednym rytmie \u2013 dziewczyny stan\u0119\u0142y na wysoko\u015bci zadania! Ich wyst\u0119p porwa\u0142 publiczno\u015b\u0107 i juror\u00f3w, a srebrny medal to symbol ogromnej determinacji, pasji [&hellip;]","og_url":"https:\/\/4tutti.pl\/?page_id=5693","og_site_name":"Stowarzyszenie 4tutti","og_image":[{"width":1536,"height":2048,"url":"https:\/\/4tutti.pl\/wp-content\/uploads\/2025\/06\/496468097_1022795913272791_1402698583101639478_n.jpg","type":"image\/jpeg"}],"twitter_card":"summary_large_image","twitter_misc":{"Szacowany czas czytania":"2 minuty"},"schema":{"@context":"https:\/\/schema.org","@graph":[{"@type":"WebPage","@id":"https:\/\/4tutti.pl\/?page_id=5693","url":"https:\/\/4tutti.pl\/?page_id=5693","name":"MISTRZOSTWA POLSKI - Stowarzyszenie 4tutti","isPartOf":{"@id":"https:\/\/4tutti.pl\/#website"},"datePublished":"2025-06-02T17:49:32+00:00","dateModified":"2025-06-02T17:49:32+00:00","breadcrumb":{"@id":"https:\/\/4tutti.pl\/?page_id=5693#breadcrumb"},"inLanguage":"pl-PL","potentialAction":[{"@type":"ReadAction","target":["https:\/\/4tutti.pl\/?page_id=5693"]}]},{"@type":"BreadcrumbList","@id":"https:\/\/4tutti.pl\/?page_id=5693#breadcrumb","itemListElement":[{"@type":"ListItem","position":1,"name":"Strona g\u0142\u00f3wna","item":"https:\/\/4tutti.pl\/"},{"@type":"ListItem","position":2,"name":"Aktualno\u015bci","item":"https:\/\/4tutti.pl\/?page_id=525"},{"@type":"ListItem","position":3,"name":"NOWO\u015aCI","item":"https:\/\/4tutti.pl\/?page_id=2609"},{"@type":"ListItem","position":4,"name":"MISTRZOSTWA POLSKI"}]},{"@type":"WebSite","@id":"https:\/\/4tutti.pl\/#website","url":"https:\/\/4tutti.pl\/","name":"Stowarzyszenie 4tutti","description":"P\u00f3\u0142kolonie, warsztaty dla dzieci","potentialAction":[{"@type":"SearchAction","target":{"@type":"EntryPoint","urlTemplate":"https:\/\/4tutti.pl\/?s={search_term_string}"},"query-input":"required name=search_term_string"}],"inLanguage":"pl-PL"}]}},"_links":{"self":[{"href":"https:\/\/4tutti.pl\/index.php?rest_route=\/wp\/v2\/pages\/5693","targetHints":{"allow":["GET"]}}],"collection":[{"href":"https:\/\/4tutti.pl\/index.php?rest_route=\/wp\/v2\/pages"}],"about":[{"href":"https:\/\/4tutti.pl\/index.php?rest_route=\/wp\/v2\/types\/page"}],"author":[{"embeddable":true,"href":"https:\/\/4tutti.pl\/index.php?rest_route=\/wp\/v2\/users\/2"}],"replies":[{"embeddable":true,"href":"https:\/\/4tutti.pl\/index.php?rest_route=%2Fwp%2Fv2%2Fcomments&post=5693"}],"version-history":[{"count":1,"href":"https:\/\/4tutti.pl\/index.php?rest_route=\/wp\/v2\/pages\/5693\/revisions"}],"predecessor-version":[{"id":5694,"href":"https:\/\/4tutti.pl\/index.php?rest_route=\/wp\/v2\/pages\/5693\/revisions\/5694"}],"up":[{"embeddable":true,"href":"https:\/\/4tutti.pl\/index.php?rest_route=\/wp\/v2\/pages\/2609"}],"wp:featuredmedia":[{"embeddable":true,"href":"https:\/\/4tutti.pl\/index.php?rest_route=\/wp\/v2\/media\/5691"}],"wp:attachment":[{"href":"https:\/\/4tutti.pl\/index.php?rest_route=%2Fwp%2Fv2%2Fmedia&parent=5693"}],"curies":[{"name":"wp","href":"https:\/\/api.w.org\/{rel}","templated":true}]}}