{"id":5760,"date":"2025-06-13T18:35:07","date_gmt":"2025-06-13T16:35:07","guid":{"rendered":"https:\/\/4tutti.pl\/?page_id=5760"},"modified":"2025-06-13T18:35:07","modified_gmt":"2025-06-13T16:35:07","slug":"tanczymy-na-6","status":"publish","type":"page","link":"https:\/\/4tutti.pl\/?page_id=5760","title":{"rendered":"TA\u0143CZYMY NA 6!"},"content":{"rendered":"<div class=\"xdj266r x14z9mp xat24cr x1lziwak x1vvkbs x126k92a\">\n<div dir=\"auto\">Mimo kapry\u015bnej pogody 10 czerwca 25r. dali\u015bmy rad\u0119! <span class=\"html-span xexx8yu xyri2b x18d9i69 x1c1uobl x1hl2dhg x16tdsg8 x1vvkbs x3nfvp2 x1j61x8r x1fcty0u xdj266r xat24cr xm2jcoa x1mpyi22 xxymvpz xlup9mm x1kky2od\"><img loading=\"lazy\" decoding=\"async\" class=\"xz74otr x15mokao x1ga7v0g x16uus16 xbiv7yw\" src=\"https:\/\/static.xx.fbcdn.net\/images\/emoji.php\/v9\/t6c\/1\/16\/1f4aa.png\" alt=\"\ud83d\udcaa\" width=\"16\" height=\"16\"><\/span><\/div>\n<\/div>\n<div class=\"x14z9mp xat24cr x1lziwak x1vvkbs xtlvy1s x126k92a\">\n<div dir=\"auto\">Nasze grupy taneczne zaprezentowa\u0142y swoje pokazy na deptaku w Zielonej G\u00f3rze i porwa\u0142y publiczno\u015b\u0107 do wsp\u00f3lnej zabawy.<\/div>\n<\/div>\n<div class=\"x14z9mp xat24cr x1lziwak x1vvkbs xtlvy1s x126k92a\">\n<div dir=\"auto\">Dzi\u0119kujemy wszystkim tancerzom za energi\u0119, u\u015bmiechy i pi\u0119kne wyst\u0119py, a widzom za przybycie i gor\u0105cy doping! <span class=\"html-span xexx8yu xyri2b x18d9i69 x1c1uobl x1hl2dhg x16tdsg8 x1vvkbs x3nfvp2 x1j61x8r x1fcty0u xdj266r xat24cr xm2jcoa x1mpyi22 xxymvpz xlup9mm x1kky2od\"><img loading=\"lazy\" decoding=\"async\" class=\"xz74otr x15mokao x1ga7v0g x16uus16 xbiv7yw\" src=\"https:\/\/static.xx.fbcdn.net\/images\/emoji.php\/v9\/t50\/1\/16\/1f525.png\" alt=\"\ud83d\udd25\" width=\"16\" height=\"16\"><\/span><\/div>\n<div dir=\"auto\">To by\u0142o popo\u0142udnie pe\u0142en ruchu, muzyki i pozytywnych emocji \u2013 czyli wszystko, co kochamy najbardziej! <span class=\"html-span xexx8yu xyri2b x18d9i69 x1c1uobl x1hl2dhg x16tdsg8 x1vvkbs x3nfvp2 x1j61x8r x1fcty0u xdj266r xat24cr xm2jcoa x1mpyi22 xxymvpz xlup9mm x1kky2od\"><img loading=\"lazy\" decoding=\"async\" class=\"xz74otr x15mokao x1ga7v0g x16uus16 xbiv7yw\" src=\"https:\/\/static.xx.fbcdn.net\/images\/emoji.php\/v9\/t97\/1\/16\/1f57a.png\" alt=\"\ud83d\udd7a\" width=\"16\" height=\"16\"><\/span><span class=\"html-span xexx8yu xyri2b x18d9i69 x1c1uobl x1hl2dhg x16tdsg8 x1vvkbs x3nfvp2 x1j61x8r x1fcty0u xdj266r xat24cr xm2jcoa x1mpyi22 xxymvpz xlup9mm x1kky2od\"><img loading=\"lazy\" decoding=\"async\" class=\"xz74otr x15mokao x1ga7v0g x16uus16 xbiv7yw\" src=\"https:\/\/static.xx.fbcdn.net\/images\/emoji.php\/v9\/t6c\/1\/16\/2764.png\" alt=\"\u2764\ufe0f\" width=\"16\" height=\"16\"><\/span><\/div>\n<div dir=\"auto\"><img loading=\"lazy\" decoding=\"async\" class=\"alignnone size-medium wp-image-5761\" src=\"https:\/\/4tutti.pl\/wp-content\/uploads\/2025\/06\/505753641_1029593819259667_9202635923772225682_n-300x225.jpg\" alt=\"\" width=\"300\" height=\"225\" srcset=\"https:\/\/4tutti.pl\/wp-content\/uploads\/2025\/06\/505753641_1029593819259667_9202635923772225682_n-300x225.jpg 300w, https:\/\/4tutti.pl\/wp-content\/uploads\/2025\/06\/505753641_1029593819259667_9202635923772225682_n-1024x768.jpg 1024w, https:\/\/4tutti.pl\/wp-content\/uploads\/2025\/06\/505753641_1029593819259667_9202635923772225682_n-768x576.jpg 768w, https:\/\/4tutti.pl\/wp-content\/uploads\/2025\/06\/505753641_1029593819259667_9202635923772225682_n-1536x1152.jpg 1536w, https:\/\/4tutti.pl\/wp-content\/uploads\/2025\/06\/505753641_1029593819259667_9202635923772225682_n.jpg 1600w\" sizes=\"auto, (max-width: 300px) 100vw, 300px\" \/><\/div>\n<\/div>\n","protected":false},"excerpt":{"rendered":"<p>Mimo kapry\u015bnej pogody 10 czerwca 25r. dali\u015bmy rad\u0119! Nasze grupy taneczne zaprezentowa\u0142y swoje pokazy na deptaku w Zielonej G\u00f3rze i porwa\u0142y publiczno\u015b\u0107 do wsp\u00f3lnej zabawy. Dzi\u0119kujemy wszystkim tancerzom za energi\u0119, u\u015bmiechy i pi\u0119kne wyst\u0119py, a widzom za przybycie i gor\u0105cy doping! To by\u0142o popo\u0142udnie pe\u0142en ruchu, muzyki i pozytywnych emocji \u2013 czyli wszystko, co kochamy [&hellip;]<\/p>\n","protected":false},"author":2,"featured_media":5761,"parent":2609,"menu_order":0,"comment_status":"closed","ping_status":"closed","template":"","meta":{"ngg_post_thumbnail":0,"footnotes":""},"class_list":["post-5760","page","type-page","status-publish","has-post-thumbnail","hentry"],"yoast_head":"<!-- This site is optimized with the Yoast SEO plugin v19.8 - https:\/\/yoast.com\/wordpress\/plugins\/seo\/ -->\n<title>TA\u0143CZYMY NA 6! - Stowarzyszenie 4tutti<\/title>\n<meta name=\"robots\" content=\"index, follow, max-snippet:-1, max-image-preview:large, max-video-preview:-1\" \/>\n<link rel=\"canonical\" href=\"https:\/\/4tutti.pl\/?page_id=5760\" \/>\n<meta property=\"og:locale\" content=\"pl_PL\" \/>\n<meta property=\"og:type\" content=\"article\" \/>\n<meta property=\"og:title\" content=\"TA\u0143CZYMY NA 6! - Stowarzyszenie 4tutti\" \/>\n<meta property=\"og:description\" content=\"Mimo kapry\u015bnej pogody 10 czerwca 25r. dali\u015bmy rad\u0119! Nasze grupy taneczne zaprezentowa\u0142y swoje pokazy na deptaku w Zielonej G\u00f3rze i porwa\u0142y publiczno\u015b\u0107 do wsp\u00f3lnej zabawy. Dzi\u0119kujemy wszystkim tancerzom za energi\u0119, u\u015bmiechy i pi\u0119kne wyst\u0119py, a widzom za przybycie i gor\u0105cy doping! To by\u0142o popo\u0142udnie pe\u0142en ruchu, muzyki i pozytywnych emocji \u2013 czyli wszystko, co kochamy [&hellip;]\" \/>\n<meta property=\"og:url\" content=\"https:\/\/4tutti.pl\/?page_id=5760\" \/>\n<meta property=\"og:site_name\" content=\"Stowarzyszenie 4tutti\" \/>\n<meta property=\"og:image\" content=\"https:\/\/4tutti.pl\/wp-content\/uploads\/2025\/06\/505753641_1029593819259667_9202635923772225682_n.jpg\" \/>\n\t<meta property=\"og:image:width\" content=\"1600\" \/>\n\t<meta property=\"og:image:height\" content=\"1200\" \/>\n\t<meta property=\"og:image:type\" content=\"image\/jpeg\" \/>\n<meta name=\"twitter:card\" content=\"summary_large_image\" \/>\n<meta name=\"twitter:label1\" content=\"Szacowany czas czytania\" \/>\n\t<meta name=\"twitter:data1\" content=\"2 minuty\" \/>\n<script type=\"application\/ld+json\" class=\"yoast-schema-graph\">{\"@context\":\"https:\/\/schema.org\",\"@graph\":[{\"@type\":\"WebPage\",\"@id\":\"https:\/\/4tutti.pl\/?page_id=5760\",\"url\":\"https:\/\/4tutti.pl\/?page_id=5760\",\"name\":\"TA\u0143CZYMY NA 6! - Stowarzyszenie 4tutti\",\"isPartOf\":{\"@id\":\"https:\/\/4tutti.pl\/#website\"},\"datePublished\":\"2025-06-13T16:35:07+00:00\",\"dateModified\":\"2025-06-13T16:35:07+00:00\",\"breadcrumb\":{\"@id\":\"https:\/\/4tutti.pl\/?page_id=5760#breadcrumb\"},\"inLanguage\":\"pl-PL\",\"potentialAction\":[{\"@type\":\"ReadAction\",\"target\":[\"https:\/\/4tutti.pl\/?page_id=5760\"]}]},{\"@type\":\"BreadcrumbList\",\"@id\":\"https:\/\/4tutti.pl\/?page_id=5760#breadcrumb\",\"itemListElement\":[{\"@type\":\"ListItem\",\"position\":1,\"name\":\"Strona g\u0142\u00f3wna\",\"item\":\"https:\/\/4tutti.pl\/\"},{\"@type\":\"ListItem\",\"position\":2,\"name\":\"Aktualno\u015bci\",\"item\":\"https:\/\/4tutti.pl\/?page_id=525\"},{\"@type\":\"ListItem\",\"position\":3,\"name\":\"NOWO\u015aCI\",\"item\":\"https:\/\/4tutti.pl\/?page_id=2609\"},{\"@type\":\"ListItem\",\"position\":4,\"name\":\"TA\u0143CZYMY NA 6!\"}]},{\"@type\":\"WebSite\",\"@id\":\"https:\/\/4tutti.pl\/#website\",\"url\":\"https:\/\/4tutti.pl\/\",\"name\":\"Stowarzyszenie 4tutti\",\"description\":\"P\u00f3\u0142kolonie, warsztaty dla dzieci\",\"potentialAction\":[{\"@type\":\"SearchAction\",\"target\":{\"@type\":\"EntryPoint\",\"urlTemplate\":\"https:\/\/4tutti.pl\/?s={search_term_string}\"},\"query-input\":\"required name=search_term_string\"}],\"inLanguage\":\"pl-PL\"}]}<\/script>\n<!-- \/ Yoast SEO plugin. -->","yoast_head_json":{"title":"TA\u0143CZYMY NA 6! - Stowarzyszenie 4tutti","robots":{"index":"index","follow":"follow","max-snippet":"max-snippet:-1","max-image-preview":"max-image-preview:large","max-video-preview":"max-video-preview:-1"},"canonical":"https:\/\/4tutti.pl\/?page_id=5760","og_locale":"pl_PL","og_type":"article","og_title":"TA\u0143CZYMY NA 6! - Stowarzyszenie 4tutti","og_description":"Mimo kapry\u015bnej pogody 10 czerwca 25r. dali\u015bmy rad\u0119! Nasze grupy taneczne zaprezentowa\u0142y swoje pokazy na deptaku w Zielonej G\u00f3rze i porwa\u0142y publiczno\u015b\u0107 do wsp\u00f3lnej zabawy. Dzi\u0119kujemy wszystkim tancerzom za energi\u0119, u\u015bmiechy i pi\u0119kne wyst\u0119py, a widzom za przybycie i gor\u0105cy doping! To by\u0142o popo\u0142udnie pe\u0142en ruchu, muzyki i pozytywnych emocji \u2013 czyli wszystko, co kochamy [&hellip;]","og_url":"https:\/\/4tutti.pl\/?page_id=5760","og_site_name":"Stowarzyszenie 4tutti","og_image":[{"width":1600,"height":1200,"url":"https:\/\/4tutti.pl\/wp-content\/uploads\/2025\/06\/505753641_1029593819259667_9202635923772225682_n.jpg","type":"image\/jpeg"}],"twitter_card":"summary_large_image","twitter_misc":{"Szacowany czas czytania":"2 minuty"},"schema":{"@context":"https:\/\/schema.org","@graph":[{"@type":"WebPage","@id":"https:\/\/4tutti.pl\/?page_id=5760","url":"https:\/\/4tutti.pl\/?page_id=5760","name":"TA\u0143CZYMY NA 6! - Stowarzyszenie 4tutti","isPartOf":{"@id":"https:\/\/4tutti.pl\/#website"},"datePublished":"2025-06-13T16:35:07+00:00","dateModified":"2025-06-13T16:35:07+00:00","breadcrumb":{"@id":"https:\/\/4tutti.pl\/?page_id=5760#breadcrumb"},"inLanguage":"pl-PL","potentialAction":[{"@type":"ReadAction","target":["https:\/\/4tutti.pl\/?page_id=5760"]}]},{"@type":"BreadcrumbList","@id":"https:\/\/4tutti.pl\/?page_id=5760#breadcrumb","itemListElement":[{"@type":"ListItem","position":1,"name":"Strona g\u0142\u00f3wna","item":"https:\/\/4tutti.pl\/"},{"@type":"ListItem","position":2,"name":"Aktualno\u015bci","item":"https:\/\/4tutti.pl\/?page_id=525"},{"@type":"ListItem","position":3,"name":"NOWO\u015aCI","item":"https:\/\/4tutti.pl\/?page_id=2609"},{"@type":"ListItem","position":4,"name":"TA\u0143CZYMY NA 6!"}]},{"@type":"WebSite","@id":"https:\/\/4tutti.pl\/#website","url":"https:\/\/4tutti.pl\/","name":"Stowarzyszenie 4tutti","description":"P\u00f3\u0142kolonie, warsztaty dla dzieci","potentialAction":[{"@type":"SearchAction","target":{"@type":"EntryPoint","urlTemplate":"https:\/\/4tutti.pl\/?s={search_term_string}"},"query-input":"required name=search_term_string"}],"inLanguage":"pl-PL"}]}},"_links":{"self":[{"href":"https:\/\/4tutti.pl\/index.php?rest_route=\/wp\/v2\/pages\/5760","targetHints":{"allow":["GET"]}}],"collection":[{"href":"https:\/\/4tutti.pl\/index.php?rest_route=\/wp\/v2\/pages"}],"about":[{"href":"https:\/\/4tutti.pl\/index.php?rest_route=\/wp\/v2\/types\/page"}],"author":[{"embeddable":true,"href":"https:\/\/4tutti.pl\/index.php?rest_route=\/wp\/v2\/users\/2"}],"replies":[{"embeddable":true,"href":"https:\/\/4tutti.pl\/index.php?rest_route=%2Fwp%2Fv2%2Fcomments&post=5760"}],"version-history":[{"count":1,"href":"https:\/\/4tutti.pl\/index.php?rest_route=\/wp\/v2\/pages\/5760\/revisions"}],"predecessor-version":[{"id":5762,"href":"https:\/\/4tutti.pl\/index.php?rest_route=\/wp\/v2\/pages\/5760\/revisions\/5762"}],"up":[{"embeddable":true,"href":"https:\/\/4tutti.pl\/index.php?rest_route=\/wp\/v2\/pages\/2609"}],"wp:featuredmedia":[{"embeddable":true,"href":"https:\/\/4tutti.pl\/index.php?rest_route=\/wp\/v2\/media\/5761"}],"wp:attachment":[{"href":"https:\/\/4tutti.pl\/index.php?rest_route=%2Fwp%2Fv2%2Fmedia&parent=5760"}],"curies":[{"name":"wp","href":"https:\/\/api.w.org\/{rel}","templated":true}]}}