{"id":6215,"date":"2025-10-01T18:53:21","date_gmt":"2025-10-01T16:53:21","guid":{"rendered":"https:\/\/4tutti.pl\/?page_id=6215"},"modified":"2025-10-22T14:04:15","modified_gmt":"2025-10-22T12:04:15","slug":"oboz-zima-2026","status":"publish","type":"page","link":"https:\/\/4tutti.pl\/?page_id=6215","title":{"rendered":"OB\u00d3Z ZIMA 2026"},"content":{"rendered":"<div class=\"xdj266r x14z9mp xat24cr x1lziwak x1vvkbs x126k92a\">\n<div dir=\"auto\"><span class=\"html-span xexx8yu xyri2b x18d9i69 x1c1uobl x1hl2dhg x16tdsg8 x1vvkbs x3nfvp2 x1j61x8r x1fcty0u xdj266r xat24cr xm2jcoa x1mpyi22 xxymvpz xlup9mm x1kky2od\"><img loading=\"lazy\" decoding=\"async\" class=\"xz74otr x15mokao x1ga7v0g x16uus16 xbiv7yw\" src=\"https:\/\/static.xx.fbcdn.net\/images\/emoji.php\/v9\/t51\/1\/16\/1f328.png\" alt=\"\ud83c\udf28\ufe0f\" width=\"16\" height=\"16\"><\/span><span class=\"html-span xexx8yu xyri2b x18d9i69 x1c1uobl x1hl2dhg x16tdsg8 x1vvkbs x3nfvp2 x1j61x8r x1fcty0u xdj266r xat24cr xm2jcoa x1mpyi22 xxymvpz xlup9mm x1kky2od\"><img loading=\"lazy\" decoding=\"async\" class=\"xz74otr x15mokao x1ga7v0g x16uus16 xbiv7yw\" src=\"https:\/\/static.xx.fbcdn.net\/images\/emoji.php\/v9\/tf4\/1\/16\/2728.png\" alt=\"\u2728\" width=\"16\" height=\"16\"><\/span> FERIE&nbsp; &nbsp;gdzie&nbsp; &nbsp;&#8211;&gt;&nbsp; W KARPACZU&nbsp; &nbsp;kiedy&nbsp; &nbsp;&#8211;&gt; 15-21 lutego 2026 <span class=\"html-span xexx8yu xyri2b x18d9i69 x1c1uobl x1hl2dhg x16tdsg8 x1vvkbs x3nfvp2 x1j61x8r x1fcty0u xdj266r xat24cr xm2jcoa x1mpyi22 xxymvpz xlup9mm x1kky2od\"><img loading=\"lazy\" decoding=\"async\" class=\"xz74otr x15mokao x1ga7v0g x16uus16 xbiv7yw\" src=\"https:\/\/static.xx.fbcdn.net\/images\/emoji.php\/v9\/tf4\/1\/16\/2728.png\" alt=\"\u2728\" width=\"16\" height=\"16\"><\/span><span class=\"html-span xexx8yu xyri2b x18d9i69 x1c1uobl x1hl2dhg x16tdsg8 x1vvkbs x3nfvp2 x1j61x8r x1fcty0u xdj266r xat24cr xm2jcoa x1mpyi22 xxymvpz xlup9mm x1kky2od\"><img loading=\"lazy\" decoding=\"async\" class=\"xz74otr x15mokao x1ga7v0g x16uus16 xbiv7yw\" src=\"https:\/\/static.xx.fbcdn.net\/images\/emoji.php\/v9\/t51\/1\/16\/1f328.png\" alt=\"\ud83c\udf28\ufe0f\" width=\"16\" height=\"16\"><\/span><\/div>\n<div dir=\"auto\">&nbsp;<\/div>\n<\/div>\n<div class=\"x14z9mp xat24cr x1lziwak x1vvkbs xtlvy1s x126k92a\">\n<div dir=\"auto\">Z nami nie ma nudy \u2013 czeka WAS&nbsp; tydzie\u0144 pe\u0142en przyg\u00f3d, \u015bmiechu i zimowych atrakcji!&nbsp; &nbsp; <img loading=\"lazy\" decoding=\"async\" class=\"size-medium wp-image-6216 alignright\" src=\"https:\/\/4tutti.pl\/wp-content\/uploads\/2025\/10\/IMG_8459-212x300.jpeg\" alt=\"\" width=\"212\" height=\"300\" srcset=\"https:\/\/4tutti.pl\/wp-content\/uploads\/2025\/10\/IMG_8459-212x300.jpeg 212w, https:\/\/4tutti.pl\/wp-content\/uploads\/2025\/10\/IMG_8459-724x1024.jpeg 724w, https:\/\/4tutti.pl\/wp-content\/uploads\/2025\/10\/IMG_8459-768x1086.jpeg 768w, https:\/\/4tutti.pl\/wp-content\/uploads\/2025\/10\/IMG_8459.jpeg 905w\" sizes=\"auto, (max-width: 212px) 100vw, 212px\" \/><\/div>\n<\/div>\n<div class=\"x14z9mp xat24cr x1lziwak x1vvkbs xtlvy1s x126k92a\">\n<div dir=\"auto\"><span class=\"html-span xexx8yu xyri2b x18d9i69 x1c1uobl x1hl2dhg x16tdsg8 x1vvkbs x3nfvp2 x1j61x8r x1fcty0u xdj266r xat24cr xm2jcoa x1mpyi22 xxymvpz xlup9mm x1kky2od\"><img loading=\"lazy\" decoding=\"async\" class=\"xz74otr x15mokao x1ga7v0g x16uus16 xbiv7yw\" src=\"https:\/\/static.xx.fbcdn.net\/images\/emoji.php\/v9\/t51\/1\/16\/1f449.png\" alt=\"\ud83d\udc49\" width=\"16\" height=\"16\"><\/span> W programie m.in.:<\/div>\n<div dir=\"auto\"><span class=\"html-span xexx8yu xyri2b x18d9i69 x1c1uobl x1hl2dhg x16tdsg8 x1vvkbs x3nfvp2 x1j61x8r x1fcty0u xdj266r xat24cr xm2jcoa x1mpyi22 xxymvpz xlup9mm x1kky2od\"><img loading=\"lazy\" decoding=\"async\" class=\"xz74otr x15mokao x1ga7v0g x16uus16 xbiv7yw\" src=\"https:\/\/static.xx.fbcdn.net\/images\/emoji.php\/v9\/t2e\/1\/16\/2744.png\" alt=\"\u2744\ufe0f\" width=\"16\" height=\"16\"><\/span> wycieczki po Karkonoszach,<\/div>\n<div dir=\"auto\"><span class=\"html-span xexx8yu xyri2b x18d9i69 x1c1uobl x1hl2dhg x16tdsg8 x1vvkbs x3nfvp2 x1j61x8r x1fcty0u xdj266r xat24cr xm2jcoa x1mpyi22 xxymvpz xlup9mm x1kky2od\"><img loading=\"lazy\" decoding=\"async\" class=\"xz74otr x15mokao x1ga7v0g x16uus16 xbiv7yw\" src=\"https:\/\/static.xx.fbcdn.net\/images\/emoji.php\/v9\/t2e\/1\/16\/2744.png\" alt=\"\u2744\ufe0f\" width=\"16\" height=\"16\"><\/span> gry, zabawy i animacje z nasz\u0105 super kadr\u0105,<\/div>\n<div dir=\"auto\"><span class=\"html-span xexx8yu xyri2b x18d9i69 x1c1uobl x1hl2dhg x16tdsg8 x1vvkbs x3nfvp2 x1j61x8r x1fcty0u xdj266r xat24cr xm2jcoa x1mpyi22 xxymvpz xlup9mm x1kky2od\"><img loading=\"lazy\" decoding=\"async\" class=\"xz74otr x15mokao x1ga7v0g x16uus16 xbiv7yw\" src=\"https:\/\/static.xx.fbcdn.net\/images\/emoji.php\/v9\/t2e\/1\/16\/2744.png\" alt=\"\u2744\ufe0f\" width=\"16\" height=\"16\"><\/span> ognisko i integracja przy zimowym klimacie,<\/div>\n<div dir=\"auto\"><span class=\"html-span xexx8yu xyri2b x18d9i69 x1c1uobl x1hl2dhg x16tdsg8 x1vvkbs x3nfvp2 x1j61x8r x1fcty0u xdj266r xat24cr xm2jcoa x1mpyi22 xxymvpz xlup9mm x1kky2od\"><img loading=\"lazy\" decoding=\"async\" class=\"xz74otr x15mokao x1ga7v0g x16uus16 xbiv7yw\" src=\"https:\/\/static.xx.fbcdn.net\/images\/emoji.php\/v9\/t2e\/1\/16\/2744.png\" alt=\"\u2744\ufe0f\" width=\"16\" height=\"16\"><\/span> bitwy na \u015bnie\u017cki, k\u0105piele \u015bnie\u017cne i ba\u0142wanowe mistrzostwa,<\/div>\n<div dir=\"auto\"><span class=\"html-span xexx8yu xyri2b x18d9i69 x1c1uobl x1hl2dhg x16tdsg8 x1vvkbs x3nfvp2 x1j61x8r x1fcty0u xdj266r xat24cr xm2jcoa x1mpyi22 xxymvpz xlup9mm x1kky2od\"><img loading=\"lazy\" decoding=\"async\" class=\"xz74otr x15mokao x1ga7v0g x16uus16 xbiv7yw\" src=\"https:\/\/static.xx.fbcdn.net\/images\/emoji.php\/v9\/t2e\/1\/16\/2744.png\" alt=\"\u2744\ufe0f\" width=\"16\" height=\"16\"><\/span> zwiedzanie wyj\u0105tkowej \u015awi\u0105tyni Wang,<\/div>\n<div dir=\"auto\"><span class=\"html-span xexx8yu xyri2b x18d9i69 x1c1uobl x1hl2dhg x16tdsg8 x1vvkbs x3nfvp2 x1j61x8r x1fcty0u xdj266r xat24cr xm2jcoa x1mpyi22 xxymvpz xlup9mm x1kky2od\"><img loading=\"lazy\" decoding=\"async\" class=\"xz74otr x15mokao x1ga7v0g x16uus16 xbiv7yw\" src=\"https:\/\/static.xx.fbcdn.net\/images\/emoji.php\/v9\/t2e\/1\/16\/2744.png\" alt=\"\u2744\ufe0f\" width=\"16\" height=\"16\"><\/span> narty dla ch\u0119tnych*&nbsp;<\/div>\n<\/div>\n<div class=\"x14z9mp xat24cr x1lziwak x1vvkbs xtlvy1s x126k92a\">\n<div dir=\"auto\">&nbsp;<\/div>\n<div dir=\"auto\"><span class=\"html-span xexx8yu xyri2b x18d9i69 x1c1uobl x1hl2dhg x16tdsg8 x1vvkbs x3nfvp2 x1j61x8r x1fcty0u xdj266r xat24cr xm2jcoa x1mpyi22 xxymvpz xlup9mm x1kky2od\"><img loading=\"lazy\" decoding=\"async\" class=\"xz74otr x15mokao x1ga7v0g x16uus16 xbiv7yw\" src=\"https:\/\/static.xx.fbcdn.net\/images\/emoji.php\/v9\/t51\/1\/16\/1f449.png\" alt=\"\ud83d\udc49\" width=\"16\" height=\"16\"><\/span> Cena obejmuje:<\/div>\n<div dir=\"auto\"><span class=\"html-span xexx8yu xyri2b x18d9i69 x1c1uobl x1hl2dhg x16tdsg8 x1vvkbs x3nfvp2 x1j61x8r x1fcty0u xdj266r xat24cr xm2jcoa x1mpyi22 xxymvpz xlup9mm x1kky2od\"><img loading=\"lazy\" decoding=\"async\" class=\"xz74otr x15mokao x1ga7v0g x16uus16 xbiv7yw\" src=\"https:\/\/static.xx.fbcdn.net\/images\/emoji.php\/v9\/tfa\/1\/16\/1f68d.png\" alt=\"\ud83d\ude8d\" width=\"16\" height=\"16\"><\/span> dojazd<\/div>\n<div dir=\"auto\"><span class=\"html-span xexx8yu xyri2b x18d9i69 x1c1uobl x1hl2dhg x16tdsg8 x1vvkbs x3nfvp2 x1j61x8r x1fcty0u xdj266r xat24cr xm2jcoa x1mpyi22 xxymvpz xlup9mm x1kky2od\"><img loading=\"lazy\" decoding=\"async\" class=\"xz74otr x15mokao x1ga7v0g x16uus16 xbiv7yw\" src=\"https:\/\/static.xx.fbcdn.net\/images\/emoji.php\/v9\/tfe\/1\/16\/1f3e8.png\" alt=\"\ud83c\udfe8\" width=\"16\" height=\"16\"><\/span> nocleg<\/div>\n<div dir=\"auto\"><span class=\"html-span xexx8yu xyri2b x18d9i69 x1c1uobl x1hl2dhg x16tdsg8 x1vvkbs x3nfvp2 x1j61x8r x1fcty0u xdj266r xat24cr xm2jcoa x1mpyi22 xxymvpz xlup9mm x1kky2od\"><img loading=\"lazy\" decoding=\"async\" class=\"xz74otr x15mokao x1ga7v0g x16uus16 xbiv7yw\" src=\"https:\/\/static.xx.fbcdn.net\/images\/emoji.php\/v9\/t98\/1\/16\/1f37d.png\" alt=\"\ud83c\udf7d\ufe0f\" width=\"16\" height=\"16\"><\/span> pe\u0142ne wy\u017cywienie<\/div>\n<div dir=\"auto\"><span class=\"html-span xexx8yu xyri2b x18d9i69 x1c1uobl x1hl2dhg x16tdsg8 x1vvkbs x3nfvp2 x1j61x8r x1fcty0u xdj266r xat24cr xm2jcoa x1mpyi22 xxymvpz xlup9mm x1kky2od\"><img loading=\"lazy\" decoding=\"async\" class=\"xz74otr x15mokao x1ga7v0g x16uus16 xbiv7yw\" src=\"https:\/\/static.xx.fbcdn.net\/images\/emoji.php\/v9\/t3a\/1\/16\/1f6e1.png\" alt=\"\ud83d\udee1\ufe0f\" width=\"16\" height=\"16\"><\/span> ubezpieczenie<\/div>\n<\/div>\n<div class=\"x14z9mp xat24cr x1lziwak x1vvkbs xtlvy1s x126k92a\">\n<div dir=\"auto\">Dzieci i m\u0142odzie\u017c 7\u201316 lat prze\u017cyj\u0105 tydzie\u0144 pe\u0142en energii, nowych przyja\u017ani i zimowych wspomnie\u0144 na ca\u0142e \u017cycie!&nbsp;<\/div>\n<\/div>\n<div class=\"x14z9mp xat24cr x1lziwak x1vvkbs xtlvy1s x126k92a\">\n<div dir=\"auto\">Ilo\u015b\u0107 miejsc ograniczona!!!<\/div>\n<div dir=\"auto\">&nbsp;<\/div>\n<div dir=\"auto\">Zapisy i informacje: 516 334 426<\/div>\n<\/div>\n<div dir=\"auto\">&nbsp;<\/div>\n<div dir=\"auto\">Pliki&nbsp; do&nbsp; pobrania:<\/div>\n<ul>\n<li dir=\"auto\"><a href=\"https:\/\/4tutti.pl\/wp-content\/uploads\/2025\/10\/Zgloszenie-uczestnictwa-2026.pdf\">Zgloszenie-uczestnictwa-2026<\/a><\/li>\n<li dir=\"auto\"><a href=\"https:\/\/4tutti.pl\/wp-content\/uploads\/2025\/10\/warunki-uczestnictwa-2026.pdf\">warunki-uczestnictwa-2026<\/a><\/li>\n<li dir=\"auto\"><a href=\"https:\/\/4tutti.pl\/wp-content\/uploads\/2025\/10\/Karta-kwalifikacyjna-uczestnika-2026.pdf\">Karta-kwalifikacyjna-uczestnika 2026<\/a><\/li>\n<li dir=\"auto\"><a href=\"https:\/\/4tutti.pl\/wp-content\/uploads\/2025\/10\/Zgoda-rodo-i-wizerunek.pdf\">Zgoda-rodo-i-wizerunek<\/a><\/li>\n<\/ul>\n","protected":false},"excerpt":{"rendered":"<p>FERIE&nbsp; &nbsp;gdzie&nbsp; &nbsp;&#8211;&gt;&nbsp; W KARPACZU&nbsp; &nbsp;kiedy&nbsp; &nbsp;&#8211;&gt; 15-21 lutego 2026 &nbsp; Z nami nie ma nudy \u2013 czeka WAS&nbsp; tydzie\u0144 pe\u0142en przyg\u00f3d, \u015bmiechu i zimowych atrakcji!&nbsp; &nbsp; W programie m.in.: wycieczki po Karkonoszach, gry, zabawy i animacje z nasz\u0105 super kadr\u0105, ognisko i integracja przy zimowym klimacie, bitwy na \u015bnie\u017cki, k\u0105piele \u015bnie\u017cne i ba\u0142wanowe mistrzostwa, [&hellip;]<\/p>\n","protected":false},"author":2,"featured_media":6216,"parent":2544,"menu_order":0,"comment_status":"closed","ping_status":"closed","template":"","meta":{"ngg_post_thumbnail":0,"footnotes":""},"class_list":["post-6215","page","type-page","status-publish","has-post-thumbnail","hentry"],"yoast_head":"<!-- This site is optimized with the Yoast SEO plugin v19.8 - https:\/\/yoast.com\/wordpress\/plugins\/seo\/ -->\n<title>OB\u00d3Z ZIMA 2026 - Stowarzyszenie 4tutti<\/title>\n<meta name=\"robots\" content=\"index, follow, max-snippet:-1, max-image-preview:large, max-video-preview:-1\" \/>\n<link rel=\"canonical\" href=\"https:\/\/4tutti.pl\/?page_id=6215\" \/>\n<meta property=\"og:locale\" content=\"pl_PL\" \/>\n<meta property=\"og:type\" content=\"article\" \/>\n<meta property=\"og:title\" content=\"OB\u00d3Z ZIMA 2026 - Stowarzyszenie 4tutti\" \/>\n<meta property=\"og:description\" content=\"FERIE&nbsp; &nbsp;gdzie&nbsp; &nbsp;&#8211;&gt;&nbsp; W KARPACZU&nbsp; &nbsp;kiedy&nbsp; &nbsp;&#8211;&gt; 15-21 lutego 2026 &nbsp; Z nami nie ma nudy \u2013 czeka WAS&nbsp; tydzie\u0144 pe\u0142en przyg\u00f3d, \u015bmiechu i zimowych atrakcji!&nbsp; &nbsp; W programie m.in.: wycieczki po Karkonoszach, gry, zabawy i animacje z nasz\u0105 super kadr\u0105, ognisko i integracja przy zimowym klimacie, bitwy na \u015bnie\u017cki, k\u0105piele \u015bnie\u017cne i ba\u0142wanowe mistrzostwa, [&hellip;]\" \/>\n<meta property=\"og:url\" content=\"https:\/\/4tutti.pl\/?page_id=6215\" \/>\n<meta property=\"og:site_name\" content=\"Stowarzyszenie 4tutti\" \/>\n<meta property=\"article:modified_time\" content=\"2025-10-22T12:04:15+00:00\" \/>\n<meta property=\"og:image\" content=\"https:\/\/4tutti.pl\/wp-content\/uploads\/2025\/10\/IMG_8459.jpeg\" \/>\n\t<meta property=\"og:image:width\" content=\"905\" \/>\n\t<meta property=\"og:image:height\" content=\"1280\" \/>\n\t<meta property=\"og:image:type\" content=\"image\/jpeg\" \/>\n<meta name=\"twitter:card\" content=\"summary_large_image\" \/>\n<meta name=\"twitter:label1\" content=\"Szacowany czas czytania\" \/>\n\t<meta name=\"twitter:data1\" content=\"5 minut\" \/>\n<script type=\"application\/ld+json\" class=\"yoast-schema-graph\">{\"@context\":\"https:\/\/schema.org\",\"@graph\":[{\"@type\":\"WebPage\",\"@id\":\"https:\/\/4tutti.pl\/?page_id=6215\",\"url\":\"https:\/\/4tutti.pl\/?page_id=6215\",\"name\":\"OB\u00d3Z ZIMA 2026 - Stowarzyszenie 4tutti\",\"isPartOf\":{\"@id\":\"https:\/\/4tutti.pl\/#website\"},\"datePublished\":\"2025-10-01T16:53:21+00:00\",\"dateModified\":\"2025-10-22T12:04:15+00:00\",\"breadcrumb\":{\"@id\":\"https:\/\/4tutti.pl\/?page_id=6215#breadcrumb\"},\"inLanguage\":\"pl-PL\",\"potentialAction\":[{\"@type\":\"ReadAction\",\"target\":[\"https:\/\/4tutti.pl\/?page_id=6215\"]}]},{\"@type\":\"BreadcrumbList\",\"@id\":\"https:\/\/4tutti.pl\/?page_id=6215#breadcrumb\",\"itemListElement\":[{\"@type\":\"ListItem\",\"position\":1,\"name\":\"Strona g\u0142\u00f3wna\",\"item\":\"https:\/\/4tutti.pl\/\"},{\"@type\":\"ListItem\",\"position\":2,\"name\":\"Aktualno\u015bci\",\"item\":\"https:\/\/4tutti.pl\/?page_id=525\"},{\"@type\":\"ListItem\",\"position\":3,\"name\":\"OBOZY, P\u00d3\u0141KOLONIE\",\"item\":\"https:\/\/4tutti.pl\/?page_id=2544\"},{\"@type\":\"ListItem\",\"position\":4,\"name\":\"OB\u00d3Z ZIMA 2026\"}]},{\"@type\":\"WebSite\",\"@id\":\"https:\/\/4tutti.pl\/#website\",\"url\":\"https:\/\/4tutti.pl\/\",\"name\":\"Stowarzyszenie 4tutti\",\"description\":\"P\u00f3\u0142kolonie, warsztaty dla dzieci\",\"potentialAction\":[{\"@type\":\"SearchAction\",\"target\":{\"@type\":\"EntryPoint\",\"urlTemplate\":\"https:\/\/4tutti.pl\/?s={search_term_string}\"},\"query-input\":\"required name=search_term_string\"}],\"inLanguage\":\"pl-PL\"}]}<\/script>\n<!-- \/ Yoast SEO plugin. -->","yoast_head_json":{"title":"OB\u00d3Z ZIMA 2026 - Stowarzyszenie 4tutti","robots":{"index":"index","follow":"follow","max-snippet":"max-snippet:-1","max-image-preview":"max-image-preview:large","max-video-preview":"max-video-preview:-1"},"canonical":"https:\/\/4tutti.pl\/?page_id=6215","og_locale":"pl_PL","og_type":"article","og_title":"OB\u00d3Z ZIMA 2026 - Stowarzyszenie 4tutti","og_description":"FERIE&nbsp; &nbsp;gdzie&nbsp; &nbsp;&#8211;&gt;&nbsp; W KARPACZU&nbsp; &nbsp;kiedy&nbsp; &nbsp;&#8211;&gt; 15-21 lutego 2026 &nbsp; Z nami nie ma nudy \u2013 czeka WAS&nbsp; tydzie\u0144 pe\u0142en przyg\u00f3d, \u015bmiechu i zimowych atrakcji!&nbsp; &nbsp; W programie m.in.: wycieczki po Karkonoszach, gry, zabawy i animacje z nasz\u0105 super kadr\u0105, ognisko i integracja przy zimowym klimacie, bitwy na \u015bnie\u017cki, k\u0105piele \u015bnie\u017cne i ba\u0142wanowe mistrzostwa, [&hellip;]","og_url":"https:\/\/4tutti.pl\/?page_id=6215","og_site_name":"Stowarzyszenie 4tutti","article_modified_time":"2025-10-22T12:04:15+00:00","og_image":[{"width":905,"height":1280,"url":"https:\/\/4tutti.pl\/wp-content\/uploads\/2025\/10\/IMG_8459.jpeg","type":"image\/jpeg"}],"twitter_card":"summary_large_image","twitter_misc":{"Szacowany czas czytania":"5 minut"},"schema":{"@context":"https:\/\/schema.org","@graph":[{"@type":"WebPage","@id":"https:\/\/4tutti.pl\/?page_id=6215","url":"https:\/\/4tutti.pl\/?page_id=6215","name":"OB\u00d3Z ZIMA 2026 - Stowarzyszenie 4tutti","isPartOf":{"@id":"https:\/\/4tutti.pl\/#website"},"datePublished":"2025-10-01T16:53:21+00:00","dateModified":"2025-10-22T12:04:15+00:00","breadcrumb":{"@id":"https:\/\/4tutti.pl\/?page_id=6215#breadcrumb"},"inLanguage":"pl-PL","potentialAction":[{"@type":"ReadAction","target":["https:\/\/4tutti.pl\/?page_id=6215"]}]},{"@type":"BreadcrumbList","@id":"https:\/\/4tutti.pl\/?page_id=6215#breadcrumb","itemListElement":[{"@type":"ListItem","position":1,"name":"Strona g\u0142\u00f3wna","item":"https:\/\/4tutti.pl\/"},{"@type":"ListItem","position":2,"name":"Aktualno\u015bci","item":"https:\/\/4tutti.pl\/?page_id=525"},{"@type":"ListItem","position":3,"name":"OBOZY, P\u00d3\u0141KOLONIE","item":"https:\/\/4tutti.pl\/?page_id=2544"},{"@type":"ListItem","position":4,"name":"OB\u00d3Z ZIMA 2026"}]},{"@type":"WebSite","@id":"https:\/\/4tutti.pl\/#website","url":"https:\/\/4tutti.pl\/","name":"Stowarzyszenie 4tutti","description":"P\u00f3\u0142kolonie, warsztaty dla dzieci","potentialAction":[{"@type":"SearchAction","target":{"@type":"EntryPoint","urlTemplate":"https:\/\/4tutti.pl\/?s={search_term_string}"},"query-input":"required name=search_term_string"}],"inLanguage":"pl-PL"}]}},"_links":{"self":[{"href":"https:\/\/4tutti.pl\/index.php?rest_route=\/wp\/v2\/pages\/6215","targetHints":{"allow":["GET"]}}],"collection":[{"href":"https:\/\/4tutti.pl\/index.php?rest_route=\/wp\/v2\/pages"}],"about":[{"href":"https:\/\/4tutti.pl\/index.php?rest_route=\/wp\/v2\/types\/page"}],"author":[{"embeddable":true,"href":"https:\/\/4tutti.pl\/index.php?rest_route=\/wp\/v2\/users\/2"}],"replies":[{"embeddable":true,"href":"https:\/\/4tutti.pl\/index.php?rest_route=%2Fwp%2Fv2%2Fcomments&post=6215"}],"version-history":[{"count":5,"href":"https:\/\/4tutti.pl\/index.php?rest_route=\/wp\/v2\/pages\/6215\/revisions"}],"predecessor-version":[{"id":6244,"href":"https:\/\/4tutti.pl\/index.php?rest_route=\/wp\/v2\/pages\/6215\/revisions\/6244"}],"up":[{"embeddable":true,"href":"https:\/\/4tutti.pl\/index.php?rest_route=\/wp\/v2\/pages\/2544"}],"wp:featuredmedia":[{"embeddable":true,"href":"https:\/\/4tutti.pl\/index.php?rest_route=\/wp\/v2\/media\/6216"}],"wp:attachment":[{"href":"https:\/\/4tutti.pl\/index.php?rest_route=%2Fwp%2Fv2%2Fmedia&parent=6215"}],"curies":[{"name":"wp","href":"https:\/\/api.w.org\/{rel}","templated":true}]}}