{"id":6235,"date":"2025-11-25T08:38:21","date_gmt":"2025-11-25T07:38:21","guid":{"rendered":"https:\/\/4tutti.pl\/?page_id=6235"},"modified":"2026-04-19T19:51:56","modified_gmt":"2026-04-19T17:51:56","slug":"iii-taneczne-horyzonty","status":"publish","type":"page","link":"https:\/\/4tutti.pl\/?page_id=6235","title":{"rendered":"III TANECZNE HORYZONTY"},"content":{"rendered":"<div class=\"xdj266r x11i5rnm xat24cr x1mh8g0r x1vvkbs x126k92a\">\n<div class=\"xdj266r x14z9mp xat24cr x1lziwak x1vvkbs x126k92a\">\n<div dir=\"auto\"><em><strong>III Og\u00f3lnopolski Festiwal Taneczny &#8220;Taneczne Horyzonty&#8221; ju\u017c za nami<\/strong><\/em>! <span class=\"html-span xexx8yu xyri2b x18d9i69 x1c1uobl x1hl2dhg x16tdsg8 x1vvkbs x3nfvp2 x1j61x8r x1fcty0u xdj266r xat24cr xm2jcoa x1mpyi22 xxymvpz xlup9mm x1kky2od\"><img loading=\"lazy\" decoding=\"async\" class=\"xz74otr x15mokao x1ga7v0g x16uus16 xbiv7yw\" src=\"https:\/\/static.xx.fbcdn.net\/images\/emoji.php\/v9\/tf4\/1\/16\/2728.png\" alt=\"\u2728\" width=\"16\" height=\"16\"><\/span><\/div>\n<div dir=\"auto\">\n<div class=\"xdj266r x14z9mp xat24cr x1lziwak x1vvkbs x126k92a\">\n<div dir=\"auto\">a my z dum\u0105 chwalimy si\u0119 sukcesami naszych tancerzy! <span class=\"html-span xexx8yu xyri2b x18d9i69 x1c1uobl x1hl2dhg x16tdsg8 x1vvkbs x3nfvp2 x1j61x8r x1fcty0u xdj266r xat24cr xm2jcoa x1mpyi22 xxymvpz xlup9mm x1kky2od\"><img loading=\"lazy\" decoding=\"async\" class=\"xz74otr x15mokao x1ga7v0g x16uus16 xbiv7yw\" src=\"https:\/\/static.xx.fbcdn.net\/images\/emoji.php\/v9\/te0\/1\/16\/1f31f.png\" alt=\"\ud83c\udf1f\" width=\"16\" height=\"16\"><\/span><\/div>\n<div dir=\"auto\"><span class=\"html-span xexx8yu xyri2b x18d9i69 x1c1uobl x1hl2dhg x16tdsg8 x1vvkbs x3nfvp2 x1j61x8r x1fcty0u xdj266r xat24cr xm2jcoa x1mpyi22 xxymvpz xlup9mm x1kky2od\"><img loading=\"lazy\" decoding=\"async\" class=\"xz74otr x15mokao x1ga7v0g x16uus16 xbiv7yw\" src=\"https:\/\/static.xx.fbcdn.net\/images\/emoji.php\/v9\/tbe\/1\/16\/1f3c6.png\" alt=\"\ud83c\udfc6\" width=\"16\" height=\"16\"><\/span> Grand Prix \u2013 Formacja FlashDance<\/div>\n<\/div>\n<div class=\"x14z9mp xat24cr x1lziwak x1vvkbs xtlvy1s x126k92a\">\n<div dir=\"auto\">Nasze formacje:<\/div>\n<div dir=\"auto\">TBM \u2013 <span class=\"html-span xexx8yu xyri2b x18d9i69 x1c1uobl x1hl2dhg x16tdsg8 x1vvkbs x3nfvp2 x1j61x8r x1fcty0u xdj266r xat24cr xm2jcoa x1mpyi22 xxymvpz xlup9mm x1kky2od\"><img loading=\"lazy\" decoding=\"async\" class=\"xz74otr x15mokao x1ga7v0g x16uus16 xbiv7yw\" src=\"https:\/\/static.xx.fbcdn.net\/images\/emoji.php\/v9\/t94\/1\/16\/1f947.png\" alt=\"\ud83e\udd47\" width=\"16\" height=\"16\"><\/span> 1. miejsce (kat. 14-17 lat)<\/div>\n<div dir=\"auto\">MarLo \u2013 <span class=\"html-span xexx8yu xyri2b x18d9i69 x1c1uobl x1hl2dhg x16tdsg8 x1vvkbs x3nfvp2 x1j61x8r x1fcty0u xdj266r xat24cr xm2jcoa x1mpyi22 xxymvpz xlup9mm x1kky2od\"><img loading=\"lazy\" decoding=\"async\" class=\"xz74otr x15mokao x1ga7v0g x16uus16 xbiv7yw\" src=\"https:\/\/static.xx.fbcdn.net\/images\/emoji.php\/v9\/t94\/1\/16\/1f947.png\" alt=\"\ud83e\udd47\" width=\"16\" height=\"16\"><\/span> 1. miejsce (kat. 10-13 lat)<\/div>\n<div dir=\"auto\">Zombie \u2013 wyr\u00f3\u017cnienie (kat. 10-13 lat)<\/div>\n<div dir=\"auto\">RIO \u2013 wyr\u00f3\u017cnienie (kat. 10-13 lat)<\/div>\n<div dir=\"auto\">Vaiana \u2013 <span class=\"html-span xexx8yu xyri2b x18d9i69 x1c1uobl x1hl2dhg x16tdsg8 x1vvkbs x3nfvp2 x1j61x8r x1fcty0u xdj266r xat24cr xm2jcoa x1mpyi22 xxymvpz xlup9mm x1kky2od\"><img loading=\"lazy\" decoding=\"async\" class=\"xz74otr x15mokao x1ga7v0g x16uus16 xbiv7yw\" src=\"https:\/\/static.xx.fbcdn.net\/images\/emoji.php\/v9\/t15\/1\/16\/1f948.png\" alt=\"\ud83e\udd48\" width=\"16\" height=\"16\"><\/span> 2. miejsce (kat. 6-9 lat)<\/div>\n<div dir=\"auto\">Blue Stars \u2013 debiut sceniczny i od razu wyr\u00f3\u017cnienie!<\/div>\n<\/div>\n<div class=\"x14z9mp xat24cr x1lziwak x1vvkbs xtlvy1s x126k92a\">\n<div dir=\"auto\">Duety 14-17 lat:<\/div>\n<div dir=\"auto\"><span class=\"html-span xexx8yu xyri2b x18d9i69 x1c1uobl x1hl2dhg x16tdsg8 x1vvkbs x3nfvp2 x1j61x8r x1fcty0u xdj266r xat24cr xm2jcoa x1mpyi22 xxymvpz xlup9mm x1kky2od\"><img loading=\"lazy\" decoding=\"async\" class=\"xz74otr x15mokao x1ga7v0g x16uus16 xbiv7yw\" src=\"https:\/\/static.xx.fbcdn.net\/images\/emoji.php\/v9\/t94\/1\/16\/1f947.png\" alt=\"\ud83e\udd47\" width=\"16\" height=\"16\"><\/span> 1. miejsce Xawier &amp; Jagoda<\/div>\n<div dir=\"auto\"><span class=\"html-span xexx8yu xyri2b x18d9i69 x1c1uobl x1hl2dhg x16tdsg8 x1vvkbs x3nfvp2 x1j61x8r x1fcty0u xdj266r xat24cr xm2jcoa x1mpyi22 xxymvpz xlup9mm x1kky2od\"><img loading=\"lazy\" decoding=\"async\" class=\"xz74otr x15mokao x1ga7v0g x16uus16 xbiv7yw\" src=\"https:\/\/static.xx.fbcdn.net\/images\/emoji.php\/v9\/t15\/1\/16\/1f948.png\" alt=\"\ud83e\udd48\" width=\"16\" height=\"16\"><\/span> 2. miejsce Lena &amp; Martyna<\/div>\n<div dir=\"auto\"><span class=\"html-span xexx8yu xyri2b x18d9i69 x1c1uobl x1hl2dhg x16tdsg8 x1vvkbs x3nfvp2 x1j61x8r x1fcty0u xdj266r xat24cr xm2jcoa x1mpyi22 xxymvpz xlup9mm x1kky2od\"><img loading=\"lazy\" decoding=\"async\" class=\"xz74otr x15mokao x1ga7v0g x16uus16 xbiv7yw\" src=\"https:\/\/static.xx.fbcdn.net\/images\/emoji.php\/v9\/t96\/1\/16\/1f949.png\" alt=\"\ud83e\udd49\" width=\"16\" height=\"16\"><\/span> 3. miejsce Kaja &amp; Paula<\/div>\n<\/div>\n<div class=\"x14z9mp xat24cr x1lziwak x1vvkbs xtlvy1s x126k92a\">\n<div dir=\"auto\">Duety 10-13 lat:<\/div>\n<div dir=\"auto\"><span class=\"html-span xexx8yu xyri2b x18d9i69 x1c1uobl x1hl2dhg x16tdsg8 x1vvkbs x3nfvp2 x1j61x8r x1fcty0u xdj266r xat24cr xm2jcoa x1mpyi22 xxymvpz xlup9mm x1kky2od\"><img loading=\"lazy\" decoding=\"async\" class=\"xz74otr x15mokao x1ga7v0g x16uus16 xbiv7yw\" src=\"https:\/\/static.xx.fbcdn.net\/images\/emoji.php\/v9\/t94\/1\/16\/1f947.png\" alt=\"\ud83e\udd47\" width=\"16\" height=\"16\"><\/span> 1. miejsce Lena &amp; Ina<\/div>\n<div dir=\"auto\"><span class=\"html-span xexx8yu xyri2b x18d9i69 x1c1uobl x1hl2dhg x16tdsg8 x1vvkbs x3nfvp2 x1j61x8r x1fcty0u xdj266r xat24cr xm2jcoa x1mpyi22 xxymvpz xlup9mm x1kky2od\"><img loading=\"lazy\" decoding=\"async\" class=\"xz74otr x15mokao x1ga7v0g x16uus16 xbiv7yw\" src=\"https:\/\/static.xx.fbcdn.net\/images\/emoji.php\/v9\/t15\/1\/16\/1f948.png\" alt=\"\ud83e\udd48\" width=\"16\" height=\"16\"><\/span> 2. miejsce Jula &amp; Zuza<\/div>\n<div dir=\"auto\"><span class=\"html-span xexx8yu xyri2b x18d9i69 x1c1uobl x1hl2dhg x16tdsg8 x1vvkbs x3nfvp2 x1j61x8r x1fcty0u xdj266r xat24cr xm2jcoa x1mpyi22 xxymvpz xlup9mm x1kky2od\"><img loading=\"lazy\" decoding=\"async\" class=\"xz74otr x15mokao x1ga7v0g x16uus16 xbiv7yw\" src=\"https:\/\/static.xx.fbcdn.net\/images\/emoji.php\/v9\/t96\/1\/16\/1f949.png\" alt=\"\ud83e\udd49\" width=\"16\" height=\"16\"><\/span> 3. miejsce Ala &amp; Ola<\/div>\n<\/div>\n<div class=\"x14z9mp xat24cr x1lziwak x1vvkbs xtlvy1s x126k92a\">\n<div dir=\"auto\">Duety 6-9 lat:<\/div>\n<div dir=\"auto\"><span class=\"html-span xexx8yu xyri2b x18d9i69 x1c1uobl x1hl2dhg x16tdsg8 x1vvkbs x3nfvp2 x1j61x8r x1fcty0u xdj266r xat24cr xm2jcoa x1mpyi22 xxymvpz xlup9mm x1kky2od\"><img loading=\"lazy\" decoding=\"async\" class=\"xz74otr x15mokao x1ga7v0g x16uus16 xbiv7yw\" src=\"https:\/\/static.xx.fbcdn.net\/images\/emoji.php\/v9\/t94\/1\/16\/1f947.png\" alt=\"\ud83e\udd47\" width=\"16\" height=\"16\"><\/span> 1. miejsce Iza &amp; Zosia<\/div>\n<div dir=\"auto\"><span class=\"html-span xexx8yu xyri2b x18d9i69 x1c1uobl x1hl2dhg x16tdsg8 x1vvkbs x3nfvp2 x1j61x8r x1fcty0u xdj266r xat24cr xm2jcoa x1mpyi22 xxymvpz xlup9mm x1kky2od\"><img loading=\"lazy\" decoding=\"async\" class=\"xz74otr x15mokao x1ga7v0g x16uus16 xbiv7yw\" src=\"https:\/\/static.xx.fbcdn.net\/images\/emoji.php\/v9\/t15\/1\/16\/1f948.png\" alt=\"\ud83e\udd48\" width=\"16\" height=\"16\"><\/span> 2. miejsce Julia &amp; \u0141ucja<\/div>\n<div dir=\"auto\"><span class=\"html-span xexx8yu xyri2b x18d9i69 x1c1uobl x1hl2dhg x16tdsg8 x1vvkbs x3nfvp2 x1j61x8r x1fcty0u xdj266r xat24cr xm2jcoa x1mpyi22 xxymvpz xlup9mm x1kky2od\"><img loading=\"lazy\" decoding=\"async\" class=\"xz74otr x15mokao x1ga7v0g x16uus16 xbiv7yw\" src=\"https:\/\/static.xx.fbcdn.net\/images\/emoji.php\/v9\/t96\/1\/16\/1f949.png\" alt=\"\ud83e\udd49\" width=\"16\" height=\"16\"><\/span> 3. miejsce Nina &amp; Maja<\/div>\n<div dir=\"auto\">Wyr\u00f3\u017cnienie \u2013 R\u00f3\u017ca &amp; \u0141ucja<\/div>\n<\/div>\n<div class=\"x14z9mp xat24cr x1lziwak x1vvkbs xtlvy1s x126k92a\">\n<div dir=\"auto\">Na parkiecie zobaczyli\u015bmy r\u00f3wnie\u017c naszych solist\u00f3w i formacje:<\/div>\n<div dir=\"auto\">Oliwia,<\/div>\n<div dir=\"auto\">Step Up,<\/div>\n<div dir=\"auto\">Trolle,<\/div>\n<div dir=\"auto\">Princeski,<\/div>\n<div dir=\"auto\">Ma\u0142e Tutki,<\/div>\n<div dir=\"auto\">\u0141owczynie,<\/div>\n<div dir=\"auto\">a tak\u017ce duety:<\/div>\n<div dir=\"auto\">Hania &amp; Ola, Ania &amp; Oliwia,<\/div>\n<div dir=\"auto\">Hania &amp; Aleksandra, Dominik &amp; Zoja, Maja&amp;Oliwia.<\/div>\n<\/div>\n<div class=\"x14z9mp xat24cr x1lziwak x1vvkbs xtlvy1s x126k92a\">\n<div dir=\"auto\">Jako trenerzy jeste\u015bmy niesamowicie dumni z Waszego wk\u0142adu, zaanga\u017cowania i ci\u0119\u017ckiej pracy, kt\u00f3r\u0105 w\u0142o\u017cyli\u015bcie w ka\u017cdy wyst\u0119p. <span class=\"html-span xexx8yu xyri2b x18d9i69 x1c1uobl x1hl2dhg x16tdsg8 x1vvkbs x3nfvp2 x1j61x8r x1fcty0u xdj266r xat24cr xm2jcoa x1mpyi22 xxymvpz xlup9mm x1kky2od\"><img loading=\"lazy\" decoding=\"async\" class=\"xz74otr x15mokao x1ga7v0g x16uus16 xbiv7yw\" src=\"https:\/\/static.xx.fbcdn.net\/images\/emoji.php\/v9\/te9\/1\/16\/1f496.png\" alt=\"\ud83d\udc96\" width=\"16\" height=\"16\"><\/span> To by\u0142 wspania\u0142y pocz\u0105tek nowego sezonu \u2013 pe\u0142en ta\u0144ca, emocji i pasji, kt\u00f3re nap\u0119dzaj\u0105 nasze dzieci do spe\u0142niania marze\u0144! <span class=\"html-span xexx8yu xyri2b x18d9i69 x1c1uobl x1hl2dhg x16tdsg8 x1vvkbs x3nfvp2 x1j61x8r x1fcty0u xdj266r xat24cr xm2jcoa x1mpyi22 xxymvpz xlup9mm x1kky2od\"><img loading=\"lazy\" decoding=\"async\" class=\"xz74otr x15mokao x1ga7v0g x16uus16 xbiv7yw\" src=\"https:\/\/static.xx.fbcdn.net\/images\/emoji.php\/v9\/te0\/1\/16\/1f31f.png\" alt=\"\ud83c\udf1f\" width=\"16\" height=\"16\"><\/span><\/div>\n<\/div>\n<\/div>\n<\/div>\n<div class=\"x14z9mp xat24cr x1lziwak x1vvkbs xtlvy1s x126k92a\">\n<div dir=\"auto\">&nbsp;Dzi\u0119kujemy wszystkim uczestnikom za niesamowite wyst\u0119py i atmosfer\u0119, kt\u00f3r\u0105 wsp\u00f3lnie stworzyli\u015bmy.<\/div>\n<div dir=\"auto\">Zapraszamy do <strong>GALERII<\/strong> na fotorelacj\u0119 !<\/div>\n<\/div>\n<\/div>\n<div>\n<p>&nbsp;<\/p>\n<p><strong>UWAGA !!! &nbsp;<\/strong><\/p>\n<p><strong><u>Kategoria A solo (10-13 lat)<\/u><\/strong><strong> \u2013 lista jest ju\u017c <\/strong><strong>ZAMKNI\u0118TA, nie przyjmujemy wi\u0119cej zg\u0142osze\u0144<\/strong><\/p>\n<\/div>\n<div>&nbsp;<\/div>\n<div class=\"xdj266r x11i5rnm xat24cr x1mh8g0r x1vvkbs x126k92a\">Ju\u017c&nbsp; &nbsp;<strong>14 marca 2026 roku<\/strong> zapraszamy WAS&nbsp; na<\/div>\n<div class=\"xdj266r x11i5rnm xat24cr x1mh8g0r x1vvkbs x126k92a\"><strong>III OG\u00d3LNOPOLSKI FESTIWAL <em>TANECZNE HORYZONTY !!!<\/em><\/strong><\/div>\n<div>&nbsp;<\/div>\n<div>Zaprezentuj\u0105 si\u0119 style ta\u0144ca tj.:&nbsp;<\/div>\n<div>\u2705jazz, modern jazz,&nbsp;<\/div>\n<div>\u2705taniec wsp\u00f3\u0142czesny,&nbsp;<\/div>\n<div>\u2705contemporary,<\/div>\n<div>\u2705hip hop, new style,<\/div>\n<div>\u2705dancehall,&nbsp;<\/div>\n<div>\u2705 open &#8211; inne style taneczne &#8211; rock&#8217;n&#8217;roll, inscenizacje taneczne,<\/div>\n<div>\u2705disco dance\/disco show.<\/div>\n<ul>\n<li>solo<\/li>\n<li>duety<\/li>\n<li>formacje<\/li>\n<\/ul>\n<div><img loading=\"lazy\" decoding=\"async\" class=\"alignnone size-medium wp-image-6247\" src=\"https:\/\/4tutti.pl\/wp-content\/uploads\/2025\/11\/IMG_8924-214x300.jpeg\" alt=\"\" width=\"214\" height=\"300\" srcset=\"https:\/\/4tutti.pl\/wp-content\/uploads\/2025\/11\/IMG_8924-214x300.jpeg 214w, https:\/\/4tutti.pl\/wp-content\/uploads\/2025\/11\/IMG_8924-731x1024.jpeg 731w, https:\/\/4tutti.pl\/wp-content\/uploads\/2025\/11\/IMG_8924-768x1076.jpeg 768w, https:\/\/4tutti.pl\/wp-content\/uploads\/2025\/11\/IMG_8924.jpeg 914w\" sizes=\"auto, (max-width: 214px) 100vw, 214px\" \/><\/div>\n<div><strong>Termin:&nbsp; &nbsp; &nbsp; &nbsp; &nbsp; &nbsp; &nbsp; &nbsp; &nbsp; <\/strong><strong>&nbsp; 14.03.20<\/strong><strong>26<\/strong><strong>r.<\/strong><\/div>\n<div>\n<div dir=\"auto\">\n<p><strong>Miejsce:&nbsp; &nbsp; &nbsp; &nbsp; &nbsp; &nbsp; &nbsp; &nbsp; &nbsp; Zesp\u00f3\u0142 Edukacyjny nr 6 w Zielonej G\u00f3rze<\/strong>,&nbsp; &nbsp;Przylep-8 Maja 6, 66-015, Zielona G\u00f3ra<\/p>\n<\/div>\n<div dir=\"auto\">CEL FESTIWALU:<\/div>\n<ul>\n<li dir=\"auto\">wymiana i por\u00f3wnywanie umiej\u0119tno\u015bci i poziomu&nbsp; ta\u0144ca;<\/li>\n<li dir=\"auto\">zach\u0119cenie do uprawiania r\u00f3\u017cnych form ta\u0144ca m\u0142odzie\u017cowego;<\/li>\n<li dir=\"auto\">propagowanie zdrowego stylu \u017cycia;<\/li>\n<li dir=\"auto\">rozwijanie pasji i zainteresowa\u0144;<\/li>\n<li dir=\"auto\">kszta\u0142towanie umiej\u0119tno\u015bci wsp\u00f3\u0142zawodnictwa poprzez popularyzacj\u0119 walor\u00f3w tanecznych;<\/li>\n<li dir=\"auto\">pog\u0142\u0119bianie zainteresowa\u0144 dzieci i m\u0142odzie\u017cy, inspirowanie do czynnego uczestnictwa w \u017cyciu sportowym;<\/li>\n<li dir=\"auto\">wy\u0142onienie laureat\u00f3w najlepiej prezentuj\u0105cych choreografie pod wzgl\u0119dem techniki, kompozycji oraz stopnia zaawansowania;<\/li>\n<li dir=\"auto\">popularyzacja&nbsp; aktywno\u015bci fizycznej w\u015br\u00f3d dzieci i m\u0142odzie\u017cy.<\/li>\n<\/ul>\n<div dir=\"auto\">\n<div dir=\"auto\">KRYTERIA OCENY:<\/div>\n<ul>\n<li dir=\"auto\">dob\u00f3r repertuaru i muzyki (stosownie do wieku i umiej\u0119tno\u015bci);<\/li>\n<li dir=\"auto\">estetyka kostium\u00f3w oraz wykorzystanie rekwizyt\u00f3w;<\/li>\n<li dir=\"auto\">opracowanie choreograficzne;<\/li>\n<li dir=\"auto\">technika wykonania;<\/li>\n<li dir=\"auto\">og\u00f3lny wyraz artystyczny.<\/li>\n<\/ul>\n<div dir=\"auto\">\n<div dir=\"auto\">ORGANIZATOR ZASTRZEGA SOBIE:<\/div>\n<ul>\n<li dir=\"auto\">Prawo do zmian w programie festiwalu;<\/li>\n<li dir=\"auto\">Prawo do nie wpisania na list\u0119 startow\u0105 uczestnik\u00f3w zg\u0142oszonych po 10.02.2025r.;<\/li>\n<li dir=\"auto\">Prawo rejestracji video i fotografowania festiwalu dla cel\u00f3w archiwalnych oraz popularyzacji ruchu tanecznego;<\/li>\n<li dir=\"auto\">Prawo do zamkni\u0119cia list startowych przed 10.02.2025r. z uwagi na du\u017c\u0105 liczb\u0119 zg\u0142osze\u0144.<\/li>\n<\/ul>\n<p>Szczeg\u00f3\u0142owy Program zostanie umieszczony na stronie&nbsp; po 20.02.2025r.<\/p>\n<p><strong>DOKUMENTY DO POBRANIA:<\/strong><\/p>\n<ul>\n<li><a href=\"https:\/\/4tutti.pl\/wp-content\/uploads\/2026\/01\/karta-zgloszenia-na-festiwal-tanca-2026-1.pdf\">karta zg\u0142oszenia na festiwal tanca 2026-1<\/a><\/li>\n<li><a href=\"https:\/\/4tutti.pl\/wp-content\/uploads\/2026\/01\/Regulamin-festiwalu-tanca-2026-1.pdf\">Regulamin festiwalu tanca 2026-1<\/a><\/li>\n<li><a href=\"https:\/\/4tutti.pl\/wp-content\/uploads\/2025\/10\/RODO-festiwal-tanca-2026.pdf\">RODO festiwal tanca 2026<\/a><\/li>\n<\/ul>\n<\/div>\n<\/div>\n<\/div>\n","protected":false},"excerpt":{"rendered":"<p>III Og\u00f3lnopolski Festiwal Taneczny &#8220;Taneczne Horyzonty&#8221; ju\u017c za nami! a my z dum\u0105 chwalimy si\u0119 sukcesami naszych tancerzy! Grand Prix \u2013 Formacja FlashDance Nasze formacje: TBM \u2013 1. miejsce (kat. 14-17 lat) MarLo \u2013 1. miejsce (kat. 10-13 lat) Zombie \u2013 wyr\u00f3\u017cnienie (kat. 10-13 lat) RIO \u2013 wyr\u00f3\u017cnienie (kat. 10-13 lat) Vaiana \u2013 2. miejsce [&hellip;]<\/p>\n","protected":false},"author":2,"featured_media":6247,"parent":3089,"menu_order":0,"comment_status":"closed","ping_status":"closed","template":"","meta":{"ngg_post_thumbnail":0,"footnotes":""},"class_list":["post-6235","page","type-page","status-publish","has-post-thumbnail","hentry"],"yoast_head":"<!-- This site is optimized with the Yoast SEO plugin v19.8 - https:\/\/yoast.com\/wordpress\/plugins\/seo\/ -->\n<title>III TANECZNE HORYZONTY - Stowarzyszenie 4tutti<\/title>\n<meta name=\"robots\" content=\"index, follow, max-snippet:-1, max-image-preview:large, max-video-preview:-1\" \/>\n<link rel=\"canonical\" href=\"https:\/\/4tutti.pl\/?page_id=6235\" \/>\n<meta property=\"og:locale\" content=\"pl_PL\" \/>\n<meta property=\"og:type\" content=\"article\" \/>\n<meta property=\"og:title\" content=\"III TANECZNE HORYZONTY - Stowarzyszenie 4tutti\" \/>\n<meta property=\"og:description\" content=\"III Og\u00f3lnopolski Festiwal Taneczny &#8220;Taneczne Horyzonty&#8221; ju\u017c za nami! a my z dum\u0105 chwalimy si\u0119 sukcesami naszych tancerzy! Grand Prix \u2013 Formacja FlashDance Nasze formacje: TBM \u2013 1. miejsce (kat. 14-17 lat) MarLo \u2013 1. miejsce (kat. 10-13 lat) Zombie \u2013 wyr\u00f3\u017cnienie (kat. 10-13 lat) RIO \u2013 wyr\u00f3\u017cnienie (kat. 10-13 lat) Vaiana \u2013 2. miejsce [&hellip;]\" \/>\n<meta property=\"og:url\" content=\"https:\/\/4tutti.pl\/?page_id=6235\" \/>\n<meta property=\"og:site_name\" content=\"Stowarzyszenie 4tutti\" \/>\n<meta property=\"article:modified_time\" content=\"2026-04-19T17:51:56+00:00\" \/>\n<meta property=\"og:image\" content=\"https:\/\/4tutti.pl\/wp-content\/uploads\/2025\/11\/IMG_8924.jpeg\" \/>\n\t<meta property=\"og:image:width\" content=\"914\" \/>\n\t<meta property=\"og:image:height\" content=\"1280\" \/>\n\t<meta property=\"og:image:type\" content=\"image\/jpeg\" \/>\n<meta name=\"twitter:card\" content=\"summary_large_image\" \/>\n<meta name=\"twitter:label1\" content=\"Szacowany czas czytania\" \/>\n\t<meta name=\"twitter:data1\" content=\"7 minut\" \/>\n<script type=\"application\/ld+json\" class=\"yoast-schema-graph\">{\"@context\":\"https:\/\/schema.org\",\"@graph\":[{\"@type\":\"WebPage\",\"@id\":\"https:\/\/4tutti.pl\/?page_id=6235\",\"url\":\"https:\/\/4tutti.pl\/?page_id=6235\",\"name\":\"III TANECZNE HORYZONTY - Stowarzyszenie 4tutti\",\"isPartOf\":{\"@id\":\"https:\/\/4tutti.pl\/#website\"},\"datePublished\":\"2025-11-25T07:38:21+00:00\",\"dateModified\":\"2026-04-19T17:51:56+00:00\",\"breadcrumb\":{\"@id\":\"https:\/\/4tutti.pl\/?page_id=6235#breadcrumb\"},\"inLanguage\":\"pl-PL\",\"potentialAction\":[{\"@type\":\"ReadAction\",\"target\":[\"https:\/\/4tutti.pl\/?page_id=6235\"]}]},{\"@type\":\"BreadcrumbList\",\"@id\":\"https:\/\/4tutti.pl\/?page_id=6235#breadcrumb\",\"itemListElement\":[{\"@type\":\"ListItem\",\"position\":1,\"name\":\"Strona g\u0142\u00f3wna\",\"item\":\"https:\/\/4tutti.pl\/\"},{\"@type\":\"ListItem\",\"position\":2,\"name\":\"Aktualno\u015bci\",\"item\":\"https:\/\/4tutti.pl\/?page_id=525\"},{\"@type\":\"ListItem\",\"position\":3,\"name\":\"TURNIEJE\",\"item\":\"https:\/\/4tutti.pl\/?page_id=3089\"},{\"@type\":\"ListItem\",\"position\":4,\"name\":\"III TANECZNE HORYZONTY\"}]},{\"@type\":\"WebSite\",\"@id\":\"https:\/\/4tutti.pl\/#website\",\"url\":\"https:\/\/4tutti.pl\/\",\"name\":\"Stowarzyszenie 4tutti\",\"description\":\"P\u00f3\u0142kolonie, warsztaty dla dzieci\",\"potentialAction\":[{\"@type\":\"SearchAction\",\"target\":{\"@type\":\"EntryPoint\",\"urlTemplate\":\"https:\/\/4tutti.pl\/?s={search_term_string}\"},\"query-input\":\"required name=search_term_string\"}],\"inLanguage\":\"pl-PL\"}]}<\/script>\n<!-- \/ Yoast SEO plugin. -->","yoast_head_json":{"title":"III TANECZNE HORYZONTY - Stowarzyszenie 4tutti","robots":{"index":"index","follow":"follow","max-snippet":"max-snippet:-1","max-image-preview":"max-image-preview:large","max-video-preview":"max-video-preview:-1"},"canonical":"https:\/\/4tutti.pl\/?page_id=6235","og_locale":"pl_PL","og_type":"article","og_title":"III TANECZNE HORYZONTY - Stowarzyszenie 4tutti","og_description":"III Og\u00f3lnopolski Festiwal Taneczny &#8220;Taneczne Horyzonty&#8221; ju\u017c za nami! a my z dum\u0105 chwalimy si\u0119 sukcesami naszych tancerzy! Grand Prix \u2013 Formacja FlashDance Nasze formacje: TBM \u2013 1. miejsce (kat. 14-17 lat) MarLo \u2013 1. miejsce (kat. 10-13 lat) Zombie \u2013 wyr\u00f3\u017cnienie (kat. 10-13 lat) RIO \u2013 wyr\u00f3\u017cnienie (kat. 10-13 lat) Vaiana \u2013 2. miejsce [&hellip;]","og_url":"https:\/\/4tutti.pl\/?page_id=6235","og_site_name":"Stowarzyszenie 4tutti","article_modified_time":"2026-04-19T17:51:56+00:00","og_image":[{"width":914,"height":1280,"url":"https:\/\/4tutti.pl\/wp-content\/uploads\/2025\/11\/IMG_8924.jpeg","type":"image\/jpeg"}],"twitter_card":"summary_large_image","twitter_misc":{"Szacowany czas czytania":"7 minut"},"schema":{"@context":"https:\/\/schema.org","@graph":[{"@type":"WebPage","@id":"https:\/\/4tutti.pl\/?page_id=6235","url":"https:\/\/4tutti.pl\/?page_id=6235","name":"III TANECZNE HORYZONTY - Stowarzyszenie 4tutti","isPartOf":{"@id":"https:\/\/4tutti.pl\/#website"},"datePublished":"2025-11-25T07:38:21+00:00","dateModified":"2026-04-19T17:51:56+00:00","breadcrumb":{"@id":"https:\/\/4tutti.pl\/?page_id=6235#breadcrumb"},"inLanguage":"pl-PL","potentialAction":[{"@type":"ReadAction","target":["https:\/\/4tutti.pl\/?page_id=6235"]}]},{"@type":"BreadcrumbList","@id":"https:\/\/4tutti.pl\/?page_id=6235#breadcrumb","itemListElement":[{"@type":"ListItem","position":1,"name":"Strona g\u0142\u00f3wna","item":"https:\/\/4tutti.pl\/"},{"@type":"ListItem","position":2,"name":"Aktualno\u015bci","item":"https:\/\/4tutti.pl\/?page_id=525"},{"@type":"ListItem","position":3,"name":"TURNIEJE","item":"https:\/\/4tutti.pl\/?page_id=3089"},{"@type":"ListItem","position":4,"name":"III TANECZNE HORYZONTY"}]},{"@type":"WebSite","@id":"https:\/\/4tutti.pl\/#website","url":"https:\/\/4tutti.pl\/","name":"Stowarzyszenie 4tutti","description":"P\u00f3\u0142kolonie, warsztaty dla dzieci","potentialAction":[{"@type":"SearchAction","target":{"@type":"EntryPoint","urlTemplate":"https:\/\/4tutti.pl\/?s={search_term_string}"},"query-input":"required name=search_term_string"}],"inLanguage":"pl-PL"}]}},"_links":{"self":[{"href":"https:\/\/4tutti.pl\/index.php?rest_route=\/wp\/v2\/pages\/6235","targetHints":{"allow":["GET"]}}],"collection":[{"href":"https:\/\/4tutti.pl\/index.php?rest_route=\/wp\/v2\/pages"}],"about":[{"href":"https:\/\/4tutti.pl\/index.php?rest_route=\/wp\/v2\/types\/page"}],"author":[{"embeddable":true,"href":"https:\/\/4tutti.pl\/index.php?rest_route=\/wp\/v2\/users\/2"}],"replies":[{"embeddable":true,"href":"https:\/\/4tutti.pl\/index.php?rest_route=%2Fwp%2Fv2%2Fcomments&post=6235"}],"version-history":[{"count":11,"href":"https:\/\/4tutti.pl\/index.php?rest_route=\/wp\/v2\/pages\/6235\/revisions"}],"predecessor-version":[{"id":6481,"href":"https:\/\/4tutti.pl\/index.php?rest_route=\/wp\/v2\/pages\/6235\/revisions\/6481"}],"up":[{"embeddable":true,"href":"https:\/\/4tutti.pl\/index.php?rest_route=\/wp\/v2\/pages\/3089"}],"wp:featuredmedia":[{"embeddable":true,"href":"https:\/\/4tutti.pl\/index.php?rest_route=\/wp\/v2\/media\/6247"}],"wp:attachment":[{"href":"https:\/\/4tutti.pl\/index.php?rest_route=%2Fwp%2Fv2%2Fmedia&parent=6235"}],"curies":[{"name":"wp","href":"https:\/\/api.w.org\/{rel}","templated":true}]}}