{"id":6459,"date":"2026-04-07T18:50:01","date_gmt":"2026-04-07T16:50:01","guid":{"rendered":"https:\/\/4tutti.pl\/?page_id=6459"},"modified":"2026-04-15T14:56:02","modified_gmt":"2026-04-15T12:56:02","slug":"lato-w-miescie-2026-2","status":"publish","type":"page","link":"https:\/\/4tutti.pl\/?page_id=6459","title":{"rendered":"LATO W MIE\u015aCIE 2026"},"content":{"rendered":"<blockquote class=\"lQkWXb\" data-animation-nesting=\"\" data-sfc-root=\"c\" data-sfc-cb=\"\" data-processed=\"true\">\n<div class=\"Y3BBE\" data-sfc-cp=\"\" data-sfc-root=\"c\" data-sfc-cb=\"\" data-hveid=\"CA0QAQ\" data-processed=\"true\">\n<p><em><strong>Wakacyjna Przygoda 2026 z 4TUTTI!<\/strong><\/em><\/p>\n<div dir=\"auto\">Szukasz miejsca, gdzie Twoje dziecko prze\u017cyje tydzie\u0144 pe\u0142en emocji i niezapomnianych przyg\u00f3d?<\/div>\n<div dir=\"auto\">&nbsp;<\/div>\n<div dir=\"auto\">Z nami nuda nie wchodzi w gr\u0119 \u2013 s\u0105 \u015bmiech, zabawa i wspomnienia na ca\u0142e lato&nbsp;<img loading=\"lazy\" decoding=\"async\" class=\"an1\" draggable=\"false\" src=\"https:\/\/fonts.gstatic.com\/s\/e\/notoemoji\/17.0\/1f49b\/72.png\" alt=\"\ud83d\udc9b\" width=\"37\" height=\"37\" data-emoji=\"\ud83d\udc9b\" aria-label=\"\ud83d\udc9b\"><\/div>\n<div dir=\"auto\">&nbsp;<\/div>\n<div dir=\"auto\"><img loading=\"lazy\" decoding=\"async\" class=\"an1\" draggable=\"false\" src=\"https:\/\/fonts.gstatic.com\/s\/e\/notoemoji\/17.0\/1f3ac\/72.png\" alt=\"\ud83c\udfac\" width=\"33\" height=\"33\" data-emoji=\"\ud83c\udfac\" aria-label=\"\ud83c\udfac\">&nbsp;Kino<\/div>\n<div dir=\"auto\">Zasiadamy w wygodnych fotelach, w r\u0119ce kubek popcornu i ruszamy w filmow\u0105 przygod\u0119!&nbsp;<\/div>\n<div dir=\"auto\">&nbsp;<\/div>\n<div dir=\"auto\"><img loading=\"lazy\" decoding=\"async\" class=\"an1\" draggable=\"false\" src=\"https:\/\/fonts.gstatic.com\/s\/e\/notoemoji\/17.0\/1f938\/72.png\" alt=\"\ud83e\udd38\" width=\"36\" height=\"36\" data-emoji=\"\ud83e\udd38\" aria-label=\"\ud83e\udd38\">&nbsp;Park trampolin \u2013 skoki do nieba!<\/div>\n<div dir=\"auto\">Energia bez limitu! Salta, wyskoki, zabawa do upad\u0142ego \u2013 dzieci wracaj\u0105 zm\u0119czone\u2026 ale przeszcz\u0119\u015bliwe!<\/div>\n<div dir=\"auto\">&nbsp;<\/div>\n<div dir=\"auto\"><img loading=\"lazy\" decoding=\"async\" class=\"an1\" draggable=\"false\" src=\"https:\/\/fonts.gstatic.com\/s\/e\/notoemoji\/17.0\/1f3f4_200d_2620_fe0f\/72.png\" alt=\"\ud83c\udff4\u200d\u2620\ufe0f\" width=\"40\" height=\"40\" data-emoji=\"\ud83c\udff4\u200d\u2620\ufe0f\" aria-label=\"\ud83c\udff4\u200d\u2620\ufe0f\">&nbsp;Wycieczka do Pirackiego Parku Rozrywki&nbsp;<img loading=\"lazy\" decoding=\"async\" class=\"an1\" draggable=\"false\" src=\"https:\/\/fonts.gstatic.com\/s\/e\/notoemoji\/17.0\/1f525\/72.png\" alt=\"\ud83d\udd25\" width=\"30\" height=\"30\" data-emoji=\"\ud83d\udd25\" aria-label=\"\ud83d\udd25\"><img loading=\"lazy\" decoding=\"async\" class=\"an1\" draggable=\"false\" src=\"https:\/\/fonts.gstatic.com\/s\/e\/notoemoji\/17.0\/1f30b\/72.png\" alt=\"\ud83c\udf0b\" width=\"27\" height=\"27\" data-emoji=\"\ud83c\udf0b\" aria-label=\"\ud83c\udf0b\"><\/div>\n<div dir=\"auto\">Prawdziwa przygoda czeka! Dzieci zamieni\u0105 si\u0119 w pirat\u00f3w, odkryj\u0105 tajemnice i prze\u017cyj\u0105 emocjonuj\u0105c\u0105 misj\u0119 pe\u0142n\u0105 zabawy i wyzwa\u0144.<\/div>\n<div dir=\"auto\">&nbsp;<\/div>\n<div dir=\"auto\"><img loading=\"lazy\" decoding=\"async\" class=\"an1\" draggable=\"false\" src=\"https:\/\/fonts.gstatic.com\/s\/e\/notoemoji\/17.0\/1f3db_fe0f\/72.png\" alt=\"\ud83c\udfdb\ufe0f\" width=\"34\" height=\"34\" data-emoji=\"\ud83c\udfdb\ufe0f\" aria-label=\"\ud83c\udfdb\ufe0f\">&nbsp;Warsztaty w muzeum + s\u0142odka nagroda&nbsp;<img loading=\"lazy\" decoding=\"async\" class=\"an1\" draggable=\"false\" src=\"https:\/\/fonts.gstatic.com\/s\/e\/notoemoji\/17.0\/1f366\/72.png\" alt=\"\ud83c\udf66\" width=\"28\" height=\"28\" data-emoji=\"\ud83c\udf66\" aria-label=\"\ud83c\udf66\"><\/div>\n<div dir=\"auto\">Kreatywno\u015b\u0107 i odkrywanie \u015bwiata w jednym! A na koniec\u2026 pyszne lody dla och\u0142ody i rado\u015bci.<\/div>\n<div dir=\"auto\">&nbsp;<\/div>\n<div dir=\"auto\"><img loading=\"lazy\" decoding=\"async\" class=\"an1\" draggable=\"false\" src=\"https:\/\/fonts.gstatic.com\/s\/e\/notoemoji\/17.0\/1f4a6\/72.png\" alt=\"\ud83d\udca6\" width=\"32\" height=\"32\" data-emoji=\"\ud83d\udca6\" aria-label=\"\ud83d\udca6\">&nbsp;Basen H2Ochla \u2013 wodne szale\u0144stwo!<\/div>\n<div dir=\"auto\">Zje\u017cd\u017calnie, pluskanie i beztroska w wodzie. S\u0142o\u0144ce, zabawa i czysta rado\u015b\u0107 gwarantowane!<\/div>\n<div dir=\"auto\">&nbsp;<\/div>\n<div dir=\"auto\"><img loading=\"lazy\" decoding=\"async\" class=\"an1\" draggable=\"false\" src=\"https:\/\/fonts.gstatic.com\/s\/e\/notoemoji\/17.0\/1f308\/72.png\" alt=\"\ud83c\udf08\" width=\"34\" height=\"34\" data-emoji=\"\ud83c\udf08\" aria-label=\"\ud83c\udf08\">&nbsp;Festiwal Kolor\u00f3w \u2013 eksplozja rado\u015bci!<\/div>\n<div dir=\"auto\">Kolory, \u015bmiech i niesamowita energia! To chwile, kt\u00f3re dzieci zapami\u0119tuj\u0105 na zawsze.<\/div>\n<div dir=\"auto\">&nbsp;<\/div>\n<div dir=\"auto\"><img loading=\"lazy\" decoding=\"async\" class=\"an1\" draggable=\"false\" src=\"https:\/\/fonts.gstatic.com\/s\/e\/notoemoji\/17.0\/1f333\/72.png\" alt=\"\ud83c\udf33\" width=\"34\" height=\"34\" data-emoji=\"\ud83c\udf33\" aria-label=\"\ud83c\udf33\">&nbsp;Codzienna dawka ruchu i integracji<\/div>\n<div dir=\"auto\">Gry zespo\u0142owe, animacje i czas na \u015bwie\u017cym powietrzu \u2013 bo najlepsze wakacje to te, kt\u00f3re \u0142\u0105cz\u0105 ruch, \u015bmiech i nowych przyjaci\u00f3\u0142.<\/div>\n<div dir=\"auto\">&nbsp;<\/div>\n<div dir=\"auto\"><img loading=\"lazy\" decoding=\"async\" class=\"an1\" draggable=\"false\" src=\"https:\/\/fonts.gstatic.com\/s\/e\/notoemoji\/17.0\/1f37d_fe0f\/72.png\" alt=\"\ud83c\udf7d\ufe0f\" width=\"37\" height=\"37\" data-emoji=\"\ud83c\udf7d\ufe0f\" aria-label=\"\ud83c\udf7d\ufe0f\">&nbsp;Komfort dla rodzica<\/div>\n<ul>\n<li dir=\"auto\">&nbsp;Codziennie pyszny obiad <img loading=\"lazy\" decoding=\"async\" class=\"an1\" draggable=\"false\" src=\"https:\/\/fonts.gstatic.com\/s\/e\/notoemoji\/17.0\/1f372\/72.png\" alt=\"\ud83c\udf72\" width=\"19\" height=\"19\" data-emoji=\"\ud83c\udf72\" aria-label=\"\ud83c\udf72\"><\/li>\n<li dir=\"auto\">Opieka do\u015bwiadczonych wychowawc\u00f3w<\/li>\n<li dir=\"auto\">Bezpiecze\u0144stwo i \u015bwietna organizacja<\/li>\n<\/ul>\n<div dir=\"auto\">Ty masz spok\u00f3j \u2013 Twoje dziecko prze\u017cywa przygod\u0119&nbsp;<img loading=\"lazy\" decoding=\"async\" class=\"an1\" draggable=\"false\" src=\"https:\/\/fonts.gstatic.com\/s\/e\/notoemoji\/17.0\/1f49b\/72.png\" alt=\"\ud83d\udc9b\" width=\"33\" height=\"33\" data-emoji=\"\ud83d\udc9b\" aria-label=\"\ud83d\udc9b\"><\/div>\n<div dir=\"auto\">&nbsp;<\/div>\n<div dir=\"auto\"><img loading=\"lazy\" decoding=\"async\" class=\"an1\" draggable=\"false\" src=\"https:\/\/fonts.gstatic.com\/s\/e\/notoemoji\/17.0\/1f5d3_fe0f\/72.png\" alt=\"\ud83d\uddd3\ufe0f\" width=\"24\" height=\"24\" data-emoji=\"\ud83d\uddd3\ufe0f\" aria-label=\"\ud83d\uddd3\ufe0f\">&nbsp;Terminy:<\/div>\n<div dir=\"auto\"><img loading=\"lazy\" decoding=\"async\" class=\"an1\" draggable=\"false\" src=\"https:\/\/fonts.gstatic.com\/s\/e\/notoemoji\/17.0\/2728\/72.png\" alt=\"\u2728\" width=\"28\" height=\"28\" data-emoji=\"\u2728\" aria-label=\"\u2728\">&nbsp;29.06 \u2013 03.07<\/div>\n<div dir=\"auto\"><img loading=\"lazy\" decoding=\"async\" class=\"an1\" draggable=\"false\" src=\"https:\/\/fonts.gstatic.com\/s\/e\/notoemoji\/17.0\/2728\/72.png\" alt=\"\u2728\" width=\"28\" height=\"28\" data-emoji=\"\u2728\" aria-label=\"\u2728\">&nbsp;06.07 \u2013 10.07<\/div>\n<div dir=\"auto\">godziny 7:30 &#8211; 15:45<\/div>\n<div dir=\"auto\">&nbsp;<\/div>\n<div dir=\"auto\"><img loading=\"lazy\" decoding=\"async\" class=\"an1\" draggable=\"false\" src=\"https:\/\/fonts.gstatic.com\/s\/e\/notoemoji\/17.0\/1f4a5\/72.png\" alt=\"\ud83d\udca5\" width=\"30\" height=\"30\" data-emoji=\"\ud83d\udca5\" aria-label=\"\ud83d\udca5\">&nbsp;Dlaczego dzieci to kochaj\u0105?<\/div>\n<div dir=\"auto\"><img loading=\"lazy\" decoding=\"async\" class=\"an1\" draggable=\"false\" src=\"https:\/\/fonts.gstatic.com\/s\/e\/notoemoji\/17.0\/2705\/72.png\" alt=\"\u2705\" width=\"24\" height=\"24\" data-emoji=\"\u2705\" aria-label=\"\u2705\">&nbsp;Ka\u017cdy dzie\u0144 to nowa przygoda<\/div>\n<div dir=\"auto\"><img loading=\"lazy\" decoding=\"async\" class=\"an1\" draggable=\"false\" src=\"https:\/\/fonts.gstatic.com\/s\/e\/notoemoji\/17.0\/2705\/72.png\" alt=\"\u2705\" width=\"25\" height=\"25\" data-emoji=\"\u2705\" aria-label=\"\u2705\">&nbsp;Wracaj\u0105 z u\u015bmiechem zm\u0119czeni&nbsp;<img loading=\"lazy\" decoding=\"async\" class=\"an1\" draggable=\"false\" src=\"https:\/\/fonts.gstatic.com\/s\/e\/notoemoji\/17.0\/1f609\/72.png\" alt=\"\ud83d\ude09\" width=\"28\" height=\"28\" data-emoji=\"\ud83d\ude09\" aria-label=\"\ud83d\ude09\"><\/div>\n<div dir=\"auto\"><img loading=\"lazy\" decoding=\"async\" class=\"an1\" draggable=\"false\" src=\"https:\/\/fonts.gstatic.com\/s\/e\/notoemoji\/17.0\/2705\/72.png\" alt=\"\u2705\" width=\"27\" height=\"27\" data-emoji=\"\u2705\" aria-label=\"\u2705\">&nbsp; Lubi\u0105 zabaw\u0119 i wyzwania<img loading=\"lazy\" decoding=\"async\" class=\"an1\" draggable=\"false\" src=\"https:\/\/fonts.gstatic.com\/s\/e\/notoemoji\/17.0\/2728\/72.png\" alt=\"\u2728\" width=\"27\" height=\"27\" data-emoji=\"\u2728\" aria-label=\"\u2728\"><\/div>\n<div dir=\"auto\">&nbsp;<\/div>\n<div dir=\"auto\">ILO\u015a\u0106 MIEJSC OGRANICZONA !!!&nbsp;<\/div>\n<\/div>\n<\/blockquote>\n<div data-sfc-cp=\"\" data-sfc-root=\"c\" data-sfc-cb=\"\" data-hveid=\"CA0QCQ\" data-processed=\"true\">\n<p>DRUKI DO POPBRANIA W ZAK\u0141ADCE -&gt; OBOZY,P\u00d3\u0141KOLONIE<\/p>\n<\/div>\n","protected":false},"excerpt":{"rendered":"<p>Wakacyjna Przygoda 2026 z 4TUTTI! Szukasz miejsca, gdzie Twoje dziecko prze\u017cyje tydzie\u0144 pe\u0142en emocji i niezapomnianych przyg\u00f3d? &nbsp; Z nami nuda nie wchodzi w gr\u0119 \u2013 s\u0105 \u015bmiech, zabawa i wspomnienia na ca\u0142e lato&nbsp; &nbsp; &nbsp;Kino Zasiadamy w wygodnych fotelach, w r\u0119ce kubek popcornu i ruszamy w filmow\u0105 przygod\u0119!&nbsp; &nbsp; &nbsp;Park trampolin \u2013 skoki do [&hellip;]<\/p>\n","protected":false},"author":2,"featured_media":6462,"parent":2609,"menu_order":0,"comment_status":"closed","ping_status":"closed","template":"","meta":{"ngg_post_thumbnail":0,"footnotes":""},"class_list":["post-6459","page","type-page","status-publish","has-post-thumbnail","hentry"],"yoast_head":"<!-- This site is optimized with the Yoast SEO plugin v19.8 - https:\/\/yoast.com\/wordpress\/plugins\/seo\/ -->\n<title>LATO W MIE\u015aCIE 2026 - Stowarzyszenie 4tutti<\/title>\n<meta name=\"robots\" content=\"index, follow, max-snippet:-1, max-image-preview:large, max-video-preview:-1\" \/>\n<link rel=\"canonical\" href=\"https:\/\/4tutti.pl\/?page_id=6459\" \/>\n<meta property=\"og:locale\" content=\"pl_PL\" \/>\n<meta property=\"og:type\" content=\"article\" \/>\n<meta property=\"og:title\" content=\"LATO W MIE\u015aCIE 2026 - Stowarzyszenie 4tutti\" \/>\n<meta property=\"og:description\" content=\"Wakacyjna Przygoda 2026 z 4TUTTI! Szukasz miejsca, gdzie Twoje dziecko prze\u017cyje tydzie\u0144 pe\u0142en emocji i niezapomnianych przyg\u00f3d? &nbsp; Z nami nuda nie wchodzi w gr\u0119 \u2013 s\u0105 \u015bmiech, zabawa i wspomnienia na ca\u0142e lato&nbsp; &nbsp; &nbsp;Kino Zasiadamy w wygodnych fotelach, w r\u0119ce kubek popcornu i ruszamy w filmow\u0105 przygod\u0119!&nbsp; &nbsp; &nbsp;Park trampolin \u2013 skoki do [&hellip;]\" \/>\n<meta property=\"og:url\" content=\"https:\/\/4tutti.pl\/?page_id=6459\" \/>\n<meta property=\"og:site_name\" content=\"Stowarzyszenie 4tutti\" \/>\n<meta property=\"article:modified_time\" content=\"2026-04-15T12:56:02+00:00\" \/>\n<meta property=\"og:image\" content=\"https:\/\/4tutti.pl\/wp-content\/uploads\/2026\/04\/IMG_9840.jpeg\" \/>\n\t<meta property=\"og:image:width\" content=\"1280\" \/>\n\t<meta property=\"og:image:height\" content=\"1276\" \/>\n\t<meta property=\"og:image:type\" content=\"image\/jpeg\" \/>\n<meta name=\"twitter:card\" content=\"summary_large_image\" \/>\n<meta name=\"twitter:label1\" content=\"Szacowany czas czytania\" \/>\n\t<meta name=\"twitter:data1\" content=\"6 minut\" \/>\n<script type=\"application\/ld+json\" class=\"yoast-schema-graph\">{\"@context\":\"https:\/\/schema.org\",\"@graph\":[{\"@type\":\"WebPage\",\"@id\":\"https:\/\/4tutti.pl\/?page_id=6459\",\"url\":\"https:\/\/4tutti.pl\/?page_id=6459\",\"name\":\"LATO W MIE\u015aCIE 2026 - Stowarzyszenie 4tutti\",\"isPartOf\":{\"@id\":\"https:\/\/4tutti.pl\/#website\"},\"datePublished\":\"2026-04-07T16:50:01+00:00\",\"dateModified\":\"2026-04-15T12:56:02+00:00\",\"breadcrumb\":{\"@id\":\"https:\/\/4tutti.pl\/?page_id=6459#breadcrumb\"},\"inLanguage\":\"pl-PL\",\"potentialAction\":[{\"@type\":\"ReadAction\",\"target\":[\"https:\/\/4tutti.pl\/?page_id=6459\"]}]},{\"@type\":\"BreadcrumbList\",\"@id\":\"https:\/\/4tutti.pl\/?page_id=6459#breadcrumb\",\"itemListElement\":[{\"@type\":\"ListItem\",\"position\":1,\"name\":\"Strona g\u0142\u00f3wna\",\"item\":\"https:\/\/4tutti.pl\/\"},{\"@type\":\"ListItem\",\"position\":2,\"name\":\"Aktualno\u015bci\",\"item\":\"https:\/\/4tutti.pl\/?page_id=525\"},{\"@type\":\"ListItem\",\"position\":3,\"name\":\"NOWO\u015aCI\",\"item\":\"https:\/\/4tutti.pl\/?page_id=2609\"},{\"@type\":\"ListItem\",\"position\":4,\"name\":\"LATO W MIE\u015aCIE 2026\"}]},{\"@type\":\"WebSite\",\"@id\":\"https:\/\/4tutti.pl\/#website\",\"url\":\"https:\/\/4tutti.pl\/\",\"name\":\"Stowarzyszenie 4tutti\",\"description\":\"P\u00f3\u0142kolonie, warsztaty dla dzieci\",\"potentialAction\":[{\"@type\":\"SearchAction\",\"target\":{\"@type\":\"EntryPoint\",\"urlTemplate\":\"https:\/\/4tutti.pl\/?s={search_term_string}\"},\"query-input\":\"required name=search_term_string\"}],\"inLanguage\":\"pl-PL\"}]}<\/script>\n<!-- \/ Yoast SEO plugin. -->","yoast_head_json":{"title":"LATO W MIE\u015aCIE 2026 - Stowarzyszenie 4tutti","robots":{"index":"index","follow":"follow","max-snippet":"max-snippet:-1","max-image-preview":"max-image-preview:large","max-video-preview":"max-video-preview:-1"},"canonical":"https:\/\/4tutti.pl\/?page_id=6459","og_locale":"pl_PL","og_type":"article","og_title":"LATO W MIE\u015aCIE 2026 - Stowarzyszenie 4tutti","og_description":"Wakacyjna Przygoda 2026 z 4TUTTI! Szukasz miejsca, gdzie Twoje dziecko prze\u017cyje tydzie\u0144 pe\u0142en emocji i niezapomnianych przyg\u00f3d? &nbsp; Z nami nuda nie wchodzi w gr\u0119 \u2013 s\u0105 \u015bmiech, zabawa i wspomnienia na ca\u0142e lato&nbsp; &nbsp; &nbsp;Kino Zasiadamy w wygodnych fotelach, w r\u0119ce kubek popcornu i ruszamy w filmow\u0105 przygod\u0119!&nbsp; &nbsp; &nbsp;Park trampolin \u2013 skoki do [&hellip;]","og_url":"https:\/\/4tutti.pl\/?page_id=6459","og_site_name":"Stowarzyszenie 4tutti","article_modified_time":"2026-04-15T12:56:02+00:00","og_image":[{"width":1280,"height":1276,"url":"https:\/\/4tutti.pl\/wp-content\/uploads\/2026\/04\/IMG_9840.jpeg","type":"image\/jpeg"}],"twitter_card":"summary_large_image","twitter_misc":{"Szacowany czas czytania":"6 minut"},"schema":{"@context":"https:\/\/schema.org","@graph":[{"@type":"WebPage","@id":"https:\/\/4tutti.pl\/?page_id=6459","url":"https:\/\/4tutti.pl\/?page_id=6459","name":"LATO W MIE\u015aCIE 2026 - Stowarzyszenie 4tutti","isPartOf":{"@id":"https:\/\/4tutti.pl\/#website"},"datePublished":"2026-04-07T16:50:01+00:00","dateModified":"2026-04-15T12:56:02+00:00","breadcrumb":{"@id":"https:\/\/4tutti.pl\/?page_id=6459#breadcrumb"},"inLanguage":"pl-PL","potentialAction":[{"@type":"ReadAction","target":["https:\/\/4tutti.pl\/?page_id=6459"]}]},{"@type":"BreadcrumbList","@id":"https:\/\/4tutti.pl\/?page_id=6459#breadcrumb","itemListElement":[{"@type":"ListItem","position":1,"name":"Strona g\u0142\u00f3wna","item":"https:\/\/4tutti.pl\/"},{"@type":"ListItem","position":2,"name":"Aktualno\u015bci","item":"https:\/\/4tutti.pl\/?page_id=525"},{"@type":"ListItem","position":3,"name":"NOWO\u015aCI","item":"https:\/\/4tutti.pl\/?page_id=2609"},{"@type":"ListItem","position":4,"name":"LATO W MIE\u015aCIE 2026"}]},{"@type":"WebSite","@id":"https:\/\/4tutti.pl\/#website","url":"https:\/\/4tutti.pl\/","name":"Stowarzyszenie 4tutti","description":"P\u00f3\u0142kolonie, warsztaty dla dzieci","potentialAction":[{"@type":"SearchAction","target":{"@type":"EntryPoint","urlTemplate":"https:\/\/4tutti.pl\/?s={search_term_string}"},"query-input":"required name=search_term_string"}],"inLanguage":"pl-PL"}]}},"_links":{"self":[{"href":"https:\/\/4tutti.pl\/index.php?rest_route=\/wp\/v2\/pages\/6459","targetHints":{"allow":["GET"]}}],"collection":[{"href":"https:\/\/4tutti.pl\/index.php?rest_route=\/wp\/v2\/pages"}],"about":[{"href":"https:\/\/4tutti.pl\/index.php?rest_route=\/wp\/v2\/types\/page"}],"author":[{"embeddable":true,"href":"https:\/\/4tutti.pl\/index.php?rest_route=\/wp\/v2\/users\/2"}],"replies":[{"embeddable":true,"href":"https:\/\/4tutti.pl\/index.php?rest_route=%2Fwp%2Fv2%2Fcomments&post=6459"}],"version-history":[{"count":5,"href":"https:\/\/4tutti.pl\/index.php?rest_route=\/wp\/v2\/pages\/6459\/revisions"}],"predecessor-version":[{"id":6477,"href":"https:\/\/4tutti.pl\/index.php?rest_route=\/wp\/v2\/pages\/6459\/revisions\/6477"}],"up":[{"embeddable":true,"href":"https:\/\/4tutti.pl\/index.php?rest_route=\/wp\/v2\/pages\/2609"}],"wp:featuredmedia":[{"embeddable":true,"href":"https:\/\/4tutti.pl\/index.php?rest_route=\/wp\/v2\/media\/6462"}],"wp:attachment":[{"href":"https:\/\/4tutti.pl\/index.php?rest_route=%2Fwp%2Fv2%2Fmedia&parent=6459"}],"curies":[{"name":"wp","href":"https:\/\/api.w.org\/{rel}","templated":true}]}}